{"id":44861,"date":"2024-08-18T09:33:23","date_gmt":"2024-08-18T09:33:23","guid":{"rendered":"https:\/\/staging.nbg.eu\/product\/daa-toolhead-led-lighting-pcb-dillon-1050-1100\/"},"modified":"2024-09-10T11:21:14","modified_gmt":"2024-09-10T11:21:14","slug":"daa-led-osvetleni-hlavy-nastroju-pcb-dillon-10501100","status":"publish","type":"product","link":"https:\/\/staging.nbg.eu\/cs\/produkt\/daa-led-osvetleni-hlavy-nastroju-pcb-dillon-10501100\/","title":{"rendered":"Daa LED osv\u011btlen\u00ed hlavy n\u00e1stroj\u016f PCB &#8211; Dillon 1050\/1100"},"content":{"rendered":"<h2>LED osv\u011btlen\u00ed hlavy n\u00e1stroj\u016f DAA &#8211; Dillon 1050\/1100<\/h2>\n<p>Vylep\u0161ete sv\u016fj z\u00e1\u017eitek z p\u0159eb\u00edjen\u00ed s LED osv\u011btlen\u00edm hlavy n\u00e1stroj\u016f DAA pro Dillon 1050\/1100. Tato vysoce kvalitn\u00ed hlin\u00edkov\u00e1 deska plo\u0161n\u00fdch spoj\u016f nab\u00edz\u00ed:<\/p>\n<ul>\n<li>8 jasn\u00fdch LED sv\u011btel pro dokonal\u00e9 osv\u011btlen\u00ed pod\u00e1vac\u00ed desky<\/li>\n<li>B\u00edlou barvu pro zv\u00fd\u0161en\u00fd odraz sv\u011btla<\/li>\n<li>P\u0159edem nanesenou oboustrannou lepic\u00ed p\u00e1sku pro snadnou instalaci<\/li>\n<li>Kompatibilitu s \u0159\u00eddic\u00ed jednotkou DAA (prod\u00e1v\u00e1 se samostatn\u011b)<\/li>\n<li>Funkci stm\u00edva\u010de pro p\u0159izp\u016fsobiteln\u00e9 osv\u011btlen\u00ed<\/li>\n<\/ul>\n<p>Sni\u017ete nam\u00e1h\u00e1n\u00ed o\u010d\u00ed a minimalizujte chyby b\u011bhem p\u0159eb\u00edjen\u00ed. Jednoduch\u00fd design umo\u017e\u0148uje cenov\u011b efektivn\u00ed nastaven\u00ed v\u00edce hlav n\u00e1stroj\u016f. Kompatibiln\u00ed s hlavou n\u00e1stroj\u016f Dillon CP2000 (stanice 4 mus\u00ed z\u016fstat voln\u00e1). Vylep\u0161ete svou p\u0159eb\u00edjec\u00ed stanici je\u0161t\u011b dnes!<\/p>\n","protected":false},"excerpt":{"rendered":"<p>Jasn\u00e9 LED osv\u011btlen\u00ed pro p\u0159eb\u00edjen\u00ed Dillon 1050\/1100, zlep\u0161uje viditelnost.<\/p>\n","protected":false},"featured_media":27231,"template":"","meta":{"_acf_changed":false},"product_brand":[11265],"product_cat":[12705,12659],"product_tag":[],"class_list":{"0":"post-44861","1":"product","2":"type-product","3":"status-publish","4":"has-post-thumbnail","6":"product_brand-doublealpha","7":"product_cat-prebijeni","8":"product_cat-prislusenstvi-pro-prebijeni","10":"first","11":"outofstock","12":"taxable","13":"shipping-taxable","14":"purchasable","15":"product-type-simple"},"acf":[],"_links":{"self":[{"href":"https:\/\/staging.nbg.eu\/cs\/wp-json\/wp\/v2\/product\/44861","targetHints":{"allow":["GET"]}}],"collection":[{"href":"https:\/\/staging.nbg.eu\/cs\/wp-json\/wp\/v2\/product"}],"about":[{"href":"https:\/\/staging.nbg.eu\/cs\/wp-json\/wp\/v2\/types\/product"}],"wp:featuredmedia":[{"embeddable":true,"href":"https:\/\/staging.nbg.eu\/cs\/wp-json\/wp\/v2\/media\/27231"}],"wp:attachment":[{"href":"https:\/\/staging.nbg.eu\/cs\/wp-json\/wp\/v2\/media?parent=44861"}],"wp:term":[{"taxonomy":"product_brand","embeddable":true,"href":"https:\/\/staging.nbg.eu\/cs\/wp-json\/wp\/v2\/product_brand?post=44861"},{"taxonomy":"product_cat","embeddable":true,"href":"https:\/\/staging.nbg.eu\/cs\/wp-json\/wp\/v2\/product_cat?post=44861"},{"taxonomy":"product_tag","embeddable":true,"href":"https:\/\/staging.nbg.eu\/cs\/wp-json\/wp\/v2\/product_tag?post=44861"}],"curies":[{"name":"wp","href":"https:\/\/api.w.org\/{rel}","templated":true}]}}