{"id":44817,"date":"2024-08-18T09:34:28","date_gmt":"2024-08-18T09:34:28","guid":{"rendered":"https:\/\/staging.nbg.eu\/product\/daa-magnet-with-m5-screw-for-rm-pouch\/"},"modified":"2024-09-10T11:11:07","modified_gmt":"2024-09-10T11:11:07","slug":"daa-magnet-s-sroubem-m5","status":"publish","type":"product","link":"https:\/\/staging.nbg.eu\/cs\/produkt\/daa-magnet-s-sroubem-m5\/","title":{"rendered":"D\u0410\u0410 magnet s \u0161roubem M5"},"content":{"rendered":"<h2>DAA Super-siln\u00fd magnet pro pouzdra Alpha-Xi\/X a Race Master<\/h2>\n<p>Vylep\u0161ete sv\u00e9 st\u0159eleck\u00e9 vybaven\u00ed na\u0161imi v\u00fdkonn\u00fdmi DAA Super-siln\u00fdmi magnety, navr\u017een\u00fdmi pro pouzdra Alpha-Xi, Alpha-X a Race Master.<\/p>\n<ul>\n<li>Pozinkovan\u00fd pro odolnost<\/li>\n<li>P\u016fsobiv\u00e1 p\u0159\u00eddr\u017en\u00e1 s\u00edla 87 kg<\/li>\n<li>Pr\u016fm\u011br 50 mm, tlou\u0161\u0165ka 12 mm (v\u010detn\u011b pouzdra)<\/li>\n<li>Bezpe\u010dn\u00e9 upevn\u011bn\u00ed pomoc\u00ed \u0161roubu M5<\/li>\n<\/ul>\n<p>Instalace je jednoduch\u00e1:<\/p>\n<ol>\n<li>Vy\u0159e\u017ete 4,2mm otvor v p\u0159edn\u00ed \u010d\u00e1sti pouzdra z\u00e1vitn\u00edkem M5<\/li>\n<li>Opatrn\u011b na\u0161roubujte magnet<\/li>\n<li>Zajist\u011bte pomoc\u00ed LockTite pro v\u011bt\u0161\u00ed stabilitu<\/li>\n<\/ol>\n<p>Za\u017eijte jist\u00e9 um\u00edst\u011bn\u00ed a uchycen\u00ed z\u00e1sobn\u00edku b\u011bhem dynamick\u00fdch pohyb\u016f. Vylep\u0161ete sv\u00e9 pouzdro je\u0161t\u011b dnes pro zv\u00fd\u0161en\u00fd v\u00fdkon!<\/p>\n","protected":false},"excerpt":{"rendered":"<p>Siln\u00fd \u0161roubov\u00fd magnet M5 pro pouzdra Alpha-Xi\/X a Race Master.<\/p>\n","protected":false},"featured_media":27323,"template":"","meta":{"_acf_changed":false},"product_brand":[11265],"product_cat":[12663,12696,12701],"product_tag":[],"class_list":{"0":"post-44817","1":"product","2":"type-product","3":"status-publish","4":"has-post-thumbnail","6":"product_brand-doublealpha","7":"product_cat-pouzdro","8":"product_cat-prislusenstvi-k-pouzdru","9":"product_cat-sportovni-pouzdro","11":"first","12":"instock","13":"taxable","14":"shipping-taxable","15":"purchasable","16":"product-type-simple"},"acf":[],"_links":{"self":[{"href":"https:\/\/staging.nbg.eu\/cs\/wp-json\/wp\/v2\/product\/44817","targetHints":{"allow":["GET"]}}],"collection":[{"href":"https:\/\/staging.nbg.eu\/cs\/wp-json\/wp\/v2\/product"}],"about":[{"href":"https:\/\/staging.nbg.eu\/cs\/wp-json\/wp\/v2\/types\/product"}],"wp:featuredmedia":[{"embeddable":true,"href":"https:\/\/staging.nbg.eu\/cs\/wp-json\/wp\/v2\/media\/27323"}],"wp:attachment":[{"href":"https:\/\/staging.nbg.eu\/cs\/wp-json\/wp\/v2\/media?parent=44817"}],"wp:term":[{"taxonomy":"product_brand","embeddable":true,"href":"https:\/\/staging.nbg.eu\/cs\/wp-json\/wp\/v2\/product_brand?post=44817"},{"taxonomy":"product_cat","embeddable":true,"href":"https:\/\/staging.nbg.eu\/cs\/wp-json\/wp\/v2\/product_cat?post=44817"},{"taxonomy":"product_tag","embeddable":true,"href":"https:\/\/staging.nbg.eu\/cs\/wp-json\/wp\/v2\/product_tag?post=44817"}],"curies":[{"name":"wp","href":"https:\/\/api.w.org\/{rel}","templated":true}]}}