{"id":44795,"date":"2024-08-18T09:35:16","date_gmt":"2024-08-18T09:35:16","guid":{"rendered":"https:\/\/staging.nbg.eu\/product\/daa-4-pack-magnetic-collars-for-primer-tube\/"},"modified":"2024-09-10T11:05:33","modified_gmt":"2024-09-10T11:05:33","slug":"daa-4-baleni-magnetickych-krouzku-pro-trubicky-zapalek","status":"publish","type":"product","link":"https:\/\/staging.nbg.eu\/cs\/produkt\/daa-4-baleni-magnetickych-krouzku-pro-trubicky-zapalek\/","title":{"rendered":"Daa 4-balen\u00ed magnetick\u00fdch krou\u017ek\u016f pro trubi\u010dky z\u00e1palek"},"content":{"rendered":"<div class=\"product-description\">\n<h2>DAA 4-pack magnetick\u00fdch l\u00edmc\u016f pro z\u00e1sobn\u00edky z\u00e1palek<\/h2>\n<p>Zvy\u0161te efektivitu va\u0161eho p\u0159eb\u00edjen\u00ed s 4-packem magnetick\u00fdch l\u00edmc\u016f DAA, navr\u017een\u00fdch speci\u00e1ln\u011b pro pou\u017eit\u00ed s plnic\u00edmi trubicemi Dillon a kol\u00e1torem z\u00e1palek PRIMER-PRO.<\/p>\n<ul>\n<li>Sada obsahuje 4 polymerov\u00e9 l\u00edmce se zaji\u0161t\u011bn\u00fdmi magnety a stav\u011bc\u00edmi \u0161rouby<\/li>\n<li>Kompatibiln\u00ed se z\u00e1sobn\u00edky z\u00e1palek Dillon<\/li>\n<li>Ide\u00e1ln\u00ed pro p\u0159edpln\u011bn\u00ed v\u00edce z\u00e1sobn\u00edk\u016f p\u0159ed zah\u00e1jen\u00edm p\u0159eb\u00edjen\u00ed<\/li>\n<li>Odstra\u0148uje pot\u0159ebu \u010dast\u00e9ho n\u00e1vratu k jednotce PRIMER-PRO<\/li>\n<li>Perfektn\u00ed dopln\u011bk k PRIMER-PRO, kter\u00fd se dod\u00e1v\u00e1 s jedn\u00edm magnetick\u00fdm l\u00edmcem<\/li>\n<\/ul>\n<p><strong>Pozn\u00e1mka:<\/strong> Z\u00e1sobn\u00edky z\u00e1palek NEJSOU sou\u010d\u00e1st\u00ed balen\u00ed.<\/p>\n<p>Optimalizujte sv\u016fj pracovn\u00ed postup p\u0159i p\u0159eb\u00edjen\u00ed a u\u0161et\u0159ete \u010das s t\u011bmito dal\u0161\u00edmi magnetick\u00fdmi l\u00edmci, kter\u00e9 v\u00e1m umo\u017en\u00ed p\u0159ipravit si dop\u0159edu v\u00edce z\u00e1sobn\u00edk\u016f z\u00e1palek.<\/p>\n<\/div>\n","protected":false},"excerpt":{"rendered":"<p>4 magnetick\u00e9 krou\u017eky pro pln\u00edc\u00ed trubky z\u00e1palek Dillon. Pou\u017e\u00edvejte s PRIMER-PRO.<\/p>\n","protected":false},"featured_media":27346,"template":"","meta":{"_acf_changed":false},"product_brand":[11265],"product_cat":[12705,12659],"product_tag":[],"class_list":{"0":"post-44795","1":"product","2":"type-product","3":"status-publish","4":"has-post-thumbnail","6":"product_brand-doublealpha","7":"product_cat-prebijeni","8":"product_cat-prislusenstvi-pro-prebijeni","10":"first","11":"outofstock","12":"taxable","13":"shipping-taxable","14":"purchasable","15":"product-type-simple"},"acf":[],"_links":{"self":[{"href":"https:\/\/staging.nbg.eu\/cs\/wp-json\/wp\/v2\/product\/44795","targetHints":{"allow":["GET"]}}],"collection":[{"href":"https:\/\/staging.nbg.eu\/cs\/wp-json\/wp\/v2\/product"}],"about":[{"href":"https:\/\/staging.nbg.eu\/cs\/wp-json\/wp\/v2\/types\/product"}],"wp:featuredmedia":[{"embeddable":true,"href":"https:\/\/staging.nbg.eu\/cs\/wp-json\/wp\/v2\/media\/27346"}],"wp:attachment":[{"href":"https:\/\/staging.nbg.eu\/cs\/wp-json\/wp\/v2\/media?parent=44795"}],"wp:term":[{"taxonomy":"product_brand","embeddable":true,"href":"https:\/\/staging.nbg.eu\/cs\/wp-json\/wp\/v2\/product_brand?post=44795"},{"taxonomy":"product_cat","embeddable":true,"href":"https:\/\/staging.nbg.eu\/cs\/wp-json\/wp\/v2\/product_cat?post=44795"},{"taxonomy":"product_tag","embeddable":true,"href":"https:\/\/staging.nbg.eu\/cs\/wp-json\/wp\/v2\/product_tag?post=44795"}],"curies":[{"name":"wp","href":"https:\/\/api.w.org\/{rel}","templated":true}]}}