{"id":44773,"date":"2024-08-18T09:35:34","date_gmt":"2024-08-18T09:35:34","guid":{"rendered":"https:\/\/staging.nbg.eu\/product\/mr-bulletfeeder-pro-dropper-assembly-9-38s\/"},"modified":"2024-09-10T10:58:48","modified_gmt":"2024-09-10T10:58:48","slug":"mr-bulletfeeder-pro-davkovaci-jednotka-938s","status":"publish","type":"product","link":"https:\/\/staging.nbg.eu\/cs\/produkt\/mr-bulletfeeder-pro-davkovaci-jednotka-938s\/","title":{"rendered":"Mr. Bulletfeeder Pro d\u00e1vkovac\u00ed jednotka 9\/38S"},"content":{"rendered":"<p>Vylep\u0161ete svou p\u0159eb\u00edjec\u00ed sestavu s <strong>Mr. Bulletfeeder Pro Dropper Assembly 9\/38S<\/strong>. Tato vylep\u0161en\u00e1 komponenta se vyzna\u010duje:<\/p>\n<ul>\n<li>Vylep\u0161en\u00fdm v\u00fdkonem poh\u00e1n\u011bn\u00fdm gravitac\u00ed<\/li>\n<li>Dvojn\u00e1sobn\u011b dlouhou mosaznou sekc\u00ed pro zv\u00fd\u0161enou hmotnost a spolehlivost<\/li>\n<li>Celoocelovou sekc\u00ed matrice pro v\u011bt\u0161\u00ed odolnost<\/li>\n<li>Zabra\u0148uje zasek\u00e1v\u00e1n\u00ed zp\u016fsoben\u00e9mu nap\u011bt\u00edm pod\u00e1vac\u00ed pru\u017einy nebo t\u0159en\u00edm<\/li>\n<li>Navr\u017eeno pro p\u0159eb\u00edje\u010de s vysok\u00fdm objemem<\/li>\n<\/ul>\n<p>Za\u017eijte konzistentn\u00ed a efektivn\u00ed pod\u00e1v\u00e1n\u00ed st\u0159el s touto profesion\u00e1ln\u00ed d\u00e1vkovac\u00ed sestavou.<\/p>\n","protected":false},"excerpt":{"rendered":"<p>Vylep\u0161en\u00fd, t\u011b\u017e\u0161\u00ed podava\u010d pro spolehliv\u00e9 pod\u00e1v\u00e1n\u00ed n\u00e1boj\u016f. Ocelov\u00e9 d\u00edly pro dlouhou \u017eivotnost.<\/p>\n","protected":false},"featured_media":27369,"template":"","meta":{"_acf_changed":false},"product_brand":[11265],"product_cat":[12705,12659],"product_tag":[],"class_list":{"0":"post-44773","1":"product","2":"type-product","3":"status-publish","4":"has-post-thumbnail","6":"product_brand-doublealpha","7":"product_cat-prebijeni","8":"product_cat-prislusenstvi-pro-prebijeni","10":"first","11":"outofstock","12":"taxable","13":"shipping-taxable","14":"purchasable","15":"product-type-simple"},"acf":[],"_links":{"self":[{"href":"https:\/\/staging.nbg.eu\/cs\/wp-json\/wp\/v2\/product\/44773","targetHints":{"allow":["GET"]}}],"collection":[{"href":"https:\/\/staging.nbg.eu\/cs\/wp-json\/wp\/v2\/product"}],"about":[{"href":"https:\/\/staging.nbg.eu\/cs\/wp-json\/wp\/v2\/types\/product"}],"wp:featuredmedia":[{"embeddable":true,"href":"https:\/\/staging.nbg.eu\/cs\/wp-json\/wp\/v2\/media\/27369"}],"wp:attachment":[{"href":"https:\/\/staging.nbg.eu\/cs\/wp-json\/wp\/v2\/media?parent=44773"}],"wp:term":[{"taxonomy":"product_brand","embeddable":true,"href":"https:\/\/staging.nbg.eu\/cs\/wp-json\/wp\/v2\/product_brand?post=44773"},{"taxonomy":"product_cat","embeddable":true,"href":"https:\/\/staging.nbg.eu\/cs\/wp-json\/wp\/v2\/product_cat?post=44773"},{"taxonomy":"product_tag","embeddable":true,"href":"https:\/\/staging.nbg.eu\/cs\/wp-json\/wp\/v2\/product_tag?post=44773"}],"curies":[{"name":"wp","href":"https:\/\/api.w.org\/{rel}","templated":true}]}}