{"id":44725,"date":"2024-08-18T09:36:04","date_gmt":"2024-08-18T09:36:04","guid":{"rendered":"https:\/\/staging.nbg.eu\/product\/lynx-belt-buckle-roll-pins-50bag\/"},"modified":"2024-09-10T09:19:15","modified_gmt":"2024-09-10T09:19:15","slug":"lynx-pasek-spona-koliky-50ks","status":"publish","type":"product","link":"https:\/\/staging.nbg.eu\/cs\/produkt\/lynx-pasek-spona-koliky-50ks\/","title":{"rendered":"Lynx p\u00e1sek spona kol\u00edky (50ks)"},"content":{"rendered":"<p>\nN\u00e1hradn\u00ed kol\u00edky pro p\u0159ezky p\u00e1sk\u016f Lynx. Balen\u00ed obsahuje 50 kol\u00edk\u016f. Nezbytn\u00e9 pro mont\u00e1\u017e a opravy p\u00e1sk\u016f Lynx. Zajist\u00ed bezpe\u010dn\u00e9 upevn\u011bn\u00ed va\u0161\u00ed p\u0159ezky Lynx.<\/p>\n","protected":false},"excerpt":{"rendered":"<p>N\u00e1hradn\u00ed kol\u00edky pro p\u0159ezky p\u00e1sk\u016f Lynx (50 ks v balen\u00ed): Dodate\u010dn\u00e9 kol\u00edky pro va\u0161e p\u00e1sky Lynx.<\/p>\n","protected":false},"featured_media":27438,"template":"","meta":{"_acf_changed":false},"product_brand":[11265],"product_cat":[12679,12676],"product_tag":[],"class_list":{"0":"post-44725","1":"product","2":"type-product","3":"status-publish","4":"has-post-thumbnail","6":"product_brand-doublealpha","7":"product_cat-sportovni-pasy","8":"product_cat-vybaveni","10":"first","11":"instock","12":"taxable","13":"shipping-taxable","14":"purchasable","15":"product-type-simple"},"acf":[],"_links":{"self":[{"href":"https:\/\/staging.nbg.eu\/cs\/wp-json\/wp\/v2\/product\/44725","targetHints":{"allow":["GET"]}}],"collection":[{"href":"https:\/\/staging.nbg.eu\/cs\/wp-json\/wp\/v2\/product"}],"about":[{"href":"https:\/\/staging.nbg.eu\/cs\/wp-json\/wp\/v2\/types\/product"}],"wp:featuredmedia":[{"embeddable":true,"href":"https:\/\/staging.nbg.eu\/cs\/wp-json\/wp\/v2\/media\/27438"}],"wp:attachment":[{"href":"https:\/\/staging.nbg.eu\/cs\/wp-json\/wp\/v2\/media?parent=44725"}],"wp:term":[{"taxonomy":"product_brand","embeddable":true,"href":"https:\/\/staging.nbg.eu\/cs\/wp-json\/wp\/v2\/product_brand?post=44725"},{"taxonomy":"product_cat","embeddable":true,"href":"https:\/\/staging.nbg.eu\/cs\/wp-json\/wp\/v2\/product_cat?post=44725"},{"taxonomy":"product_tag","embeddable":true,"href":"https:\/\/staging.nbg.eu\/cs\/wp-json\/wp\/v2\/product_tag?post=44725"}],"curies":[{"name":"wp","href":"https:\/\/api.w.org\/{rel}","templated":true}]}}