{"id":44703,"date":"2024-08-18T09:36:21","date_gmt":"2024-08-18T09:36:21","guid":{"rendered":"https:\/\/staging.nbg.eu\/product\/ced-deluxe-quick-patch-tape-gun\/"},"modified":"2024-09-10T09:15:49","modified_gmt":"2024-09-10T09:15:49","slug":"ced-deluxe-rychla-zaplatovaci-lepici-paska-s-aplikatorem","status":"publish","type":"product","link":"https:\/\/staging.nbg.eu\/cs\/produkt\/ced-deluxe-rychla-zaplatovaci-lepici-paska-s-aplikatorem\/","title":{"rendered":"Ced Deluxe rychl\u00e1 z\u00e1platovac\u00ed lepic\u00ed p\u00e1ska s aplik\u00e1torem"},"content":{"rendered":"<p>P\u0159edstavujeme CED Deluxe Quick Patch Tape Gun: Dokonal\u00e9 \u0159e\u0161en\u00ed pro z\u00e1platov\u00e1n\u00ed d\u011br v ter\u010d\u00edch!<\/p>\n<ul>\n<li>Rychlej\u0161\u00ed a snadn\u011bj\u0161\u00ed ne\u017e ru\u010dn\u00ed z\u00e1platov\u00e1n\u00ed<\/li>\n<li>Kompatibiln\u00ed s v\u011bt\u0161inou z\u00e1plat standardn\u00ed velikosti<\/li>\n<li>Jednoduch\u00e9 ovl\u00e1d\u00e1n\u00ed stisknut\u00edm a uvoln\u011bn\u00edm<\/li>\n<li>Snadn\u00e9 m\u00ed\u0159en\u00ed, pou\u017eit\u00ed a nab\u00edjen\u00ed<\/li>\n<li>Zvy\u0161uje efektivitu a \u0161et\u0159\u00ed \u010das<\/li>\n<li>Z\u00e1bavn\u00e9 a beznam\u00e1hav\u00e9 pou\u017eit\u00ed<\/li>\n<\/ul>\n<p>Vylep\u0161ete sv\u016fj st\u0159eleck\u00fd tr\u00e9nink s CED Deluxe Tape Gun &#8211; v\u0161estrann\u00fdm n\u00e1strojem pro rychl\u00e9 a efektivn\u00ed z\u00e1platov\u00e1n\u00ed!<\/p>\n","protected":false},"excerpt":{"rendered":"<p>Efektivn\u00ed n\u00e1stroj pro opravu ter\u010d\u016f. Snadn\u00e9 pou\u017eit\u00ed, nab\u00edjen\u00ed a m\u00ed\u0159en\u00ed. Z\u00e1bavn\u00e9!<\/p>\n","protected":false},"featured_media":27507,"template":"","meta":{"_acf_changed":false},"product_brand":[11265],"product_cat":[12682,12707,12674],"product_tag":[],"class_list":{"0":"post-44703","1":"product","2":"type-product","3":"status-publish","4":"has-post-thumbnail","6":"product_brand-doublealpha","7":"product_cat-papirove-terce","8":"product_cat-terce","9":"product_cat-zaplaty-a-cistici-snury","11":"first","12":"instock","13":"taxable","14":"shipping-taxable","15":"purchasable","16":"product-type-simple"},"acf":[],"_links":{"self":[{"href":"https:\/\/staging.nbg.eu\/cs\/wp-json\/wp\/v2\/product\/44703","targetHints":{"allow":["GET"]}}],"collection":[{"href":"https:\/\/staging.nbg.eu\/cs\/wp-json\/wp\/v2\/product"}],"about":[{"href":"https:\/\/staging.nbg.eu\/cs\/wp-json\/wp\/v2\/types\/product"}],"wp:featuredmedia":[{"embeddable":true,"href":"https:\/\/staging.nbg.eu\/cs\/wp-json\/wp\/v2\/media\/27507"}],"wp:attachment":[{"href":"https:\/\/staging.nbg.eu\/cs\/wp-json\/wp\/v2\/media?parent=44703"}],"wp:term":[{"taxonomy":"product_brand","embeddable":true,"href":"https:\/\/staging.nbg.eu\/cs\/wp-json\/wp\/v2\/product_brand?post=44703"},{"taxonomy":"product_cat","embeddable":true,"href":"https:\/\/staging.nbg.eu\/cs\/wp-json\/wp\/v2\/product_cat?post=44703"},{"taxonomy":"product_tag","embeddable":true,"href":"https:\/\/staging.nbg.eu\/cs\/wp-json\/wp\/v2\/product_tag?post=44703"}],"curies":[{"name":"wp","href":"https:\/\/api.w.org\/{rel}","templated":true}]}}