{"id":44681,"date":"2024-08-18T09:36:41","date_gmt":"2024-08-18T09:36:41","guid":{"rendered":"https:\/\/staging.nbg.eu\/product\/mr-bulletfeeder-pro-9-38s\/"},"modified":"2024-09-10T09:12:00","modified_gmt":"2024-09-10T09:12:00","slug":"mrbulletfeeder-pro-938s","status":"publish","type":"product","link":"https:\/\/staging.nbg.eu\/cs\/produkt\/mrbulletfeeder-pro-938s\/","title":{"rendered":"Mr.Bulletfeeder Pro 9\/38S"},"content":{"rendered":"<div class=\"product-description\">\n<h2>Mr.Bulletfeeder Pro 9\/38S<\/h2>\n<p>Zlep\u0161ete sv\u016fj proces p\u0159eb\u00edjen\u00ed s Mr.Bulletfeeder Pro 9\/38S, dokonal\u00fdm \u0159e\u0161en\u00edm pro velkokapacitn\u00ed v\u00fdrobu st\u0159eliva. Tento pokro\u010dil\u00fd podava\u010d st\u0159el se py\u0161n\u00ed:<\/p>\n<ul>\n<li>Obrovskou kapacitou: Pojme v\u00edce ne\u017e 1 000 st\u0159el 9mm 124 gr<\/li>\n<li>P\u016fsobiv\u00fdm v\u00fdkonem: A\u017e 7 200 st\u0159el za hodinu<\/li>\n<li>Robustn\u00ed konstrukc\u00ed: Ocelov\u00e1 pod\u00e1vac\u00ed matrice pro zv\u00fd\u0161enou odolnost<\/li>\n<li>Nastaviteln\u00fdm stojanem: Hlin\u00edkov\u00fd, teleskopick\u00fd a v\u00fd\u0161kov\u011b nastaviteln\u00fd pro optim\u00e1ln\u00ed polohov\u00e1n\u00ed<\/li>\n<li>Vylep\u0161enou spolehlivost\u00ed: T\u011b\u017e\u0161\u00ed komponenty zaji\u0161\u0165uj\u00ed konzistentn\u00ed v\u00fdkon<\/li>\n<\/ul>\n<p>Ide\u00e1ln\u00ed pro komer\u010dn\u00ed p\u0159eb\u00edje\u010de a st\u0159elce s vysokou spot\u0159ebou, Mr.Bulletfeeder Pro 9\/38S zefektiv\u0148uje proces v\u00fdroby va\u0161eho st\u0159eliva, \u0161et\u0159\u00ed \u010das a n\u00e1mahu.<\/p>\n<\/div>\n","protected":false},"excerpt":{"rendered":"<p>Mr.Bulletfeeder Pro 9\/38S: Podava\u010d n\u00e1boj\u016f s vysokou kapacitou pro v\u00e1\u017en\u00e9 p\u0159eb\u00edje\u010de.<\/p>\n","protected":false},"featured_media":27530,"template":"","meta":{"_acf_changed":false},"product_brand":[11265],"product_cat":[12677,12705],"product_tag":[],"class_list":{"0":"post-44681","1":"product","2":"type-product","3":"status-publish","4":"has-post-thumbnail","6":"product_brand-doublealpha","7":"product_cat-prebijeci-stroje","8":"product_cat-prebijeni","10":"first","11":"outofstock","12":"taxable","13":"shipping-taxable","14":"purchasable","15":"product-type-simple"},"acf":[],"_links":{"self":[{"href":"https:\/\/staging.nbg.eu\/cs\/wp-json\/wp\/v2\/product\/44681","targetHints":{"allow":["GET"]}}],"collection":[{"href":"https:\/\/staging.nbg.eu\/cs\/wp-json\/wp\/v2\/product"}],"about":[{"href":"https:\/\/staging.nbg.eu\/cs\/wp-json\/wp\/v2\/types\/product"}],"wp:featuredmedia":[{"embeddable":true,"href":"https:\/\/staging.nbg.eu\/cs\/wp-json\/wp\/v2\/media\/27530"}],"wp:attachment":[{"href":"https:\/\/staging.nbg.eu\/cs\/wp-json\/wp\/v2\/media?parent=44681"}],"wp:term":[{"taxonomy":"product_brand","embeddable":true,"href":"https:\/\/staging.nbg.eu\/cs\/wp-json\/wp\/v2\/product_brand?post=44681"},{"taxonomy":"product_cat","embeddable":true,"href":"https:\/\/staging.nbg.eu\/cs\/wp-json\/wp\/v2\/product_cat?post=44681"},{"taxonomy":"product_tag","embeddable":true,"href":"https:\/\/staging.nbg.eu\/cs\/wp-json\/wp\/v2\/product_tag?post=44681"}],"curies":[{"name":"wp","href":"https:\/\/api.w.org\/{rel}","templated":true}]}}