{"id":44659,"date":"2024-08-18T09:37:01","date_gmt":"2024-08-18T09:37:01","guid":{"rendered":"https:\/\/staging.nbg.eu\/product\/daa-carry-it-all-cia-backpack\/"},"modified":"2024-09-10T09:08:22","modified_gmt":"2024-09-10T09:08:22","slug":"daa-carry-it-all-cia-batoh","status":"publish","type":"product","link":"https:\/\/staging.nbg.eu\/cs\/produkt\/daa-carry-it-all-cia-batoh\/","title":{"rendered":"Daa Carry It All (Cia) batoh"},"content":{"rendered":"<h2>DAA Carry It All (CIA) Batoh<\/h2>\n<p>Dokonal\u00fd spole\u010dn\u00edk na st\u0159elnici pro oddan\u00e9 st\u0159elce IPSC, batoh Double-Alpha CIA je navr\u017een tak, aby splnil a p\u0159ekonal va\u0161e o\u010dek\u00e1v\u00e1n\u00ed.<\/p>\n<h2>Kl\u00ed\u010dov\u00e9 vlastnosti:<\/h2>\n<ul>\n<li>Odoln\u00fd materi\u00e1l D600 Cordura s vod\u011bodoln\u00fdmi vlastnostmi<\/li>\n<li>Dno pod\u0161it\u00e9 Hypalonem pro extra ochranu<\/li>\n<li>Interi\u00e9r s such\u00fdm zipem pro p\u0159izp\u016fsobiteln\u00e9 ukl\u00e1d\u00e1n\u00ed<\/li>\n<li>Odn\u00edmateln\u00e1 st\u0159edov\u00e1 p\u0159ep\u00e1\u017eka<\/li>\n<li>Prostorn\u00e1 horn\u00ed p\u0159edn\u00ed kapsa na ochranu sluchu<\/li>\n<li>Extern\u00ed panel se such\u00fdm zipem pro personalizaci<\/li>\n<li>MOLLE popruhy pro dal\u0161\u00ed p\u0159\u00edslu\u0161enstv\u00ed<\/li>\n<li>Pohodln\u00e9, odn\u00edmateln\u00e9 ramenn\u00ed popruhy<\/li>\n<li>Ergonomick\u00fd design pro optim\u00e1ln\u00ed rozlo\u017een\u00ed v\u00e1hy<\/li>\n<\/ul>\n<h2>Specifikace:<\/h2>\n<ul>\n<li>Rozm\u011bry: 42\u0160 x 27H x 56V cm<\/li>\n<li>Kapacita: P\u0159ibli\u017en\u011b 37L<\/li>\n<li>Hmotnost: 2,8 kg<\/li>\n<li>Barva: \u010cern\u00e1<\/li>\n<\/ul>\n<p>Za\u017eijte dokonalou kombinaci odolnosti, funk\u010dnosti a pohodl\u00ed s batohem DAA CIA \u2013 va\u0161\u00edm nezbytn\u00fdm vybaven\u00edm pro dlouh\u00e9 roky spolehliv\u00fdch slu\u017eeb na st\u0159elnici.<\/p>\n","protected":false},"excerpt":{"rendered":"<p>DAA CIA batoh: Odoln\u00e1, univerz\u00e1ln\u00ed ta\u0161ka na st\u0159elnici pro st\u0159elce IPSC.<\/p>\n","protected":false},"featured_media":27760,"template":"","meta":{"_acf_changed":false},"product_brand":[11265],"product_cat":[12722,12676],"product_tag":[],"class_list":{"0":"post-44659","1":"product","2":"type-product","3":"status-publish","4":"has-post-thumbnail","6":"product_brand-doublealpha","7":"product_cat-strelecke-tasky","8":"product_cat-vybaveni","10":"first","11":"outofstock","12":"taxable","13":"shipping-taxable","14":"purchasable","15":"product-type-simple"},"acf":[],"_links":{"self":[{"href":"https:\/\/staging.nbg.eu\/cs\/wp-json\/wp\/v2\/product\/44659","targetHints":{"allow":["GET"]}}],"collection":[{"href":"https:\/\/staging.nbg.eu\/cs\/wp-json\/wp\/v2\/product"}],"about":[{"href":"https:\/\/staging.nbg.eu\/cs\/wp-json\/wp\/v2\/types\/product"}],"wp:featuredmedia":[{"embeddable":true,"href":"https:\/\/staging.nbg.eu\/cs\/wp-json\/wp\/v2\/media\/27760"}],"wp:attachment":[{"href":"https:\/\/staging.nbg.eu\/cs\/wp-json\/wp\/v2\/media?parent=44659"}],"wp:term":[{"taxonomy":"product_brand","embeddable":true,"href":"https:\/\/staging.nbg.eu\/cs\/wp-json\/wp\/v2\/product_brand?post=44659"},{"taxonomy":"product_cat","embeddable":true,"href":"https:\/\/staging.nbg.eu\/cs\/wp-json\/wp\/v2\/product_cat?post=44659"},{"taxonomy":"product_tag","embeddable":true,"href":"https:\/\/staging.nbg.eu\/cs\/wp-json\/wp\/v2\/product_tag?post=44659"}],"curies":[{"name":"wp","href":"https:\/\/api.w.org\/{rel}","templated":true}]}}