{"id":44637,"date":"2024-08-18T09:37:34","date_gmt":"2024-09-10T09:02:50","guid":{"rendered":"https:\/\/staging.nbg.eu\/product\/flex-holster-spare-slide-lock-teeth-set\/"},"modified":"2024-09-10T09:03:26","modified_gmt":"2024-09-10T09:03:26","slug":"flex-holster-nahradni-sada-zubu-pojistky-zaveru","status":"publish","type":"product","link":"https:\/\/staging.nbg.eu\/cs\/produkt\/flex-holster-nahradni-sada-zubu-pojistky-zaveru\/","title":{"rendered":"Flex Holster &#8211; n\u00e1hradn\u00ed sada zub\u016f pojistky z\u00e1v\u011bru"},"content":{"rendered":"<div class=\"product-description\">\n<h2>Flex Pouzdro &#8211; N\u00e1hradn\u00ed sada zub\u016f posuvn\u00e9ho z\u00e1mku<\/h2>\n<p>Vylep\u0161ete sv\u00e9 Flex pouzdro touto n\u00e1hradn\u00ed sadou \u010derven\u00fdch zub\u016f posuvn\u00e9ho z\u00e1mku. Kompatibiln\u00ed s vlo\u017ekami typu A i B, tato sada obsahuje:<\/p>\n<ul>\n<li>\u010cerven\u00e9 zuby posuvn\u00e9ho z\u00e1mku<\/li>\n<li>Mont\u00e1\u017en\u00ed materi\u00e1l (\u0161rouby a matice)<\/li>\n<\/ul>\n<p>Snadno upgradujte nebo vym\u011b\u0148te st\u00e1vaj\u00edc\u00ed zuby pro optim\u00e1ln\u00ed v\u00fdkon a bezpe\u010dn\u00e9 uchycen\u00ed.<\/p>\n<\/div>\n","protected":false},"excerpt":{"rendered":"<p>N\u00e1hradn\u00ed \u010derven\u00e9 zuby se z\u00e1suvn\u00fdm z\u00e1mkem pro pouzdro Flex, v\u010detn\u011b spojovac\u00edho materi\u00e1lu.<\/p>\n","protected":false},"featured_media":30493,"template":"","meta":{"_acf_changed":false},"product_brand":[11265],"product_cat":[12663,12696,12701],"product_tag":[],"class_list":{"0":"post-44637","1":"product","2":"type-product","3":"status-publish","4":"has-post-thumbnail","6":"product_brand-doublealpha","7":"product_cat-pouzdro","8":"product_cat-prislusenstvi-k-pouzdru","9":"product_cat-sportovni-pouzdro","11":"first","12":"instock","13":"taxable","14":"shipping-taxable","15":"purchasable","16":"product-type-simple"},"acf":[],"_links":{"self":[{"href":"https:\/\/staging.nbg.eu\/cs\/wp-json\/wp\/v2\/product\/44637","targetHints":{"allow":["GET"]}}],"collection":[{"href":"https:\/\/staging.nbg.eu\/cs\/wp-json\/wp\/v2\/product"}],"about":[{"href":"https:\/\/staging.nbg.eu\/cs\/wp-json\/wp\/v2\/types\/product"}],"wp:featuredmedia":[{"embeddable":true,"href":"https:\/\/staging.nbg.eu\/cs\/wp-json\/wp\/v2\/media\/30493"}],"wp:attachment":[{"href":"https:\/\/staging.nbg.eu\/cs\/wp-json\/wp\/v2\/media?parent=44637"}],"wp:term":[{"taxonomy":"product_brand","embeddable":true,"href":"https:\/\/staging.nbg.eu\/cs\/wp-json\/wp\/v2\/product_brand?post=44637"},{"taxonomy":"product_cat","embeddable":true,"href":"https:\/\/staging.nbg.eu\/cs\/wp-json\/wp\/v2\/product_cat?post=44637"},{"taxonomy":"product_tag","embeddable":true,"href":"https:\/\/staging.nbg.eu\/cs\/wp-json\/wp\/v2\/product_tag?post=44637"}],"curies":[{"name":"wp","href":"https:\/\/api.w.org\/{rel}","templated":true}]}}