{"id":44561,"date":"2024-08-18T09:38:38","date_gmt":"2024-08-18T09:38:38","guid":{"rendered":"https:\/\/staging.nbg.eu\/product\/daa-primer-pro-collator-small-primer\/"},"modified":"2024-09-10T08:46:50","modified_gmt":"2024-09-10T08:46:50","slug":"daa-primer-pro-tridic-malych-zapalek","status":"publish","type":"product","link":"https:\/\/staging.nbg.eu\/cs\/produkt\/daa-primer-pro-tridic-malych-zapalek\/","title":{"rendered":"Daa Primer-Pro t\u0159\u00eddi\u010d mal\u00fdch z\u00e1palek"},"content":{"rendered":"<h2>Daa Primer-Pro Kol\u00e1torov\u00fd Mal\u00fd Z\u00e1paln\u00edk<\/h2>\n<p>Revolucionizujte sv\u016fj proces p\u0159eb\u00edjen\u00ed s PRIMER-PRO od Double-Alpha! Toto inovativn\u00ed za\u0159\u00edzen\u00ed s patentovan\u00fdm n\u00e1vrhem nab\u00edz\u00ed unik\u00e1tn\u00ed \u0159e\u0161en\u00ed pro manipulaci s mal\u00fdmi pu\u0161kov\u00fdmi a pistolov\u00fdmi z\u00e1paln\u00edky.<\/p>\n<ul>\n<li>Efektivn\u00ed kol\u00e1torov\u00fd design s 20 p\u0159esn\u011b tvarovan\u00fdmi kan\u00e1lky<\/li>\n<li>Spolehliv\u00fd syst\u00e9m odm\u00edtnut\u00ed zaji\u0161\u0165uje spr\u00e1vnou orientaci z\u00e1paln\u00edk\u016f<\/li>\n<li>Optick\u00fd senzor po\u010d\u00edt\u00e1 z\u00e1paln\u00edky a zastav\u00ed se na 100<\/li>\n<li>Inteligentn\u00ed prevence zaseknut\u00ed a snadn\u00e9 \u0159e\u0161en\u00ed probl\u00e9m\u016f<\/li>\n<li>Inovativn\u00ed v\u00fdstupn\u00ed aktu\u00e1torov\u00e9 rameno pro plynul\u00e9 um\u00edst\u011bn\u00ed z\u00e1paln\u00edk\u016f<\/li>\n<li>Obsahuje jeden magnetick\u00fd n\u00e1stavec pro z\u00e1sobn\u00edk z\u00e1paln\u00edk\u016f Dillon<\/li>\n<li>12V DC nap\u00e1jec\u00ed zdroj s adapt\u00e9ry pro USA\/EU a 2m kabelem<\/li>\n<\/ul>\n<p>Pozn\u00e1mka: Z\u00e1sobn\u00edk z\u00e1paln\u00edk\u016f nen\u00ed sou\u010d\u00e1st\u00ed balen\u00ed. Dal\u0161\u00ed magnetick\u00e9 n\u00e1stavce jsou k dispozici samostatn\u011b.<\/p>\n","protected":false},"excerpt":{"rendered":"<p>\u00da\u010dinn\u00fd a spolehliv\u00fd mal\u00fd z\u00e1sobn\u00edk na z\u00e1palky pro rychl\u00e9 p\u0159eb\u00edjen\u00ed.<\/p>\n","protected":false},"featured_media":28197,"template":"","meta":{"_acf_changed":false},"product_brand":[11265],"product_cat":[12677,12705],"product_tag":[],"class_list":{"0":"post-44561","1":"product","2":"type-product","3":"status-publish","4":"has-post-thumbnail","6":"product_brand-doublealpha","7":"product_cat-prebijeci-stroje","8":"product_cat-prebijeni","10":"first","11":"outofstock","12":"taxable","13":"shipping-taxable","14":"purchasable","15":"product-type-simple"},"acf":[],"_links":{"self":[{"href":"https:\/\/staging.nbg.eu\/cs\/wp-json\/wp\/v2\/product\/44561","targetHints":{"allow":["GET"]}}],"collection":[{"href":"https:\/\/staging.nbg.eu\/cs\/wp-json\/wp\/v2\/product"}],"about":[{"href":"https:\/\/staging.nbg.eu\/cs\/wp-json\/wp\/v2\/types\/product"}],"wp:featuredmedia":[{"embeddable":true,"href":"https:\/\/staging.nbg.eu\/cs\/wp-json\/wp\/v2\/media\/28197"}],"wp:attachment":[{"href":"https:\/\/staging.nbg.eu\/cs\/wp-json\/wp\/v2\/media?parent=44561"}],"wp:term":[{"taxonomy":"product_brand","embeddable":true,"href":"https:\/\/staging.nbg.eu\/cs\/wp-json\/wp\/v2\/product_brand?post=44561"},{"taxonomy":"product_cat","embeddable":true,"href":"https:\/\/staging.nbg.eu\/cs\/wp-json\/wp\/v2\/product_cat?post=44561"},{"taxonomy":"product_tag","embeddable":true,"href":"https:\/\/staging.nbg.eu\/cs\/wp-json\/wp\/v2\/product_tag?post=44561"}],"curies":[{"name":"wp","href":"https:\/\/api.w.org\/{rel}","templated":true}]}}