{"id":44537,"date":"2024-08-18T09:38:53","date_gmt":"2024-08-18T09:38:53","guid":{"rendered":"https:\/\/staging.nbg.eu\/product\/alpha-xi-pouch-without-inlay\/"},"modified":"2024-09-10T08:39:22","modified_gmt":"2024-09-10T08:39:22","slug":"alpha-xi-pouzdro-bez-vlozky","status":"publish","type":"product","link":"https:\/\/staging.nbg.eu\/cs\/produkt\/alpha-xi-pouzdro-bez-vlozky\/","title":{"rendered":"Alpha-Xi pouzdro bez vlo\u017eky"},"content":{"rendered":"<h2>Alpha-Xi pouzdro bez vlo\u017eky &#8211; Finish<\/h2>\n<p>P\u0159edstavujeme pouzdro na z\u00e1sobn\u00edky Alpha-Xi, revolu\u010dn\u00ed design v taktick\u00e9m vybaven\u00ed. Toto pouzdro se vyzna\u010duje:<\/p>\n<ul>\n<li>Zv\u00fd\u0161enou odolnost\u00ed d\u00edky upevn\u011bn\u00ed na m\u00edru vyroben\u00fdm \u0161roubem se \u0161irokou hlavou<\/li>\n<li>8 v\u0161estrann\u00fdmi p\u0159ipojovac\u00edmi body pro optim\u00e1ln\u00ed um\u00edst\u011bn\u00ed<\/li>\n<li>T\u0159emi mo\u017enostmi v\u00fd\u0161ky pro prav\u00e1ky i lev\u00e1ky<\/li>\n<li>Dv\u011bma mo\u017enostmi v\u00fd\u0161ky pro mont\u00e1\u017e s n\u00e1boji sm\u011brem ven<\/li>\n<li>Syst\u00e9mem zapadnut\u00ed pro maxim\u00e1ln\u00ed stabilitu<\/li>\n<\/ul>\n<p>Vylep\u0161en\u00e9 kulov\u00e9 spojen\u00ed Alpha-Xi zaji\u0161\u0165uje bezkonkuren\u010dn\u00ed pevnost i v n\u00e1ro\u010dn\u00fdch podm\u00ednk\u00e1ch. A\u0165 u\u017e zauj\u00edm\u00e1te polohu vle\u017ee nebo p\u0159ekon\u00e1v\u00e1te p\u0159ek\u00e1\u017eky, toto pouzdro zvl\u00e1dne ka\u017edou v\u00fdzvu. Za\u017eijte novou \u00farove\u0148 no\u0161en\u00ed z\u00e1sobn\u00edk\u016f s pouzdrem Alpha-Xi &#8211; odolnost a flexibilita nov\u011b definov\u00e1ny.<\/p>\n<p><strong>Pozn\u00e1mka:<\/strong> Tato verze neobsahuje vlo\u017eku.<\/p>\n","protected":false},"excerpt":{"rendered":"<p>Odoln\u00e9 pouzdro na z\u00e1sobn\u00edk s pokro\u010dil\u00fdm kulov\u00fdm kloubem pro p\u0159ipevn\u011bn\u00ed k opasku.<\/p>\n","protected":false},"featured_media":28266,"template":"","meta":{"_acf_changed":false},"product_brand":[11265],"product_cat":[12652,12667,12663,12701,12676],"product_tag":[],"class_list":{"0":"post-44537","1":"product","2":"type-product","3":"status-publish","4":"has-post-thumbnail","6":"product_brand-doublealpha","7":"product_cat-drzaky-zasobniku","8":"product_cat-kapsy","9":"product_cat-pouzdro","10":"product_cat-sportovni-pouzdro","11":"product_cat-vybaveni","13":"first","14":"instock","15":"taxable","16":"shipping-taxable","17":"purchasable","18":"product-type-simple"},"acf":[],"_links":{"self":[{"href":"https:\/\/staging.nbg.eu\/cs\/wp-json\/wp\/v2\/product\/44537","targetHints":{"allow":["GET"]}}],"collection":[{"href":"https:\/\/staging.nbg.eu\/cs\/wp-json\/wp\/v2\/product"}],"about":[{"href":"https:\/\/staging.nbg.eu\/cs\/wp-json\/wp\/v2\/types\/product"}],"wp:featuredmedia":[{"embeddable":true,"href":"https:\/\/staging.nbg.eu\/cs\/wp-json\/wp\/v2\/media\/28266"}],"wp:attachment":[{"href":"https:\/\/staging.nbg.eu\/cs\/wp-json\/wp\/v2\/media?parent=44537"}],"wp:term":[{"taxonomy":"product_brand","embeddable":true,"href":"https:\/\/staging.nbg.eu\/cs\/wp-json\/wp\/v2\/product_brand?post=44537"},{"taxonomy":"product_cat","embeddable":true,"href":"https:\/\/staging.nbg.eu\/cs\/wp-json\/wp\/v2\/product_cat?post=44537"},{"taxonomy":"product_tag","embeddable":true,"href":"https:\/\/staging.nbg.eu\/cs\/wp-json\/wp\/v2\/product_tag?post=44537"}],"curies":[{"name":"wp","href":"https:\/\/api.w.org\/{rel}","templated":true}]}}