{"id":44515,"date":"2024-08-18T09:39:07","date_gmt":"2024-08-18T09:39:07","guid":{"rendered":"https:\/\/staging.nbg.eu\/product\/daa-pcc-magzine-pouch-type-glock\/"},"modified":"2024-09-10T08:33:07","modified_gmt":"2024-09-10T08:33:07","slug":"daa-pcc-pouzdro-na-zasobnik-typ-glock","status":"publish","type":"product","link":"https:\/\/staging.nbg.eu\/cs\/produkt\/daa-pcc-pouzdro-na-zasobnik-typ-glock\/","title":{"rendered":"Daa Pcc pouzdro na z\u00e1sobn\u00edk &#8211; typ Glock"},"content":{"rendered":"<h2>Pouzdro na z\u00e1sobn\u00edk DAA PCC &#8211; Typ Glock<\/h2>\n<p>Zlep\u0161ete svou hru s karabinou pistolov\u00e9 r\u00e1\u017ee (PCC) pomoc\u00ed pouzdra na z\u00e1sobn\u00edk DAA PCC, speci\u00e1ln\u011b navr\u017een\u00e9ho pro z\u00e1sobn\u00edky Glock. Toto na m\u00edru vyroben\u00e9 pouzdro \u0159e\u0161\u00ed jedine\u010dn\u00e9 v\u00fdzvy sout\u011b\u017e\u00ed IPSC a USPSA.<\/p>\n<ul>\n<li>Odoln\u00e1 konstrukce z nylonu vyztu\u017een\u00e9ho vl\u00e1kny<\/li>\n<li>Extra dlouh\u00fd design (12 cm\/4,75&#8243;) pro bezpe\u010dn\u00e9 uchycen\u00ed z\u00e1sobn\u00edk\u016f s 40-50 n\u00e1boji<\/li>\n<li>Nastaviteln\u00e1 s\u00edla zadr\u017een\u00ed pomoc\u00ed dvou \u0161roub\u016f<\/li>\n<li>P\u0159edn\u00ed v\u00fd\u0159ez pro rychlej\u0161\u00ed vyta\u017een\u00ed<\/li>\n<li>Zkosen\u00e1 horn\u00ed hrana pro rychlej\u0161\u00ed p\u0159eb\u00edjen\u00ed<\/li>\n<li>Oboustrann\u00fd design s n\u011bkolika v\u00fd\u0161kov\u00fdmi pozicemi<\/li>\n<li>Velk\u00fd kulov\u00fd kloub pro p\u0159ipevn\u011bn\u00ed a odolnost<\/li>\n<li>Dr\u017e\u00ed z\u00e1sobn\u00edky s n\u00e1boji sm\u011b\u0159uj\u00edc\u00edmi dozadu pro p\u0159eb\u00edjen\u00ed &#8222;\u00fachopem p\u011bst\u00ed&#8220;<\/li>\n<\/ul>\n<p>Optimalizujte sv\u016fj v\u00fdkon s PCC pomoc\u00ed tohoto \u00fa\u010delov\u011b navr\u017een\u00e9ho pouzdra na z\u00e1sobn\u00edk od Double-Alpha.<\/p>\n","protected":false},"excerpt":{"rendered":"<p>Pouzdro na z\u00e1sobn\u00edk PCC pro Glock: Na m\u00edru, bezpe\u010dn\u00e9, rychl\u00e9 p\u0159eb\u00edjen\u00ed.<\/p>\n","protected":false},"featured_media":28404,"template":"","meta":{"_acf_changed":false},"product_brand":[11265],"product_cat":[12652,12667,12701,12676],"product_tag":[],"class_list":{"0":"post-44515","1":"product","2":"type-product","3":"status-publish","4":"has-post-thumbnail","6":"product_brand-doublealpha","7":"product_cat-drzaky-zasobniku","8":"product_cat-kapsy","9":"product_cat-sportovni-pouzdro","10":"product_cat-vybaveni","12":"first","13":"outofstock","14":"taxable","15":"shipping-taxable","16":"purchasable","17":"product-type-simple"},"acf":[],"_links":{"self":[{"href":"https:\/\/staging.nbg.eu\/cs\/wp-json\/wp\/v2\/product\/44515","targetHints":{"allow":["GET"]}}],"collection":[{"href":"https:\/\/staging.nbg.eu\/cs\/wp-json\/wp\/v2\/product"}],"about":[{"href":"https:\/\/staging.nbg.eu\/cs\/wp-json\/wp\/v2\/types\/product"}],"wp:featuredmedia":[{"embeddable":true,"href":"https:\/\/staging.nbg.eu\/cs\/wp-json\/wp\/v2\/media\/28404"}],"wp:attachment":[{"href":"https:\/\/staging.nbg.eu\/cs\/wp-json\/wp\/v2\/media?parent=44515"}],"wp:term":[{"taxonomy":"product_brand","embeddable":true,"href":"https:\/\/staging.nbg.eu\/cs\/wp-json\/wp\/v2\/product_brand?post=44515"},{"taxonomy":"product_cat","embeddable":true,"href":"https:\/\/staging.nbg.eu\/cs\/wp-json\/wp\/v2\/product_cat?post=44515"},{"taxonomy":"product_tag","embeddable":true,"href":"https:\/\/staging.nbg.eu\/cs\/wp-json\/wp\/v2\/product_tag?post=44515"}],"curies":[{"name":"wp","href":"https:\/\/api.w.org\/{rel}","templated":true}]}}