{"id":44492,"date":"2024-08-18T09:39:25","date_gmt":"2024-08-18T09:39:25","guid":{"rendered":"https:\/\/staging.nbg.eu\/product\/corn-cob-media-4kg\/"},"modified":"2024-09-10T08:26:01","modified_gmt":"2024-09-10T08:26:01","slug":"kukuricne-media-4kg","status":"publish","type":"product","link":"https:\/\/staging.nbg.eu\/cs\/produkt\/kukuricne-media-4kg\/","title":{"rendered":"Kuku\u0159i\u010dn\u00e9 m\u00e9dia 4Kg"},"content":{"rendered":"<h2>Kuku\u0159i\u010dn\u00e9 m\u00e9dium 4 kg<\/h2>\n<p>Posu\u0148te \u010di\u0161t\u011bn\u00ed va\u0161ich n\u00e1bojnic na vy\u0161\u0161\u00ed \u00farove\u0148 s na\u0161\u00edm pr\u00e9miov\u00fdm 4kg kuku\u0159i\u010dn\u00fdm m\u00e9diem. Toto vysoce kvalitn\u00ed m\u00e9dium je navr\u017eeno tak, aby:<\/p>\n<ul>\n<li>Odstranilo p\u00edsek, ne\u010distoty a zbytky st\u0159eln\u00e9ho prachu z va\u0161ich n\u00e1bojnic<\/li>\n<li>Dodalo va\u0161im n\u00e1bojnic\u00edm kr\u00e1sn\u00fd lesk<\/li>\n<li>Vy\u010distilo i ty nejmen\u0161\u00ed z\u00e1hyby okraj\u016f n\u00e1bojnic a l\u016f\u017eek z\u00e1palek<\/li>\n<\/ul>\n<p>Ide\u00e1ln\u00ed pro pou\u017eit\u00ed v mal\u00fdch a\u017e st\u0159edn\u011b velk\u00fdch bubnov\u00fdch a vibra\u010dn\u00edch \u010disti\u010dk\u00e1ch, na\u0161e m\u00e9dium s jemn\u00fdm zrnem zaji\u0161\u0165uje d\u016fkladn\u00e9 \u010di\u0161t\u011bn\u00ed va\u0161ich mosazn\u00fdch n\u00e1bojnic. Mno\u017estv\u00ed 4 kg umo\u017e\u0148uje v\u00edcen\u00e1sobn\u00e9 pou\u017eit\u00ed a poskytuje vynikaj\u00edc\u00ed pom\u011br ceny a v\u00fdkonu.<\/p>\n<p>A\u010dkoli lze toto m\u00e9dium pou\u017e\u00edt opakovan\u011b, doporu\u010dujeme jeho pravidelnou v\u00fdm\u011bnu pro zachov\u00e1n\u00ed optim\u00e1ln\u00edch v\u00fdsledk\u016f \u010di\u0161t\u011bn\u00ed. Investujte do na\u0161eho kuku\u0159i\u010dn\u00e9ho m\u00e9dia je\u0161t\u011b dnes a za\u017eijte rozd\u00edl ve va\u0161em procesu p\u0159eb\u00edjen\u00ed!<\/p>\n","protected":false},"excerpt":{"rendered":"<p>4kg kuku\u0159i\u010dn\u00e9 drt\u011b: \u010cist\u00ed a le\u0161t\u00ed mosazn\u00e9 n\u00e1bojnice, opakovan\u011b pou\u017eiteln\u00e1.<\/p>\n","protected":false},"featured_media":28565,"template":"","meta":{"_acf_changed":false},"product_brand":[],"product_cat":[12705,12703],"product_tag":[],"class_list":{"0":"post-44492","1":"product","2":"type-product","3":"status-publish","4":"has-post-thumbnail","6":"product_cat-prebijeni","7":"product_cat-priprava-nabojnic","9":"first","10":"outofstock","11":"taxable","12":"shipping-taxable","13":"purchasable","14":"product-type-simple"},"acf":[],"_links":{"self":[{"href":"https:\/\/staging.nbg.eu\/cs\/wp-json\/wp\/v2\/product\/44492","targetHints":{"allow":["GET"]}}],"collection":[{"href":"https:\/\/staging.nbg.eu\/cs\/wp-json\/wp\/v2\/product"}],"about":[{"href":"https:\/\/staging.nbg.eu\/cs\/wp-json\/wp\/v2\/types\/product"}],"wp:featuredmedia":[{"embeddable":true,"href":"https:\/\/staging.nbg.eu\/cs\/wp-json\/wp\/v2\/media\/28565"}],"wp:attachment":[{"href":"https:\/\/staging.nbg.eu\/cs\/wp-json\/wp\/v2\/media?parent=44492"}],"wp:term":[{"taxonomy":"product_brand","embeddable":true,"href":"https:\/\/staging.nbg.eu\/cs\/wp-json\/wp\/v2\/product_brand?post=44492"},{"taxonomy":"product_cat","embeddable":true,"href":"https:\/\/staging.nbg.eu\/cs\/wp-json\/wp\/v2\/product_cat?post=44492"},{"taxonomy":"product_tag","embeddable":true,"href":"https:\/\/staging.nbg.eu\/cs\/wp-json\/wp\/v2\/product_tag?post=44492"}],"curies":[{"name":"wp","href":"https:\/\/api.w.org\/{rel}","templated":true}]}}