{"id":44470,"date":"2024-08-18T09:39:38","date_gmt":"2024-08-18T09:39:38","guid":{"rendered":"https:\/\/staging.nbg.eu\/product\/sordin-silicone-gel-replacement-ear-pads\/"},"modified":"2024-09-10T08:15:18","modified_gmt":"2024-09-10T08:15:18","slug":"sordin-silikonove-gelove-nahradni-usni-polstarky","status":"publish","type":"product","link":"https:\/\/staging.nbg.eu\/cs\/produkt\/sordin-silikonove-gelove-nahradni-usni-polstarky\/","title":{"rendered":"Sordin silikonov\u00e9 gelov\u00e9 n\u00e1hradn\u00ed u\u0161n\u00ed pol\u0161t\u00e1\u0159ky"},"content":{"rendered":"<div class=\"product-description\">\n<h2>N\u00e1hradn\u00ed gelov\u00e9 silikonov\u00e9 pol\u0161t\u00e1\u0159ky pro sluch\u00e1tka Sordin<\/h2>\n<p>Vylep\u0161ete sv\u00e9 chr\u00e1ni\u010de sluchu Sordin na\u0161\u00ed silikonovou gelovou n\u00e1hradn\u00ed sadou, kter\u00e1 obsahuje:<\/p>\n<ul>\n<li>2 silikonov\u00e9 gelov\u00e9 pol\u0161t\u00e1\u0159ky<\/li>\n<li>2 izola\u010dn\u00ed pol\u0161t\u00e1\u0159ky<\/li>\n<\/ul>\n<p>Za\u017eijte vynikaj\u00edc\u00ed pohodl\u00ed a ochranu sluchu s t\u011bmito inovativn\u00edmi gelov\u00fdmi pol\u0161t\u00e1\u0159ky, kter\u00e9 se p\u0159izp\u016fsob\u00ed kontur\u00e1m va\u0161\u00ed hlavy. Jsou ide\u00e1ln\u00ed pro pou\u017eit\u00ed se st\u0159eleck\u00fdmi br\u00fdlemi, p\u0159izp\u016fsob\u00ed se kolem no\u017ei\u010dek pro lep\u0161\u00ed ochranu a pohodl\u00ed.<\/p>\n<p>Kompatibiln\u00ed se v\u0161emi modely Sordin: Supreme Pro, Pro-X a Pro+3. Snadn\u00e1 instalace bez nutnosti \u00faprav.<\/p>\n<p>Zlep\u0161ete hygienu a v\u00fdkon pravidelnou v\u00fdm\u011bnou pol\u0161t\u00e1\u0159k\u016f. Vyzkou\u0161ejte tyto gelov\u00e9 pol\u0161t\u00e1\u0159ky, abyste skute\u010dn\u011b ocenili rozd\u00edl v pohodl\u00ed a zvukov\u00e9 izolaci.<\/p>\n<\/div>\n","protected":false},"excerpt":{"rendered":"<p>Silikonov\u00e9 gelov\u00e9 n\u00e1u\u0161n\u00edky pro sluch\u00e1tka Sordin. Zlep\u0161en\u00e9 pohodl\u00ed a ochrana proti hluku.<\/p>\n","protected":false},"featured_media":28588,"template":"","meta":{"_acf_changed":false},"product_brand":[],"product_cat":[12671,12676],"product_tag":[],"class_list":{"0":"post-44470","1":"product","2":"type-product","3":"status-publish","4":"has-post-thumbnail","6":"product_cat-sluchova-ochrana","7":"product_cat-vybaveni","9":"first","10":"outofstock","11":"taxable","12":"shipping-taxable","13":"purchasable","14":"product-type-simple"},"acf":[],"_links":{"self":[{"href":"https:\/\/staging.nbg.eu\/cs\/wp-json\/wp\/v2\/product\/44470","targetHints":{"allow":["GET"]}}],"collection":[{"href":"https:\/\/staging.nbg.eu\/cs\/wp-json\/wp\/v2\/product"}],"about":[{"href":"https:\/\/staging.nbg.eu\/cs\/wp-json\/wp\/v2\/types\/product"}],"wp:featuredmedia":[{"embeddable":true,"href":"https:\/\/staging.nbg.eu\/cs\/wp-json\/wp\/v2\/media\/28588"}],"wp:attachment":[{"href":"https:\/\/staging.nbg.eu\/cs\/wp-json\/wp\/v2\/media?parent=44470"}],"wp:term":[{"taxonomy":"product_brand","embeddable":true,"href":"https:\/\/staging.nbg.eu\/cs\/wp-json\/wp\/v2\/product_brand?post=44470"},{"taxonomy":"product_cat","embeddable":true,"href":"https:\/\/staging.nbg.eu\/cs\/wp-json\/wp\/v2\/product_cat?post=44470"},{"taxonomy":"product_tag","embeddable":true,"href":"https:\/\/staging.nbg.eu\/cs\/wp-json\/wp\/v2\/product_tag?post=44470"}],"curies":[{"name":"wp","href":"https:\/\/api.w.org\/{rel}","templated":true}]}}