{"id":44408,"date":"2024-08-18T19:22:32","date_gmt":"2024-09-10T08:07:41","guid":{"rendered":"https:\/\/staging.nbg.eu\/product\/flex-holster-insert-block\/"},"modified":"2024-09-10T08:08:19","modified_gmt":"2024-09-10T08:08:19","slug":"flex-holster-insert-block","status":"publish","type":"product","link":"https:\/\/staging.nbg.eu\/cs\/produkt\/flex-holster-insert-block\/","title":{"rendered":"Flex Holster Insert Block"},"content":{"rendered":"<div class=\"product-description\">\n<h2>Flex Holster Insert Block: P\u0159izp\u016fsobiteln\u00e9 uchycen\u00ed pro va\u0161i pistoli<\/h2>\n<p>Revolu\u010dn\u00ed Flex Holster Insert Block nab\u00edz\u00ed bezkonkuren\u010dn\u00ed nastavitelnost pro zaji\u0161t\u011bn\u00ed dokonal\u00e9ho uchycen\u00ed t\u00e9m\u011b\u0159 jak\u00e9hokoliv modelu pistole. Dostupn\u00fd v proveden\u00ed Type-A a Type-B, tento inovativn\u00ed design v\u00e1m umo\u017e\u0148uje jemn\u011b doladit vlo\u017eku va\u0161eho pouzdra pro optim\u00e1ln\u00ed v\u00fdkon a pohodl\u00ed.<\/p>\n<h3>Kl\u00ed\u010dov\u00e9 vlastnosti:<\/h3>\n<ul>\n<li>Nastaviteln\u00e9 zuby z\u00e1mku z\u00e1v\u011bru pro p\u0159esn\u00e9 uchycen\u00ed<\/li>\n<li>Bo\u010dn\u00ed rozp\u011brky a podlo\u017eky pro individu\u00e1ln\u00ed zarovn\u00e1n\u00ed<\/li>\n<li>Voliteln\u00e1 p\u0159edn\u00ed rozp\u011brka pro dodate\u010dnou nastavitelnost<\/li>\n<li>Hlin\u00edkov\u00fd z\u00e1mek z\u00e1v\u011bru s magnetick\u00fdm zapojen\u00edm<\/li>\n<li>\u0160irok\u00e1, ploch\u00e1 pojistn\u00e1 p\u00e1\u010dka z nerezov\u00e9 oceli pro snadnou aktivaci<\/li>\n<\/ul>\n<p>Sestava Flex Insert Block \u0159e\u0161\u00ed b\u011b\u017en\u00e9 probl\u00e9my s uchycen\u00edm zp\u016fsoben\u00e9 v\u00fdrobn\u00edmi odchylkami a zaji\u0161\u0165uje t\u011bsn\u00e9 a bezpe\u010dn\u00e9 uchycen\u00ed va\u0161\u00ed konkr\u00e9tn\u00ed zbran\u011b. D\u00edky u\u017eivatelsky p\u0159\u00edv\u011btiv\u00e9mu designu m\u016f\u017eete snadno upravit vlo\u017eku tak, aby vyhovovala jedine\u010dn\u00fdm rozm\u011br\u016fm lu\u010d\u00edku va\u0161\u00ed pistole.<\/p>\n<p>Za\u017eijte dal\u0161\u00ed \u00farove\u0148 p\u0159izp\u016fsoben\u00ed pouzdra s Flex Holster Insert Block \u2013 dokonal\u00e9 \u0159e\u0161en\u00ed pro n\u00e1ro\u010dn\u00e9 st\u0159elce, kte\u0159\u00ed vy\u017eaduj\u00ed p\u0159esnost a spolehlivost.<\/p>\n<\/div>\n","protected":false},"excerpt":{"rendered":"<p>P\u0159izp\u016fsobiteln\u00e1 vlo\u017eka do pouzdra pro dokonal\u00e9 uchycen\u00ed a bezpe\u010dnost pistole.<\/p>\n","protected":false},"featured_media":28611,"template":"","meta":{"_acf_changed":false},"product_brand":[11265],"product_cat":[12663,12696,12701,12676],"product_tag":[],"class_list":{"0":"post-44408","1":"product","2":"type-product","3":"status-publish","4":"has-post-thumbnail","6":"product_brand-doublealpha","7":"product_cat-pouzdro","8":"product_cat-prislusenstvi-k-pouzdru","9":"product_cat-sportovni-pouzdro","10":"product_cat-vybaveni","12":"first","13":"instock","14":"taxable","15":"shipping-taxable","16":"purchasable","17":"product-type-variable","18":"wvs-archive-product-wrapper"},"acf":[],"_links":{"self":[{"href":"https:\/\/staging.nbg.eu\/cs\/wp-json\/wp\/v2\/product\/44408","targetHints":{"allow":["GET"]}}],"collection":[{"href":"https:\/\/staging.nbg.eu\/cs\/wp-json\/wp\/v2\/product"}],"about":[{"href":"https:\/\/staging.nbg.eu\/cs\/wp-json\/wp\/v2\/types\/product"}],"wp:featuredmedia":[{"embeddable":true,"href":"https:\/\/staging.nbg.eu\/cs\/wp-json\/wp\/v2\/media\/28611"}],"wp:attachment":[{"href":"https:\/\/staging.nbg.eu\/cs\/wp-json\/wp\/v2\/media?parent=44408"}],"wp:term":[{"taxonomy":"product_brand","embeddable":true,"href":"https:\/\/staging.nbg.eu\/cs\/wp-json\/wp\/v2\/product_brand?post=44408"},{"taxonomy":"product_cat","embeddable":true,"href":"https:\/\/staging.nbg.eu\/cs\/wp-json\/wp\/v2\/product_cat?post=44408"},{"taxonomy":"product_tag","embeddable":true,"href":"https:\/\/staging.nbg.eu\/cs\/wp-json\/wp\/v2\/product_tag?post=44408"}],"curies":[{"name":"wp","href":"https:\/\/api.w.org\/{rel}","templated":true}]}}