{"id":44282,"date":"2024-08-18T19:23:04","date_gmt":"2024-09-10T07:48:27","guid":{"rendered":"https:\/\/staging.nbg.eu\/product\/d%d0%b0%d0%b0-ratchet-inner-belt\/"},"modified":"2024-09-10T07:49:14","modified_gmt":"2024-09-10T07:49:14","slug":"daa-remen-s-racnou-vnitrni","status":"publish","type":"product","link":"https:\/\/staging.nbg.eu\/cs\/produkt\/daa-remen-s-racnou-vnitrni\/","title":{"rendered":"DAA \u0159emen s ra\u010dnou vnit\u0159n\u00ed"},"content":{"rendered":"<h2>DAA Vnit\u0159n\u00ed opasek s r\u00e1\u010dnou<\/h2>\n<p>Za\u017eijte bezkonkuren\u010dn\u00ed pohodl\u00ed s inovativn\u00edm vnit\u0159n\u00edm opaskem DAA s r\u00e1\u010dnou. Tento opasek m\u00e1 unik\u00e1tn\u00ed skl\u00e1dac\u00ed \u010d\u00e1st navr\u017eenou tak, aby byla um\u00edst\u011bna pod r\u00e1\u010dnou, \u010d\u00edm\u017e eliminuje nep\u0159\u00edjemn\u00e9 tlakov\u00e9 body p\u0159i utahov\u00e1n\u00ed a zkracov\u00e1n\u00ed vn\u011bj\u0161\u00edho opasku.<\/p>\n<ul>\n<li>Skl\u00e1dac\u00ed \u010d\u00e1st bez plastov\u00e9ho j\u00e1dra nebo such\u00e9ho zipu pro snadn\u00e9 slo\u017een\u00ed<\/li>\n<li>\u0160pi\u010dat\u00e9 konce pro snadn\u00e9 provle\u010den\u00ed poutky kalhot<\/li>\n<li>Vynikaj\u00edc\u00ed pohodl\u00ed ve srovn\u00e1n\u00ed s tradi\u010dn\u00edmi vnit\u0159n\u00edmi opasky<\/li>\n<li>Vyroben ze stejn\u00fdch vysoce kvalitn\u00edch materi\u00e1l\u016f jako standardn\u00ed vnit\u0159n\u00ed opasky DAA<\/li>\n<\/ul>\n<p>Rozlu\u010dte se s nepohodl\u00edm zp\u016fsoben\u00fdm tvrd\u00fdmi materi\u00e1ly, kter\u00e9 se \u0161patn\u011b oh\u00fdbaj\u00ed. Vnit\u0159n\u00ed opasek DAA s r\u00e1\u010dnou zaji\u0161\u0165uje pevn\u00e9 uchycen\u00ed bez kompromis\u016f v oblasti pohodl\u00ed, co\u017e z n\u011bj \u010din\u00ed perfektn\u00ed volbu pro n\u00e1ro\u010dn\u00e9 u\u017eivatele, kte\u0159\u00ed po\u017eaduj\u00ed to nejlep\u0161\u00ed v technologii opask\u016f.<\/p>\n","protected":false},"excerpt":{"rendered":"<p>Pohodln\u00fd vnit\u0159n\u00ed p\u00e1sek se skl\u00e1dac\u00ed \u010d\u00e1st\u00ed pro r\u00e1\u010dnov\u00e9 p\u0159ezky.<\/p>\n","protected":false},"featured_media":29048,"template":"","meta":{"_acf_changed":false},"product_brand":[11265],"product_cat":[12679,12676],"product_tag":[],"class_list":{"0":"post-44282","1":"product","2":"type-product","3":"status-publish","4":"has-post-thumbnail","6":"product_brand-doublealpha","7":"product_cat-sportovni-pasy","8":"product_cat-vybaveni","10":"first","11":"instock","12":"taxable","13":"shipping-taxable","14":"purchasable","15":"product-type-variable","16":"wvs-archive-product-wrapper"},"acf":[],"_links":{"self":[{"href":"https:\/\/staging.nbg.eu\/cs\/wp-json\/wp\/v2\/product\/44282","targetHints":{"allow":["GET"]}}],"collection":[{"href":"https:\/\/staging.nbg.eu\/cs\/wp-json\/wp\/v2\/product"}],"about":[{"href":"https:\/\/staging.nbg.eu\/cs\/wp-json\/wp\/v2\/types\/product"}],"wp:featuredmedia":[{"embeddable":true,"href":"https:\/\/staging.nbg.eu\/cs\/wp-json\/wp\/v2\/media\/29048"}],"wp:attachment":[{"href":"https:\/\/staging.nbg.eu\/cs\/wp-json\/wp\/v2\/media?parent=44282"}],"wp:term":[{"taxonomy":"product_brand","embeddable":true,"href":"https:\/\/staging.nbg.eu\/cs\/wp-json\/wp\/v2\/product_brand?post=44282"},{"taxonomy":"product_cat","embeddable":true,"href":"https:\/\/staging.nbg.eu\/cs\/wp-json\/wp\/v2\/product_cat?post=44282"},{"taxonomy":"product_tag","embeddable":true,"href":"https:\/\/staging.nbg.eu\/cs\/wp-json\/wp\/v2\/product_tag?post=44282"}],"curies":[{"name":"wp","href":"https:\/\/api.w.org\/{rel}","templated":true}]}}