{"id":44149,"date":"2024-08-18T19:27:11","date_gmt":"2024-09-10T07:41:26","guid":{"rendered":"https:\/\/staging.nbg.eu\/product\/flex-holster-lh-rh-aluminum-assembly\/"},"modified":"2024-09-10T07:42:10","modified_gmt":"2024-09-10T07:42:10","slug":"flex-pouzdro-lhrh-hlinikova-sestava","status":"publish","type":"product","link":"https:\/\/staging.nbg.eu\/cs\/produkt\/flex-pouzdro-lhrh-hlinikova-sestava\/","title":{"rendered":"Flex pouzdro Lh\/Rh hlin\u00edkov\u00e1 sestava"},"content":{"rendered":"<h2>Flex pouzdro na zbra\u0148 Lh\/Rh hlin\u00edkov\u00e1 sestava<\/h2>\n<p>Flex pouzdro je pr\u00e9miov\u00e9 pouzdro na zbra\u0148 sout\u011b\u017en\u00ed \u00farovn\u011b navr\u017een\u00e9 pro p\u00e1sky o \u0161\u00ed\u0159ce 1,5&#8243;, perfektn\u011b kompatibiln\u00ed s p\u00e1sky DAA LYNX a Premium. Mezi kl\u00ed\u010dov\u00e9 vlastnosti pat\u0159\u00ed:<\/p>\n<ul>\n<li>Pln\u011b CNC obr\u00e1b\u011bn\u00e1 hlin\u00edkov\u00e1 konstrukce pro bezkonkuren\u010dn\u00ed tuhost a odolnost<\/li>\n<li>Odn\u00edmateln\u00fd p\u00e1sov\u00fd z\u00e1v\u011bs pro snadn\u00e9 cestov\u00e1n\u00ed a skladov\u00e1n\u00ed<\/li>\n<li>Inovativn\u00ed syst\u00e9m nastaven\u00ed sklonu pro individu\u00e1ln\u00ed pohodl\u00ed<\/li>\n<li>Sou\u010d\u00e1st\u00ed je stehenn\u00ed podlo\u017eka pro zv\u00fd\u0161enou stabilitu<\/li>\n<\/ul>\n<p>Jedine\u010dn\u00e9 mo\u017enosti naklon\u011bn\u00ed v\u00e1m umo\u017e\u0148uj\u00ed um\u00edstit pouzdro vertik\u00e1ln\u011b nebo v r\u016fzn\u00fdch \u00fahlech, \u010d\u00edm\u017e zaji\u0161\u0165uj\u00ed optim\u00e1ln\u00ed pohodl\u00ed bez ohledu na typ postavy nebo polohu p\u00e1sku. Za\u017eijte to nejlep\u0161\u00ed v p\u0159izp\u016fsoben\u00ed a v\u00fdkonu s Flex pouzdrem.<\/p>\n","protected":false},"excerpt":{"rendered":"<p>Odoln\u00e9 CNC hlin\u00edkov\u00e9 pouzdro s nastaviteln\u00fdm sklonem a odn\u00edmateln\u00fdm z\u00e1v\u011bsem.<\/p>\n","protected":false},"featured_media":28864,"template":"","meta":{"_acf_changed":false},"product_brand":[11265],"product_cat":[12663,12696,12701,12676],"product_tag":[],"class_list":{"0":"post-44149","1":"product","2":"type-product","3":"status-publish","4":"has-post-thumbnail","6":"product_brand-doublealpha","7":"product_cat-pouzdro","8":"product_cat-prislusenstvi-k-pouzdru","9":"product_cat-sportovni-pouzdro","10":"product_cat-vybaveni","12":"first","13":"instock","14":"taxable","15":"shipping-taxable","16":"purchasable","17":"product-type-variable","18":"wvs-archive-product-wrapper"},"acf":[],"_links":{"self":[{"href":"https:\/\/staging.nbg.eu\/cs\/wp-json\/wp\/v2\/product\/44149","targetHints":{"allow":["GET"]}}],"collection":[{"href":"https:\/\/staging.nbg.eu\/cs\/wp-json\/wp\/v2\/product"}],"about":[{"href":"https:\/\/staging.nbg.eu\/cs\/wp-json\/wp\/v2\/types\/product"}],"wp:featuredmedia":[{"embeddable":true,"href":"https:\/\/staging.nbg.eu\/cs\/wp-json\/wp\/v2\/media\/28864"}],"wp:attachment":[{"href":"https:\/\/staging.nbg.eu\/cs\/wp-json\/wp\/v2\/media?parent=44149"}],"wp:term":[{"taxonomy":"product_brand","embeddable":true,"href":"https:\/\/staging.nbg.eu\/cs\/wp-json\/wp\/v2\/product_brand?post=44149"},{"taxonomy":"product_cat","embeddable":true,"href":"https:\/\/staging.nbg.eu\/cs\/wp-json\/wp\/v2\/product_cat?post=44149"},{"taxonomy":"product_tag","embeddable":true,"href":"https:\/\/staging.nbg.eu\/cs\/wp-json\/wp\/v2\/product_tag?post=44149"}],"curies":[{"name":"wp","href":"https:\/\/api.w.org\/{rel}","templated":true}]}}