{"id":44052,"date":"2024-03-14T09:38:02","date_gmt":"2024-03-14T09:38:02","guid":{"rendered":"https:\/\/staging.nbg.eu\/product\/produkt-6\/"},"modified":"2024-09-13T10:01:31","modified_gmt":"2024-09-13T10:01:31","slug":"bore-tech-bavlnene-vatove-tycinky-100-kusu","status":"publish","type":"product","link":"https:\/\/staging.nbg.eu\/cs\/produkt\/bore-tech-bavlnene-vatove-tycinky-100-kusu\/","title":{"rendered":"Bore Tech bavln\u011bn\u00e9 vatov\u00e9 ty\u010dinky &#8211; 100 kus\u016f"},"content":{"rendered":"<p>Bavln\u011bn\u00e9 tampony Bore Tech: Pro \u010di\u0161t\u011bn\u00ed a aplikaci rozpou\u0161t\u011bdla. Vlastnosti:<\/p>\n<ul>\n<li>Bavln\u011bn\u00fd hrot s n\u00edzk\u00fdm uvol\u0148ov\u00e1n\u00edm vl\u00e1ken<\/li>\n<li>15 cm ohebn\u00e1 bambusov\u00e1 rukoje\u0165<\/li>\n<li>Vhodn\u00e9 pro sou\u010d\u00e1sti AR, spou\u0161\u0165ov\u00e9 mechanismy a t\u011b\u017eko p\u0159\u00edstupn\u00e1 m\u00edsta<\/li>\n<li>Pro nan\u00e1\u0161en\u00ed maziva a \u010di\u0161t\u011bn\u00ed mal\u00fdch prohlubn\u00ed<\/li>\n<\/ul>\n<p>Balen\u00ed po 100 kusech pro \u00fadr\u017ebu st\u0159eln\u00fdch zbran\u00ed.<\/p>\n","protected":false},"excerpt":{"rendered":"<p>Precizn\u00ed \u010distic\u00ed tampony pro st\u0159eln\u00e9 zbran\u011b. 15 cm bambusov\u00e1 rukoje\u0165, \u0161pi\u010dka s n\u00edzk\u00fdm uvol\u0148ov\u00e1n\u00edm vl\u00e1ken.<\/p>\n","protected":false},"featured_media":44053,"template":"","meta":{"_acf_changed":false},"product_brand":[11146],"product_cat":[12690,12717],"product_tag":[],"class_list":{"0":"post-44052","1":"product","2":"type-product","3":"status-publish","4":"has-post-thumbnail","6":"product_brand-boretech","7":"product_cat-cisteni-zbrani","8":"product_cat-kartace","10":"first","11":"instock","12":"taxable","13":"shipping-taxable","14":"purchasable","15":"product-type-simple"},"acf":[],"_links":{"self":[{"href":"https:\/\/staging.nbg.eu\/cs\/wp-json\/wp\/v2\/product\/44052","targetHints":{"allow":["GET"]}}],"collection":[{"href":"https:\/\/staging.nbg.eu\/cs\/wp-json\/wp\/v2\/product"}],"about":[{"href":"https:\/\/staging.nbg.eu\/cs\/wp-json\/wp\/v2\/types\/product"}],"wp:featuredmedia":[{"embeddable":true,"href":"https:\/\/staging.nbg.eu\/cs\/wp-json\/wp\/v2\/media\/44053"}],"wp:attachment":[{"href":"https:\/\/staging.nbg.eu\/cs\/wp-json\/wp\/v2\/media?parent=44052"}],"wp:term":[{"taxonomy":"product_brand","embeddable":true,"href":"https:\/\/staging.nbg.eu\/cs\/wp-json\/wp\/v2\/product_brand?post=44052"},{"taxonomy":"product_cat","embeddable":true,"href":"https:\/\/staging.nbg.eu\/cs\/wp-json\/wp\/v2\/product_cat?post=44052"},{"taxonomy":"product_tag","embeddable":true,"href":"https:\/\/staging.nbg.eu\/cs\/wp-json\/wp\/v2\/product_tag?post=44052"}],"curies":[{"name":"wp","href":"https:\/\/api.w.org\/{rel}","templated":true}]}}