{"id":43927,"date":"2024-08-18T19:33:17","date_gmt":"2024-09-09T15:47:15","guid":{"rendered":"https:\/\/staging.nbg.eu\/product\/lynx-belt-single-link\/"},"modified":"2025-01-24T12:49:13","modified_gmt":"2025-01-24T12:49:13","slug":"lynx-opasek-jednotlive-spojeni","status":"publish","type":"product","link":"https:\/\/staging.nbg.eu\/cs\/produkt\/lynx-opasek-jednotlive-spojeni\/","title":{"rendered":"Lynx opasek jednotliv\u00e9 spojen\u00ed"},"content":{"rendered":"<div class=\"product-description\">\n<h2>Lynx Belt Jednotliv\u00fd \u010dl\u00e1nek<\/h2>\n<p>Upravte si sv\u016fj Lynx p\u00e1sek jednotliv\u00fdmi \u010dl\u00e1nky:<\/p>\n<ul>\n<li>K dispozici v 5 barv\u00e1ch<\/li>\n<li>Mo\u017enost p\u0159izp\u016fsoben\u00ed p\u00e1sku<\/li>\n<li>Mo\u017enost n\u00e1kupu jednotliv\u00fdch \u010dl\u00e1nk\u016f v libovoln\u00e9 barv\u011b a mno\u017estv\u00ed<\/li>\n<\/ul>\n<h3>Rozm\u011bry:<\/h3>\n<ul>\n<li>D\u00e9lka: 33 mm (od \u010depu k \u010depu)<\/li>\n<li>V\u00fd\u0161ka: 38,7 mm<\/li>\n<li>Tlou\u0161\u0165ka: 8,8 mm (na such\u00e9m zipu), 7 mm (bez such\u00e9ho zipu)<\/li>\n<\/ul>\n<p>Lynx Belt Jednotliv\u00fd \u010dl\u00e1nek \u2013 mo\u017enost p\u0159izp\u016fsoben\u00ed p\u00e1sku.<\/p>\n<\/div>\n","protected":false},"excerpt":{"rendered":"<p>P\u0159izp\u016fsobiteln\u00fd \u010dl\u00e1nek p\u00e1sku: 5 barev, kombinujte a sla\u010fte pro jedine\u010dn\u00e9 designy.<\/p>\n","protected":false},"featured_media":29140,"template":"","meta":{"_acf_changed":false},"product_brand":[11265],"product_cat":[12679,12676],"product_tag":[],"class_list":{"0":"post-43927","1":"product","2":"type-product","3":"status-publish","4":"has-post-thumbnail","6":"product_brand-doublealpha","7":"product_cat-sportovni-pasy","8":"product_cat-vybaveni","10":"first","11":"instock","12":"taxable","13":"shipping-taxable","14":"purchasable","15":"product-type-variable","16":"wvs-archive-product-wrapper"},"acf":[],"_links":{"self":[{"href":"https:\/\/staging.nbg.eu\/cs\/wp-json\/wp\/v2\/product\/43927","targetHints":{"allow":["GET"]}}],"collection":[{"href":"https:\/\/staging.nbg.eu\/cs\/wp-json\/wp\/v2\/product"}],"about":[{"href":"https:\/\/staging.nbg.eu\/cs\/wp-json\/wp\/v2\/types\/product"}],"wp:featuredmedia":[{"embeddable":true,"href":"https:\/\/staging.nbg.eu\/cs\/wp-json\/wp\/v2\/media\/29140"}],"wp:attachment":[{"href":"https:\/\/staging.nbg.eu\/cs\/wp-json\/wp\/v2\/media?parent=43927"}],"wp:term":[{"taxonomy":"product_brand","embeddable":true,"href":"https:\/\/staging.nbg.eu\/cs\/wp-json\/wp\/v2\/product_brand?post=43927"},{"taxonomy":"product_cat","embeddable":true,"href":"https:\/\/staging.nbg.eu\/cs\/wp-json\/wp\/v2\/product_cat?post=43927"},{"taxonomy":"product_tag","embeddable":true,"href":"https:\/\/staging.nbg.eu\/cs\/wp-json\/wp\/v2\/product_tag?post=43927"}],"curies":[{"name":"wp","href":"https:\/\/api.w.org\/{rel}","templated":true}]}}