{"id":42017,"date":"2024-08-24T21:40:17","date_gmt":"2024-09-09T15:02:24","guid":{"rendered":"https:\/\/staging.nbg.eu\/product\/vanward-hunter\/"},"modified":"2024-09-09T15:05:12","modified_gmt":"2024-09-09T15:05:12","slug":"vanward-hunter","status":"publish","type":"product","link":"https:\/\/staging.nbg.eu\/cs\/produkt\/vanward-hunter\/","title":{"rendered":"Vanward Hunter"},"content":{"rendered":"<div class=\"product-description\">\n<h2>Vanward Hunter: Pokro\u010dil\u00fd 3D ti\u0161t\u011bn\u00fd tlumi\u010d<\/h2>\n<p>Vanward Hunter p\u0159edstavuje vrchol technologie tlumi\u010d\u016f, vyvinut\u00fd z renomovan\u00e9 s\u00e9rie TE-Titan. Tento \u0161pi\u010dkov\u00fd design nab\u00edz\u00ed:<\/p>\n<ul>\n<li>Optimalizovan\u00e9 rozm\u00edst\u011bn\u00ed p\u0159ep\u00e1\u017eek pro vynikaj\u00edc\u00ed vyrovn\u00e1v\u00e1n\u00ed tlaku<\/li>\n<li>\u0160esti\u00faheln\u00edkov\u00fd vn\u011bj\u0161\u00ed vzor pro zv\u00fd\u0161enou pevnost a efektivn\u00ed chlazen\u00ed<\/li>\n<li>Ultra lehk\u00fd, v\u00e1\u017e\u00ed pouh\u00fdch 258 gram\u016f*<\/li>\n<li>Extr\u00e9mn\u00ed sn\u00ed\u017een\u00ed hluku pro maxim\u00e1ln\u00ed loveck\u00fd v\u00fdkon<\/li>\n<li>Jednod\u00edln\u00e1 konstrukce z 3D ti\u0161t\u011bn\u00e9ho titanu stupn\u011b 5<\/li>\n<li>V\u00fdm\u011bnn\u00e9 z\u00e1vitov\u00e9 vlo\u017eky z nerezov\u00e9 oceli<\/li>\n<li>Odoln\u00fd v\u016f\u010di korozi a s n\u00edzkou \u00fadr\u017ebou<\/li>\n<li>Obsahuje podp\u016frn\u00fd krou\u017eek POM pro optim\u00e1ln\u00ed v\u016fli hlavn\u011b<\/li>\n<\/ul>\n<p>K dispozici v r\u00e1\u017e\u00edch .223, .264, .30 a .338, s n\u011bkolika mo\u017enostmi z\u00e1vitu pro va\u0161i zbra\u0148.<\/p>\n<p>Za\u017eijte bezkonkuren\u010dn\u00ed technologii tlumen\u00ed, navr\u017eenou ve spolupr\u00e1ci s experty na st\u0159elbu a lovci. Vanward Hunter poskytuje maxim\u00e1ln\u00ed bezpe\u010dnost, odolnost a v\u00fdkon v elegantn\u00edm, inovativn\u00edm balen\u00ed.<\/p>\n<\/div>\n","protected":false},"excerpt":{"rendered":"<p>3D ti\u0161t\u011bn\u00fd titanov\u00fd tlumi\u010d: lehk\u00fd, odoln\u00fd a \u00fa\u010dinn\u00fd.<\/p>\n","protected":false},"featured_media":102004,"template":"","meta":{"_acf_changed":false},"product_brand":[11929],"product_cat":[12709,12644,12662],"product_tag":[],"class_list":{"0":"post-42017","1":"product","2":"type-product","3":"status-publish","4":"has-post-thumbnail","6":"product_brand-vanward","7":"product_cat-puska","8":"product_cat-tlumic","9":"product_cat-tlumic-pro-pusky","11":"first","12":"instock","13":"taxable","14":"shipping-taxable","15":"purchasable","16":"product-type-variable","17":"wvs-archive-product-wrapper"},"acf":[],"_links":{"self":[{"href":"https:\/\/staging.nbg.eu\/cs\/wp-json\/wp\/v2\/product\/42017","targetHints":{"allow":["GET"]}}],"collection":[{"href":"https:\/\/staging.nbg.eu\/cs\/wp-json\/wp\/v2\/product"}],"about":[{"href":"https:\/\/staging.nbg.eu\/cs\/wp-json\/wp\/v2\/types\/product"}],"wp:featuredmedia":[{"embeddable":true,"href":"https:\/\/staging.nbg.eu\/cs\/wp-json\/wp\/v2\/media\/102004"}],"wp:attachment":[{"href":"https:\/\/staging.nbg.eu\/cs\/wp-json\/wp\/v2\/media?parent=42017"}],"wp:term":[{"taxonomy":"product_brand","embeddable":true,"href":"https:\/\/staging.nbg.eu\/cs\/wp-json\/wp\/v2\/product_brand?post=42017"},{"taxonomy":"product_cat","embeddable":true,"href":"https:\/\/staging.nbg.eu\/cs\/wp-json\/wp\/v2\/product_cat?post=42017"},{"taxonomy":"product_tag","embeddable":true,"href":"https:\/\/staging.nbg.eu\/cs\/wp-json\/wp\/v2\/product_tag?post=42017"}],"curies":[{"name":"wp","href":"https:\/\/api.w.org\/{rel}","templated":true}]}}