{"id":414844,"date":"2025-07-03T13:20:29","date_gmt":"2025-07-03T10:20:29","guid":{"rendered":"https:\/\/staging.nbg.eu\/product\/grip-kmr-l-dotmatrix-ergo-orange\/"},"modified":"2025-07-03T13:22:48","modified_gmt":"2025-07-03T10:22:48","slug":"grip-kmr-l-dotmatrix-ergo-orange","status":"publish","type":"product","link":"https:\/\/staging.nbg.eu\/cs\/produkt\/grip-kmr-l-dotmatrix-ergo-orange\/","title":{"rendered":"Grip KMR L DOTMATRIX ERGO ORANGE"},"content":{"rendered":"<div class=\"product-description\">\n<h2>Rukoje\u0165 KMR L DOTMATRIX ERGO ORAN\u017dOV\u00c1<\/h2>\n<p>KMR Precision Arms DOTMATRIX ERGO rukoje\u0165. Tato hlin\u00edkov\u00e1 rukoje\u0165 pln\u00e9 velikosti m\u00e1 n\u00e1sleduj\u00edc\u00ed vlastnosti:<\/p>\n<ul>\n<li>Ergonomick\u00fd profil pro lep\u0161\u00ed pohodl\u00ed<\/li>\n<li>Oran\u017eov\u00e1 barva pro dobrou viditelnost<\/li>\n<li>Navr\u017eeno bez z\u00e1sobn\u00edkov\u00e9 \u0161achty pro univerz\u00e1lnost<\/li>\n<li>P\u0159esn\u011b zkonstruov\u00e1no pro optim\u00e1ln\u00ed v\u00fdkon<\/li>\n<\/ul>\n<p>Referen\u010dn\u00ed \u010d\u00edslo: 0611-04001-0105<\/p>\n<\/div>\n","protected":false},"excerpt":{"rendered":"<p>Ergonomick\u00e9 hlin\u00edkov\u00e9 rukojeti s op\u011brkou dlan\u011b pro pistole KMR.<\/p>\n","protected":false},"featured_media":359466,"template":"","meta":{"_acf_changed":false},"product_brand":[11490],"product_cat":[12710,12661],"product_tag":[],"class_list":{"0":"post-414844","1":"product","2":"type-product","3":"status-publish","4":"has-post-thumbnail","6":"product_brand-kmr-precision","7":"product_cat-dily-na-pistole","8":"product_cat-kmr-dily","10":"first","11":"instock","12":"taxable","13":"shipping-taxable","14":"purchasable","15":"product-type-simple"},"acf":[],"_links":{"self":[{"href":"https:\/\/staging.nbg.eu\/cs\/wp-json\/wp\/v2\/product\/414844","targetHints":{"allow":["GET"]}}],"collection":[{"href":"https:\/\/staging.nbg.eu\/cs\/wp-json\/wp\/v2\/product"}],"about":[{"href":"https:\/\/staging.nbg.eu\/cs\/wp-json\/wp\/v2\/types\/product"}],"wp:featuredmedia":[{"embeddable":true,"href":"https:\/\/staging.nbg.eu\/cs\/wp-json\/wp\/v2\/media\/359466"}],"wp:attachment":[{"href":"https:\/\/staging.nbg.eu\/cs\/wp-json\/wp\/v2\/media?parent=414844"}],"wp:term":[{"taxonomy":"product_brand","embeddable":true,"href":"https:\/\/staging.nbg.eu\/cs\/wp-json\/wp\/v2\/product_brand?post=414844"},{"taxonomy":"product_cat","embeddable":true,"href":"https:\/\/staging.nbg.eu\/cs\/wp-json\/wp\/v2\/product_cat?post=414844"},{"taxonomy":"product_tag","embeddable":true,"href":"https:\/\/staging.nbg.eu\/cs\/wp-json\/wp\/v2\/product_tag?post=414844"}],"curies":[{"name":"wp","href":"https:\/\/api.w.org\/{rel}","templated":true}]}}