{"id":414738,"date":"2025-05-14T22:52:38","date_gmt":"2025-05-14T19:52:38","guid":{"rendered":"https:\/\/staging.nbg.eu\/product\/grip-kmr-s-dotmatrix-ergo-black\/"},"modified":"2025-07-03T13:17:50","modified_gmt":"2025-07-03T10:17:50","slug":"grip-kmr-s-dotmatrix-ergo-black","status":"publish","type":"product","link":"https:\/\/staging.nbg.eu\/cs\/produkt\/grip-kmr-s-dotmatrix-ergo-black\/","title":{"rendered":"Grip KMR S DOTMATRIX ERGO BLACK"},"content":{"rendered":"<div class=\"product-description\">\n<h2>Rukoje\u0165 KMR S DOTMATRIX ERGO \u010cERN\u00c1<\/h2>\n<p>Duralov\u00e9 rukojeti s golfov\u00fdm vzorem pro lep\u0161\u00ed \u00fachop. Vhodn\u00e9 pro modernizaci st\u00e1vaj\u00edc\u00edch pistol\u00ed nebo pro sout\u011b\u017en\u00ed st\u0159elbu. Kompatibiln\u00ed s KMR S-01 LANCE (OR), KMR S-02 (do roku 2023) a vybran\u00fdmi modely CZ v\u010detn\u011b Shadow 1, Shadow 2 a SP-01.<\/p>\n<p>Referen\u010dn\u00ed \u010d\u00edslo: 0611-03001-0101<\/p>\n<p>Zna\u010dka: KMR Precision Arms<\/p>\n<\/div>\n","protected":false},"excerpt":{"rendered":"<p>Ergonomick\u00e9 \u00fachyty z duraluminia se vzorem golfov\u00e9ho m\u00ed\u010dku pro bezpe\u010dn\u00e9 dr\u017een\u00ed. Vhodn\u00e9 pro pistole KMR a CZ.<\/p>\n","protected":false},"featured_media":359489,"template":"","meta":{"_acf_changed":false},"product_brand":[11490],"product_cat":[12710,12661],"product_tag":[],"class_list":{"0":"post-414738","1":"product","2":"type-product","3":"status-publish","4":"has-post-thumbnail","6":"product_brand-kmr-precision","7":"product_cat-dily-na-pistole","8":"product_cat-kmr-dily","10":"first","11":"instock","12":"taxable","13":"shipping-taxable","14":"purchasable","15":"product-type-simple"},"acf":[],"_links":{"self":[{"href":"https:\/\/staging.nbg.eu\/cs\/wp-json\/wp\/v2\/product\/414738","targetHints":{"allow":["GET"]}}],"collection":[{"href":"https:\/\/staging.nbg.eu\/cs\/wp-json\/wp\/v2\/product"}],"about":[{"href":"https:\/\/staging.nbg.eu\/cs\/wp-json\/wp\/v2\/types\/product"}],"wp:featuredmedia":[{"embeddable":true,"href":"https:\/\/staging.nbg.eu\/cs\/wp-json\/wp\/v2\/media\/359489"}],"wp:attachment":[{"href":"https:\/\/staging.nbg.eu\/cs\/wp-json\/wp\/v2\/media?parent=414738"}],"wp:term":[{"taxonomy":"product_brand","embeddable":true,"href":"https:\/\/staging.nbg.eu\/cs\/wp-json\/wp\/v2\/product_brand?post=414738"},{"taxonomy":"product_cat","embeddable":true,"href":"https:\/\/staging.nbg.eu\/cs\/wp-json\/wp\/v2\/product_cat?post=414738"},{"taxonomy":"product_tag","embeddable":true,"href":"https:\/\/staging.nbg.eu\/cs\/wp-json\/wp\/v2\/product_tag?post=414738"}],"curies":[{"name":"wp","href":"https:\/\/api.w.org\/{rel}","templated":true}]}}