{"id":414597,"date":"2025-07-03T12:32:50","date_gmt":"2025-07-03T09:32:50","guid":{"rendered":"https:\/\/staging.nbg.eu\/product\/grips-kmr-w-dotmatrix-black\/"},"modified":"2025-07-03T12:35:41","modified_gmt":"2025-07-03T09:35:41","slug":"gripy-kmr-w-dotmatrix-black","status":"publish","type":"product","link":"https:\/\/staging.nbg.eu\/cs\/produkt\/gripy-kmr-w-dotmatrix-black\/","title":{"rendered":"GRIPY KMR W DOTMATRIX BLACK"},"content":{"rendered":"<div class=\"product-description\">\n<h2>\u00daCHYTY KMR W DOTMATRIX \u010cERN\u00c9<\/h2>\n<p>\u00dachyty z duraluminia pro pistoli KMR. Vzor golfov\u00e9ho m\u00ed\u010dku poskytuje texturu pro dr\u017een\u00ed. Vhodn\u00e9 pro modernizaci st\u00e1vaj\u00edc\u00edch pistol\u00ed nebo pro sout\u011b\u017en\u00ed st\u0159elbu. Vlastnosti:<\/p>\n<ul>\n<li>Dlouh\u00e1 velikost<\/li>\n<li>Eloxovan\u00fd duralumin<\/li>\n<li>Bez vod\u00edtka z\u00e1sobn\u00edku<\/li>\n<li>V\u010detn\u011b torx \u0161roub\u016f<\/li>\n<li>Logo KMR<\/li>\n<\/ul>\n<p>Kompatibiln\u00ed s modely KMR W-02 CUDA (do roku 2023), UMBRA a UMBRA (OR).<\/p>\n<\/div>\n","protected":false},"excerpt":{"rendered":"<p>Odoln\u00e9 duralov\u00e9 rukojeti s texturou golfov\u00e9ho m\u00ed\u010dku pro pistole KMR.<\/p>\n","protected":false},"featured_media":359328,"template":"","meta":{"_acf_changed":false},"product_brand":[11490],"product_cat":[12710,12661],"product_tag":[],"class_list":{"0":"post-414597","1":"product","2":"type-product","3":"status-publish","4":"has-post-thumbnail","6":"product_brand-kmr-precision","7":"product_cat-dily-na-pistole","8":"product_cat-kmr-dily","10":"first","11":"instock","12":"taxable","13":"shipping-taxable","14":"purchasable","15":"product-type-simple"},"acf":[],"_links":{"self":[{"href":"https:\/\/staging.nbg.eu\/cs\/wp-json\/wp\/v2\/product\/414597","targetHints":{"allow":["GET"]}}],"collection":[{"href":"https:\/\/staging.nbg.eu\/cs\/wp-json\/wp\/v2\/product"}],"about":[{"href":"https:\/\/staging.nbg.eu\/cs\/wp-json\/wp\/v2\/types\/product"}],"wp:featuredmedia":[{"embeddable":true,"href":"https:\/\/staging.nbg.eu\/cs\/wp-json\/wp\/v2\/media\/359328"}],"wp:attachment":[{"href":"https:\/\/staging.nbg.eu\/cs\/wp-json\/wp\/v2\/media?parent=414597"}],"wp:term":[{"taxonomy":"product_brand","embeddable":true,"href":"https:\/\/staging.nbg.eu\/cs\/wp-json\/wp\/v2\/product_brand?post=414597"},{"taxonomy":"product_cat","embeddable":true,"href":"https:\/\/staging.nbg.eu\/cs\/wp-json\/wp\/v2\/product_cat?post=414597"},{"taxonomy":"product_tag","embeddable":true,"href":"https:\/\/staging.nbg.eu\/cs\/wp-json\/wp\/v2\/product_tag?post=414597"}],"curies":[{"name":"wp","href":"https:\/\/api.w.org\/{rel}","templated":true}]}}