{"id":414483,"date":"2025-07-03T12:07:41","date_gmt":"2025-07-03T09:07:41","guid":{"rendered":"https:\/\/staging.nbg.eu\/product\/grips-kmr-w-dotmatrix-ergo-black\/"},"modified":"2025-07-03T12:10:28","modified_gmt":"2025-07-03T09:10:28","slug":"gripy-kmr-w-dotmatrix-ergo-black","status":"publish","type":"product","link":"https:\/\/staging.nbg.eu\/cs\/produkt\/gripy-kmr-w-dotmatrix-ergo-black\/","title":{"rendered":"GRIPY KMR W DOTMATRIX ERGO BLACK"},"content":{"rendered":"<div class=\"product-description\">\n<h2>RUKOJETI KMR W DOTMATRIX ERGO \u010cERN\u00c9<\/h2>\n<p>Duralov\u00e9 rukojeti pro pistoli KMR s vzorem golfov\u00e9ho m\u00ed\u010dku pro lep\u0161\u00ed \u00fachop. Vhodn\u00e9 pro vylep\u0161en\u00ed nebo z\u00e1vodn\u00ed sestavy. Ergonomick\u00fd tvar pro jist\u00e9 dr\u017een\u00ed. Kompatibiln\u00ed s modely KMR W-02 CUDA (do roku 2023), UMBRA a UMBRA (OR).<\/p>\n<p><strong>Referen\u010dn\u00ed \u010d\u00edslo:<\/strong> 0611-03305-0101<\/p>\n<p><strong>Zna\u010dka:<\/strong> KMR Precision Arms<\/p>\n<\/div>\n","protected":false},"excerpt":{"rendered":"<p>Odoln\u00e9 \u00fachopy s golfov\u00fdm vzorem pro pistole KMR.<\/p>\n","protected":false},"featured_media":359351,"template":"","meta":{"_acf_changed":false},"product_brand":[11490],"product_cat":[12710,12661],"product_tag":[],"class_list":{"0":"post-414483","1":"product","2":"type-product","3":"status-publish","4":"has-post-thumbnail","6":"product_brand-kmr-precision","7":"product_cat-dily-na-pistole","8":"product_cat-kmr-dily","10":"first","11":"instock","12":"taxable","13":"shipping-taxable","14":"purchasable","15":"product-type-simple"},"acf":[],"_links":{"self":[{"href":"https:\/\/staging.nbg.eu\/cs\/wp-json\/wp\/v2\/product\/414483","targetHints":{"allow":["GET"]}}],"collection":[{"href":"https:\/\/staging.nbg.eu\/cs\/wp-json\/wp\/v2\/product"}],"about":[{"href":"https:\/\/staging.nbg.eu\/cs\/wp-json\/wp\/v2\/types\/product"}],"wp:featuredmedia":[{"embeddable":true,"href":"https:\/\/staging.nbg.eu\/cs\/wp-json\/wp\/v2\/media\/359351"}],"wp:attachment":[{"href":"https:\/\/staging.nbg.eu\/cs\/wp-json\/wp\/v2\/media?parent=414483"}],"wp:term":[{"taxonomy":"product_brand","embeddable":true,"href":"https:\/\/staging.nbg.eu\/cs\/wp-json\/wp\/v2\/product_brand?post=414483"},{"taxonomy":"product_cat","embeddable":true,"href":"https:\/\/staging.nbg.eu\/cs\/wp-json\/wp\/v2\/product_cat?post=414483"},{"taxonomy":"product_tag","embeddable":true,"href":"https:\/\/staging.nbg.eu\/cs\/wp-json\/wp\/v2\/product_tag?post=414483"}],"curies":[{"name":"wp","href":"https:\/\/api.w.org\/{rel}","templated":true}]}}