{"id":411849,"date":"2025-05-14T22:52:06","date_gmt":"2025-05-14T19:52:06","guid":{"rendered":"https:\/\/staging.nbg.eu\/product\/grips-kmr-w-dotmatrix-ergo-orange\/"},"modified":"2025-07-01T17:42:11","modified_gmt":"2025-07-01T14:42:11","slug":"gripy-kmr-w-dotmatrix-ergo-orange","status":"publish","type":"product","link":"https:\/\/staging.nbg.eu\/cs\/produkt\/gripy-kmr-w-dotmatrix-ergo-orange\/","title":{"rendered":"GRIPY KMR W DOTMATRIX ERGO ORANGE"},"content":{"rendered":"<div class=\"product-description\">\n<h2>\u00daCHYTY KMR W DOTMATRIX ERGO ORAN\u017dOV\u00c9<\/h2>\n<p>\u00dachyty pro pistoli KMR vyroben\u00e9 z duraluminia s vzorem golfov\u00e9ho m\u00ed\u010dku pro lep\u0161\u00ed \u00fachop. Vhodn\u00e9 pro vylep\u0161en\u00ed nebo sout\u011b\u017en\u00ed sestavy. Tyto oran\u017eov\u00e9 \u00fachyty DOTMATRIX ERGO jsou kompatibiln\u00ed s modely KMR W-02 CUDA (do roku 2023), UMBRA a UMBRA (OR).<\/p>\n<p><strong>Referen\u010dn\u00ed \u010d\u00edslo:<\/strong> 0611-03305-0101<\/p>\n<\/div>\n","protected":false},"excerpt":{"rendered":"<p>Ergonomick\u00e9 oran\u017eov\u00e9 rukojeti s te\u010dkovan\u00fdm vzorem pro pistole KMR.<\/p>\n","protected":false},"featured_media":359374,"template":"","meta":{"_acf_changed":false},"product_brand":[11490],"product_cat":[12710,12661],"product_tag":[],"class_list":{"0":"post-411849","1":"product","2":"type-product","3":"status-publish","4":"has-post-thumbnail","6":"product_brand-kmr-precision","7":"product_cat-dily-na-pistole","8":"product_cat-kmr-dily","10":"first","11":"outofstock","12":"taxable","13":"shipping-taxable","14":"purchasable","15":"product-type-simple"},"acf":[],"_links":{"self":[{"href":"https:\/\/staging.nbg.eu\/cs\/wp-json\/wp\/v2\/product\/411849","targetHints":{"allow":["GET"]}}],"collection":[{"href":"https:\/\/staging.nbg.eu\/cs\/wp-json\/wp\/v2\/product"}],"about":[{"href":"https:\/\/staging.nbg.eu\/cs\/wp-json\/wp\/v2\/types\/product"}],"wp:featuredmedia":[{"embeddable":true,"href":"https:\/\/staging.nbg.eu\/cs\/wp-json\/wp\/v2\/media\/359374"}],"wp:attachment":[{"href":"https:\/\/staging.nbg.eu\/cs\/wp-json\/wp\/v2\/media?parent=411849"}],"wp:term":[{"taxonomy":"product_brand","embeddable":true,"href":"https:\/\/staging.nbg.eu\/cs\/wp-json\/wp\/v2\/product_brand?post=411849"},{"taxonomy":"product_cat","embeddable":true,"href":"https:\/\/staging.nbg.eu\/cs\/wp-json\/wp\/v2\/product_cat?post=411849"},{"taxonomy":"product_tag","embeddable":true,"href":"https:\/\/staging.nbg.eu\/cs\/wp-json\/wp\/v2\/product_tag?post=411849"}],"curies":[{"name":"wp","href":"https:\/\/api.w.org\/{rel}","templated":true}]}}