{"id":411740,"date":"2025-05-14T22:52:01","date_gmt":"2025-05-14T19:52:01","guid":{"rendered":"https:\/\/staging.nbg.eu\/product\/grips-kmr-w-dotmatrix-ergo-red\/"},"modified":"2025-07-01T17:34:53","modified_gmt":"2025-07-01T14:34:53","slug":"gripy-kmr-w-dotmatrix-ergo-red","status":"publish","type":"product","link":"https:\/\/staging.nbg.eu\/cs\/produkt\/gripy-kmr-w-dotmatrix-ergo-red\/","title":{"rendered":"GRIPY KMR W DOTMATRIX ERGO RED"},"content":{"rendered":"<div class=\"product-description\">\n<h2>RUKOJETI KMR W DOTMATRIX ERGO \u010cERVEN\u00c9<\/h2>\n<p>Rukojeti pro pistoli KMR vyroben\u00e9 z duraluminia s vzorem golfov\u00e9ho m\u00ed\u010dku pro lep\u0161\u00ed \u00fachop. Vhodn\u00e9 pro sout\u011b\u017ee nebo vylep\u0161en\u00ed st\u00e1vaj\u00edc\u00edch zbran\u00ed. Ur\u010deno pro modely KMR W-02 CUDA (do roku 2023), UMBRA a UMBRA (OR).<\/p>\n<ul>\n<li>Referen\u010dn\u00ed \u010d\u00edslo: 0611-03305-0101<\/li>\n<li>Zna\u010dka: KMR Precision Arms<\/li>\n<li>Materi\u00e1l: Duralumin<\/li>\n<\/ul>\n<\/div>\n","protected":false},"excerpt":{"rendered":"<p>Odoln\u00e9, ergonomick\u00e9 rukojeti pro pistole KMR. Jist\u00fd \u00fachop.<\/p>\n","protected":false},"featured_media":359397,"template":"","meta":{"_acf_changed":false},"product_brand":[11490],"product_cat":[12710,12661],"product_tag":[],"class_list":{"0":"post-411740","1":"product","2":"type-product","3":"status-publish","4":"has-post-thumbnail","6":"product_brand-kmr-precision","7":"product_cat-dily-na-pistole","8":"product_cat-kmr-dily","10":"first","11":"outofstock","12":"taxable","13":"shipping-taxable","14":"purchasable","15":"product-type-simple"},"acf":[],"_links":{"self":[{"href":"https:\/\/staging.nbg.eu\/cs\/wp-json\/wp\/v2\/product\/411740","targetHints":{"allow":["GET"]}}],"collection":[{"href":"https:\/\/staging.nbg.eu\/cs\/wp-json\/wp\/v2\/product"}],"about":[{"href":"https:\/\/staging.nbg.eu\/cs\/wp-json\/wp\/v2\/types\/product"}],"wp:featuredmedia":[{"embeddable":true,"href":"https:\/\/staging.nbg.eu\/cs\/wp-json\/wp\/v2\/media\/359397"}],"wp:attachment":[{"href":"https:\/\/staging.nbg.eu\/cs\/wp-json\/wp\/v2\/media?parent=411740"}],"wp:term":[{"taxonomy":"product_brand","embeddable":true,"href":"https:\/\/staging.nbg.eu\/cs\/wp-json\/wp\/v2\/product_brand?post=411740"},{"taxonomy":"product_cat","embeddable":true,"href":"https:\/\/staging.nbg.eu\/cs\/wp-json\/wp\/v2\/product_cat?post=411740"},{"taxonomy":"product_tag","embeddable":true,"href":"https:\/\/staging.nbg.eu\/cs\/wp-json\/wp\/v2\/product_tag?post=411740"}],"curies":[{"name":"wp","href":"https:\/\/api.w.org\/{rel}","templated":true}]}}