{"id":411630,"date":"2025-07-01T17:23:59","date_gmt":"2025-07-01T14:23:59","guid":{"rendered":"https:\/\/staging.nbg.eu\/product\/grips-kmr-w-dotmatrix-ergo-silver\/"},"modified":"2025-07-01T17:26:53","modified_gmt":"2025-07-01T14:26:53","slug":"gripy-kmr-w-dotmatrix-ergo-silver","status":"publish","type":"product","link":"https:\/\/staging.nbg.eu\/cs\/produkt\/gripy-kmr-w-dotmatrix-ergo-silver\/","title":{"rendered":"GRIPY KMR W DOTMATRIX ERGO SILVER"},"content":{"rendered":"<div class=\"product-description\">\n<h2>\u00daCHYTY KMR W DOTMATRIX ERGO ST\u0158\u00cdBRN\u00c9<\/h2>\n<p>Tyto duralov\u00e9 \u00fachyty jsou ur\u010deny pro pistole KMR. Vzor s d\u016flky zaji\u0161\u0165uje pevn\u00e9 dr\u017een\u00ed. Vhodn\u00e9 pro vylep\u0161en\u00ed nebo sout\u011b\u017en\u00ed sestavy.<\/p>\n<ul>\n<li>Referen\u010dn\u00ed \u010d\u00edslo: 0611-03305-0101<\/li>\n<li>Zna\u010dka: KMR Precision Arms<\/li>\n<li>Kompatibiln\u00ed s: modely KMR W-02 CUDA, UMBRA a UMBRA (OR)<\/li>\n<\/ul>\n<\/div>\n","protected":false},"excerpt":{"rendered":"<p>Ergonomick\u00e9 \u00fachyty z duraluminia s golfov\u00fdm vzorem pro pistole KMR. Bezpe\u010dn\u00e9 dr\u017een\u00ed v jak\u00e9koli situaci.<\/p>\n","protected":false},"featured_media":359420,"template":"","meta":{"_acf_changed":false},"product_brand":[11490],"product_cat":[12710,12661],"product_tag":[],"class_list":{"0":"post-411630","1":"product","2":"type-product","3":"status-publish","4":"has-post-thumbnail","6":"product_brand-kmr-precision","7":"product_cat-dily-na-pistole","8":"product_cat-kmr-dily","10":"first","11":"instock","12":"taxable","13":"shipping-taxable","14":"purchasable","15":"product-type-simple"},"acf":[],"_links":{"self":[{"href":"https:\/\/staging.nbg.eu\/cs\/wp-json\/wp\/v2\/product\/411630","targetHints":{"allow":["GET"]}}],"collection":[{"href":"https:\/\/staging.nbg.eu\/cs\/wp-json\/wp\/v2\/product"}],"about":[{"href":"https:\/\/staging.nbg.eu\/cs\/wp-json\/wp\/v2\/types\/product"}],"wp:featuredmedia":[{"embeddable":true,"href":"https:\/\/staging.nbg.eu\/cs\/wp-json\/wp\/v2\/media\/359420"}],"wp:attachment":[{"href":"https:\/\/staging.nbg.eu\/cs\/wp-json\/wp\/v2\/media?parent=411630"}],"wp:term":[{"taxonomy":"product_brand","embeddable":true,"href":"https:\/\/staging.nbg.eu\/cs\/wp-json\/wp\/v2\/product_brand?post=411630"},{"taxonomy":"product_cat","embeddable":true,"href":"https:\/\/staging.nbg.eu\/cs\/wp-json\/wp\/v2\/product_cat?post=411630"},{"taxonomy":"product_tag","embeddable":true,"href":"https:\/\/staging.nbg.eu\/cs\/wp-json\/wp\/v2\/product_tag?post=411630"}],"curies":[{"name":"wp","href":"https:\/\/api.w.org\/{rel}","templated":true}]}}