{"id":411521,"date":"2025-07-01T17:16:49","date_gmt":"2025-07-01T14:16:49","guid":{"rendered":"https:\/\/staging.nbg.eu\/product\/grips-kmr-w-dotmatrix-silver\/"},"modified":"2025-07-01T17:19:39","modified_gmt":"2025-07-01T14:19:39","slug":"gripy-kmr-w-dotmatrix-silver","status":"publish","type":"product","link":"https:\/\/staging.nbg.eu\/cs\/produkt\/gripy-kmr-w-dotmatrix-silver\/","title":{"rendered":"GRIPY KMR W DOTMATRIX SILVER"},"content":{"rendered":"<div class=\"product-description\">\n<h2>\u00daCHYTY KMR W DOTMATRIX ST\u0158\u00cdBRN\u00c9<\/h2>\n<p>\u00dachyty z duraluminia pro pistoli KMR. Textura s vzorem golfov\u00e9ho m\u00ed\u010dku. Vhodn\u00e9 pro vylep\u0161en\u00ed st\u00e1vaj\u00edc\u00ed zbran\u011b nebo sestaven\u00ed pistole. Kompatibiln\u00ed s modely KMR W-02 CUDA (do roku 2023), UMBRA a UMBRA (OR).<\/p>\n<ul>\n<li>Referen\u010dn\u00ed \u010d\u00edslo: 0611-03301-0102<\/li>\n<li>Zna\u010dka: KMR Precision Arms<\/li>\n<li>Materi\u00e1l: Duralumin<\/li>\n<\/ul>\n<\/div>\n","protected":false},"excerpt":{"rendered":"<p>Texturovan\u00e9 duralov\u00e9 st\u0159enky pro pistole KMR. Vzor golfov\u00e9ho m\u00ed\u010dku zaji\u0161\u0165uje bezpe\u010dn\u00e9 dr\u017een\u00ed v jak\u00e9koli situaci.<\/p>\n","protected":false},"featured_media":359443,"template":"","meta":{"_acf_changed":false},"product_brand":[11490],"product_cat":[12710,12661],"product_tag":[],"class_list":{"0":"post-411521","1":"product","2":"type-product","3":"status-publish","4":"has-post-thumbnail","6":"product_brand-kmr-precision","7":"product_cat-dily-na-pistole","8":"product_cat-kmr-dily","10":"first","11":"instock","12":"taxable","13":"shipping-taxable","14":"purchasable","15":"product-type-simple"},"acf":[],"_links":{"self":[{"href":"https:\/\/staging.nbg.eu\/cs\/wp-json\/wp\/v2\/product\/411521","targetHints":{"allow":["GET"]}}],"collection":[{"href":"https:\/\/staging.nbg.eu\/cs\/wp-json\/wp\/v2\/product"}],"about":[{"href":"https:\/\/staging.nbg.eu\/cs\/wp-json\/wp\/v2\/types\/product"}],"wp:featuredmedia":[{"embeddable":true,"href":"https:\/\/staging.nbg.eu\/cs\/wp-json\/wp\/v2\/media\/359443"}],"wp:attachment":[{"href":"https:\/\/staging.nbg.eu\/cs\/wp-json\/wp\/v2\/media?parent=411521"}],"wp:term":[{"taxonomy":"product_brand","embeddable":true,"href":"https:\/\/staging.nbg.eu\/cs\/wp-json\/wp\/v2\/product_brand?post=411521"},{"taxonomy":"product_cat","embeddable":true,"href":"https:\/\/staging.nbg.eu\/cs\/wp-json\/wp\/v2\/product_cat?post=411521"},{"taxonomy":"product_tag","embeddable":true,"href":"https:\/\/staging.nbg.eu\/cs\/wp-json\/wp\/v2\/product_tag?post=411521"}],"curies":[{"name":"wp","href":"https:\/\/api.w.org\/{rel}","templated":true}]}}