{"id":411412,"date":"2025-07-01T17:09:02","date_gmt":"2025-07-01T14:09:02","guid":{"rendered":"https:\/\/staging.nbg.eu\/product\/grips-kmr-w-modular-sandpaper-black\/"},"modified":"2025-07-01T17:11:50","modified_gmt":"2025-07-01T14:11:50","slug":"gripy-kmr-w-modular-sandpaper-black","status":"publish","type":"product","link":"https:\/\/staging.nbg.eu\/cs\/produkt\/gripy-kmr-w-modular-sandpaper-black\/","title":{"rendered":"GRIPY KMR W MODULAR SANDPAPER BLACK"},"content":{"rendered":"<h2>\u00daCHYTY KMR W MODUL\u00c1RN\u00cd BRUSN\u00dd PAP\u00cdR \u010cERN\u00dd<\/h2>\n<p>KMR W Modul\u00e1rn\u00ed Brusn\u00fd Pap\u00edr \u010cern\u00fd je dlouh\u00fd \u00fachyt z eloxovan\u00e9ho duralu. Nab\u00edz\u00ed kontrolu a pohodl\u00ed bez vod\u00edtka z\u00e1sobn\u00edku. M\u00e1 modul\u00e1rn\u00ed design s logem KMR. Instalace se prov\u00e1d\u00ed pomoc\u00ed p\u0159ilo\u017een\u00fdch torx \u0161roub\u016f.<\/p>\n<ul>\n<li>Velikost: Dlouh\u00e1<\/li>\n<li>Materi\u00e1l: Eloxovan\u00fd dural<\/li>\n<li>Pou\u017eit\u00ed: Bez vod\u00edtka z\u00e1sobn\u00edku<\/li>\n<li>Obsahuje: Torx \u0161rouby<\/li>\n<li>Logo: KMR<\/li>\n<\/ul>\n<p><strong>Reference:<\/strong> 0611-03304-0101<\/p>\n","protected":false},"excerpt":{"rendered":"<p>Dlouh\u00e1, odoln\u00e1 eloxovan\u00e1 duralov\u00e1 rukoje\u0165.<\/p>\n","protected":false},"featured_media":359264,"template":"","meta":{"_acf_changed":false},"product_brand":[11490],"product_cat":[12710,12661],"product_tag":[],"class_list":{"0":"post-411412","1":"product","2":"type-product","3":"status-publish","4":"has-post-thumbnail","6":"product_brand-kmr-precision","7":"product_cat-dily-na-pistole","8":"product_cat-kmr-dily","10":"first","11":"instock","12":"taxable","13":"shipping-taxable","14":"purchasable","15":"product-type-simple"},"acf":[],"_links":{"self":[{"href":"https:\/\/staging.nbg.eu\/cs\/wp-json\/wp\/v2\/product\/411412","targetHints":{"allow":["GET"]}}],"collection":[{"href":"https:\/\/staging.nbg.eu\/cs\/wp-json\/wp\/v2\/product"}],"about":[{"href":"https:\/\/staging.nbg.eu\/cs\/wp-json\/wp\/v2\/types\/product"}],"wp:featuredmedia":[{"embeddable":true,"href":"https:\/\/staging.nbg.eu\/cs\/wp-json\/wp\/v2\/media\/359264"}],"wp:attachment":[{"href":"https:\/\/staging.nbg.eu\/cs\/wp-json\/wp\/v2\/media?parent=411412"}],"wp:term":[{"taxonomy":"product_brand","embeddable":true,"href":"https:\/\/staging.nbg.eu\/cs\/wp-json\/wp\/v2\/product_brand?post=411412"},{"taxonomy":"product_cat","embeddable":true,"href":"https:\/\/staging.nbg.eu\/cs\/wp-json\/wp\/v2\/product_cat?post=411412"},{"taxonomy":"product_tag","embeddable":true,"href":"https:\/\/staging.nbg.eu\/cs\/wp-json\/wp\/v2\/product_tag?post=411412"}],"curies":[{"name":"wp","href":"https:\/\/api.w.org\/{rel}","templated":true}]}}