{"id":411297,"date":"2025-07-01T16:59:52","date_gmt":"2025-07-01T13:59:52","guid":{"rendered":"https:\/\/staging.nbg.eu\/product\/grips-kmr-w-modular-sandpaper-titan\/"},"modified":"2025-07-01T17:02:43","modified_gmt":"2025-07-01T14:02:43","slug":"gripy-kmr-w-modular-sandpaper-titan","status":"publish","type":"product","link":"https:\/\/staging.nbg.eu\/cs\/produkt\/gripy-kmr-w-modular-sandpaper-titan\/","title":{"rendered":"GRIPY KMR W MODULAR SANDPAPER TITAN"},"content":{"rendered":"<h2>\u00daCHYT KMR W MODUL\u00c1RN\u00cd BRUSN\u00dd PAP\u00cdR TITAN<\/h2>\n<p>\u00daCHYT KMR W MODUL\u00c1RN\u00cd BRUSN\u00dd PAP\u00cdR TITAN zlep\u0161uje uchopen\u00ed zbran\u011b. Tento dlouh\u00fd \u00fachyt je vyroben z eloxovan\u00e9ho duralu pro pevnost a odolnost. Je navr\u017een pro pou\u017eit\u00ed bez vod\u00edtka z\u00e1sobn\u00edku a nab\u00edz\u00ed p\u0159izp\u016fsobiteln\u00e9 dr\u017een\u00ed. Balen\u00ed obsahuje torx \u0161rouby pro snadnou instalaci. \u00dachyt m\u00e1 logo KMR.<\/p>\n<p><strong>Referen\u010dn\u00ed \u010d\u00edslo:<\/strong> 0611-03304-0101<\/p>\n","protected":false},"excerpt":{"rendered":"<p>Dlouh\u00e1, odoln\u00e1 rukoje\u0165 KMR. Eloxovan\u00fd dural.<\/p>\n","protected":false},"featured_media":359288,"template":"","meta":{"_acf_changed":false},"product_brand":[11490],"product_cat":[12710,12661],"product_tag":[],"class_list":{"0":"post-411297","1":"product","2":"type-product","3":"status-publish","4":"has-post-thumbnail","6":"product_brand-kmr-precision","7":"product_cat-dily-na-pistole","8":"product_cat-kmr-dily","10":"first","11":"instock","12":"taxable","13":"shipping-taxable","14":"purchasable","15":"product-type-simple"},"acf":[],"_links":{"self":[{"href":"https:\/\/staging.nbg.eu\/cs\/wp-json\/wp\/v2\/product\/411297","targetHints":{"allow":["GET"]}}],"collection":[{"href":"https:\/\/staging.nbg.eu\/cs\/wp-json\/wp\/v2\/product"}],"about":[{"href":"https:\/\/staging.nbg.eu\/cs\/wp-json\/wp\/v2\/types\/product"}],"wp:featuredmedia":[{"embeddable":true,"href":"https:\/\/staging.nbg.eu\/cs\/wp-json\/wp\/v2\/media\/359288"}],"wp:attachment":[{"href":"https:\/\/staging.nbg.eu\/cs\/wp-json\/wp\/v2\/media?parent=411297"}],"wp:term":[{"taxonomy":"product_brand","embeddable":true,"href":"https:\/\/staging.nbg.eu\/cs\/wp-json\/wp\/v2\/product_brand?post=411297"},{"taxonomy":"product_cat","embeddable":true,"href":"https:\/\/staging.nbg.eu\/cs\/wp-json\/wp\/v2\/product_cat?post=411297"},{"taxonomy":"product_tag","embeddable":true,"href":"https:\/\/staging.nbg.eu\/cs\/wp-json\/wp\/v2\/product_tag?post=411297"}],"curies":[{"name":"wp","href":"https:\/\/api.w.org\/{rel}","templated":true}]}}