{"id":410717,"date":"2025-07-01T16:29:38","date_gmt":"2025-07-01T13:29:38","guid":{"rendered":"https:\/\/staging.nbg.eu\/product\/surefire-csm-09-push-button-switch\/"},"modified":"2025-07-01T16:32:34","modified_gmt":"2025-07-01T13:32:34","slug":"surefire-csm-09-tlacitkovy-spinac","status":"publish","type":"product","link":"https:\/\/staging.nbg.eu\/cs\/produkt\/surefire-csm-09-tlacitkovy-spinac\/","title":{"rendered":"Surefire CSM-09 Tla\u010d\u00edtkov\u00fd Sp\u00edna\u010d"},"content":{"rendered":"<div class=\"product-description\">\n<h2>Surefire CSM-09 Tla\u010d\u00edtkov\u00fd Sp\u00edna\u010d<\/h2>\n<h2>D\u00e1lkov\u00e9 ovl\u00e1d\u00e1n\u00ed. \u00daspora prostoru.<\/h2>\n<p>CSM-09 tla\u010d\u00edtkov\u00fd sp\u00edna\u010d je \u0159e\u0161en\u00ed pro d\u00e1lkovou aktivaci SureFire WeaponLight s maxim\u00e1ln\u00edm vyu\u017eit\u00edm prostoru na li\u0161t\u011b va\u0161\u00ed zbran\u011b. Tento kompaktn\u00ed sp\u00edna\u010d nab\u00edz\u00ed funkce do\u010dasn\u00e9ho a trval\u00e9ho zapnut\u00ed z jednoho ovl\u00e1dac\u00edho prvku.<\/p>\n<h3>Hlavn\u00ed vlastnosti:<\/h3>\n<ul>\n<li>D\u00e1lkov\u00e1 aktivace pro SureFire WeaponLights se z\u00e1suvkami pro sp\u00edna\u010de<\/li>\n<li>Kompaktn\u00ed design pro efektivn\u00ed vyu\u017eit\u00ed prostoru na li\u0161t\u011b<\/li>\n<li>Snadn\u00e9 p\u0159ipevn\u011bn\u00ed na M-LOK li\u0161ty<\/li>\n<li>Vod\u011bodoln\u00e1 konstrukce pro spolehlivost za v\u0161ech podm\u00ednek<\/li>\n<li>9palcov\u00fd kabel vhodn\u00fd pro v\u011bt\u0161inu aplikac\u00ed na pu\u0161k\u00e1ch\/karabin\u00e1ch<\/li>\n<\/ul>\n<h3>Kompatibilita:<\/h3>\n<p>CSM-09 je kompatibiln\u00ed s \u0159adou SureFire WeaponLights, v\u010detn\u011b:<\/p>\n<ul>\n<li>Millennium Universal<\/li>\n<li>Classic Universal<\/li>\n<li>Scout Light (se z\u00e1suvkou v koncovce)<\/li>\n<li>X300<\/li>\n<li>X400 (s XT koncovkou)<\/li>\n<\/ul>\n<h3>Ovl\u00e1d\u00e1n\u00ed:<\/h3>\n<p>Aktivace WeaponLight:<\/p>\n<ul>\n<li>Lehk\u00fd stisk pro do\u010dasn\u00e9 zapnut\u00ed<\/li>\n<li>\u00dapln\u00e9 stisknut\u00ed pro trval\u00e9 zapnut\u00ed<\/li>\n<\/ul>\n<p>CSM-09 tla\u010d\u00edtkov\u00fd sp\u00edna\u010d zaji\u0161\u0165uje, \u017ee v\u00e1\u0161 WeaponLight je p\u0159ipraven k pou\u017eit\u00ed. Je spolehliv\u00fd a v\u00fdkonn\u00fd pro v\u0161echny pot\u0159eby taktick\u00e9ho osv\u011btlen\u00ed.<\/p>\n<\/div>\n","protected":false},"excerpt":{"rendered":"<p>Kompaktn\u00ed d\u00e1lkov\u00fd sp\u00edna\u010d M-LOK pro zbra\u0148ov\u00e1 sv\u011btla SureFire. Do\u010dasn\u00e9 a trval\u00e9 zapnut\u00ed.<\/p>\n","protected":false},"featured_media":399884,"template":"","meta":{"_acf_changed":false},"product_brand":[11860],"product_cat":[12724,12700],"product_tag":[],"class_list":{"0":"post-410717","1":"product","2":"type-product","3":"status-publish","4":"has-post-thumbnail","6":"product_brand-surefire","7":"product_cat-prislusenstvi-ke-svitilnam","8":"product_cat-svitilny","10":"first","11":"instock","12":"taxable","13":"shipping-taxable","14":"purchasable","15":"product-type-simple"},"acf":[],"_links":{"self":[{"href":"https:\/\/staging.nbg.eu\/cs\/wp-json\/wp\/v2\/product\/410717","targetHints":{"allow":["GET"]}}],"collection":[{"href":"https:\/\/staging.nbg.eu\/cs\/wp-json\/wp\/v2\/product"}],"about":[{"href":"https:\/\/staging.nbg.eu\/cs\/wp-json\/wp\/v2\/types\/product"}],"wp:featuredmedia":[{"embeddable":true,"href":"https:\/\/staging.nbg.eu\/cs\/wp-json\/wp\/v2\/media\/399884"}],"wp:attachment":[{"href":"https:\/\/staging.nbg.eu\/cs\/wp-json\/wp\/v2\/media?parent=410717"}],"wp:term":[{"taxonomy":"product_brand","embeddable":true,"href":"https:\/\/staging.nbg.eu\/cs\/wp-json\/wp\/v2\/product_brand?post=410717"},{"taxonomy":"product_cat","embeddable":true,"href":"https:\/\/staging.nbg.eu\/cs\/wp-json\/wp\/v2\/product_cat?post=410717"},{"taxonomy":"product_tag","embeddable":true,"href":"https:\/\/staging.nbg.eu\/cs\/wp-json\/wp\/v2\/product_tag?post=410717"}],"curies":[{"name":"wp","href":"https:\/\/api.w.org\/{rel}","templated":true}]}}