{"id":409632,"date":"2025-07-01T13:39:36","date_gmt":"2025-07-01T10:39:36","guid":{"rendered":"https:\/\/staging.nbg.eu\/product\/surefire-m340v-tn-pro-scout-light-pro\/"},"modified":"2025-07-01T13:42:38","modified_gmt":"2025-07-01T10:42:38","slug":"surefire-m340v-tn-pro-scout-light-pro","status":"publish","type":"product","link":"https:\/\/staging.nbg.eu\/cs\/produkt\/surefire-m340v-tn-pro-scout-light-pro\/","title":{"rendered":"Surefire M340V-TN-PRO Scout Light Pro"},"content":{"rendered":"<h2>Surefire M340V-TN-PRO Scout Light Pro<\/h2>\n<h2>Osv\u011btlen\u00ed ve tm\u011b<\/h2>\n<p>Mini infra\u010derven\u00e9 Scout Light\u00ae Pro je 3voltov\u00e9 zbra\u0148ov\u00e9 sv\u011btlo, navr\u017een\u00e9 pro pou\u017eit\u00ed v r\u016fzn\u00fdch sv\u011bteln\u00fdch podm\u00ednk\u00e1ch. Toto osv\u011btlovac\u00ed za\u0159\u00edzen\u00ed nab\u00edz\u00ed:<\/p>\n<ul>\n<li>250 lumen\u016f b\u00edl\u00e9ho sv\u011btla<\/li>\n<li>100 mW neviditeln\u00e9ho infra\u010derven\u00e9ho osv\u011btlen\u00ed pro za\u0159\u00edzen\u00ed no\u010dn\u00edho vid\u011bn\u00ed<\/li>\n<li>Nen\u00ed pot\u0159eba IR filtr\u016f nebo n\u00e1hradn\u00edch \u017e\u00e1rovek<\/li>\n<li>Nov\u00fd n\u00edzkoprofilov\u00fd dr\u017e\u00e1k SureFire (LPM) pro v\u0161estrann\u00e9 pou\u017eit\u00ed<\/li>\n<li>Snadn\u00e9 p\u0159ep\u00edn\u00e1n\u00ed mezi b\u00edl\u00fdm sv\u011btlem, vypnut\u00edm a infra\u010derven\u00fdm re\u017eimem<\/li>\n<li>TIR \u010do\u010dka pro \u00fazk\u00fd paprsek vhodn\u00fd pro aplikace na kr\u00e1tkou a\u017e st\u0159edn\u00ed vzd\u00e1lenost<\/li>\n<\/ul>\n<h3>Odoln\u00e1 konstrukce<\/h3>\n<p>M340V-TN-PRO je postaveno tak, aby odolalo n\u00e1ro\u010dn\u00fdm podm\u00ednk\u00e1m:<\/p>\n<ul>\n<li>T\u011blo z vysoce pevn\u00e9ho leteck\u00e9ho hlin\u00edku<\/li>\n<li>Tvrd\u00e9 eloxov\u00e1n\u00ed podle vojensk\u00fdch specifikac\u00ed pro zv\u00fd\u0161enou odolnost a ochranu proti korozi<\/li>\n<li>Velmi odoln\u00e9 IR a b\u00edl\u00e9 LED diody<\/li>\n<li>Vodot\u011bsnost IPX7<\/li>\n<\/ul>\n<h3>Kl\u00ed\u010dov\u00e9 specifikace<\/h3>\n<ul>\n<li>V\u00fdkon: 250 lumen\u016f (b\u00edl\u00e9) \/ 100 mW (IR)<\/li>\n<li>Doba provozu: 1,5 hodiny (b\u00edl\u00e9) \/ 6,0 hodin (IR)<\/li>\n<li>Maxim\u00e1ln\u00ed intenzita paprsku: 9 300 kandel<\/li>\n<li>Dosah paprsku: 190 metr\u016f<\/li>\n<li>D\u00e9lka: 4,1 palce (10,4 cm)<\/li>\n<li>Hmotnost: 3,4 unce (96,4 g) s bateri\u00ed<\/li>\n<li>Nap\u00e1jen\u00ed: Jedna lithiov\u00e1 baterie 123A (sou\u010d\u00e1st\u00ed balen\u00ed)<\/li>\n<\/ul>\n<p>Surefire M340V-TN-PRO Scout Light Pro je v\u0161estrann\u00e9 a v\u00fdkonn\u00e9 za\u0159\u00edzen\u00ed pro taktick\u00e9 situace p\u0159i slab\u00e9m osv\u011btlen\u00ed.<\/p>\n","protected":false},"excerpt":{"rendered":"<p>Univerz\u00e1ln\u00ed taktick\u00e1 sv\u00edtilna s 250 lumeny b\u00edl\u00e9ho sv\u011btla\/100mW IR, odoln\u00e1 konstrukce, mont\u00e1\u017e na li\u0161tu.<\/p>\n","protected":false},"featured_media":400310,"template":"","meta":{"_acf_changed":false},"product_brand":[11860],"product_cat":[12700,12660],"product_tag":[],"class_list":{"0":"post-409632","1":"product","2":"type-product","3":"status-publish","4":"has-post-thumbnail","6":"product_brand-surefire","7":"product_cat-svitilny","8":"product_cat-svitilny-na-pusky","10":"first","11":"instock","12":"taxable","13":"shipping-taxable","14":"purchasable","15":"product-type-simple"},"acf":[],"_links":{"self":[{"href":"https:\/\/staging.nbg.eu\/cs\/wp-json\/wp\/v2\/product\/409632","targetHints":{"allow":["GET"]}}],"collection":[{"href":"https:\/\/staging.nbg.eu\/cs\/wp-json\/wp\/v2\/product"}],"about":[{"href":"https:\/\/staging.nbg.eu\/cs\/wp-json\/wp\/v2\/types\/product"}],"wp:featuredmedia":[{"embeddable":true,"href":"https:\/\/staging.nbg.eu\/cs\/wp-json\/wp\/v2\/media\/400310"}],"wp:attachment":[{"href":"https:\/\/staging.nbg.eu\/cs\/wp-json\/wp\/v2\/media?parent=409632"}],"wp:term":[{"taxonomy":"product_brand","embeddable":true,"href":"https:\/\/staging.nbg.eu\/cs\/wp-json\/wp\/v2\/product_brand?post=409632"},{"taxonomy":"product_cat","embeddable":true,"href":"https:\/\/staging.nbg.eu\/cs\/wp-json\/wp\/v2\/product_cat?post=409632"},{"taxonomy":"product_tag","embeddable":true,"href":"https:\/\/staging.nbg.eu\/cs\/wp-json\/wp\/v2\/product_tag?post=409632"}],"curies":[{"name":"wp","href":"https:\/\/api.w.org\/{rel}","templated":true}]}}