{"id":408025,"date":"2025-07-01T12:00:21","date_gmt":"2025-07-01T09:00:21","guid":{"rendered":"https:\/\/staging.nbg.eu\/product\/surefire-m640df-bk-pro-scout-light-pro-black\/"},"modified":"2025-07-01T12:03:56","modified_gmt":"2025-07-01T09:03:56","slug":"surefire-m640df-bk-pro-scout-light-pro-cerna","status":"publish","type":"product","link":"https:\/\/staging.nbg.eu\/cs\/produkt\/surefire-m640df-bk-pro-scout-light-pro-cerna\/","title":{"rendered":"Surefire M640DF-BK-PRO Scout Light Pro, \u010cern\u00e1"},"content":{"rendered":"<div class=\"product-description\">\n<h2>Surefire M640DF-BK-PRO Scout Light Pro, \u010cern\u00e1<\/h2>\n<p>Dual Fuel Scout Light\u00ae Pro je zbra\u0148ov\u00e9 sv\u011btlo, kter\u00e9 kombinuje osv\u011bd\u010den\u00e9 prvky s novou technologi\u00ed. Tento osv\u011btlovac\u00ed n\u00e1stroj je navr\u017een pro pou\u017eit\u00ed v taktick\u00fdch situac\u00edch, ve dne i v noci.<\/p>\n<h2>Hlavn\u00ed vlastnosti:<\/h2>\n<ul>\n<li>Vyd\u00e1v\u00e1 a\u017e 1 500 lumen\u016f b\u00edl\u00e9ho sv\u011btla<\/li>\n<li>Dual Fuel: Pou\u017e\u00edv\u00e1 bu\u010f dob\u00edjec\u00ed SF18650B nebo dv\u011b 123A lithiov\u00e9 baterie<\/li>\n<li>N\u00edzko-profilov\u00e9 uchycen\u00ed (LPM) pro optim\u00e1ln\u00ed um\u00edst\u011bn\u00ed<\/li>\n<li>Hybridn\u00ed sv\u011bteln\u00fd paprsek pro identifikaci na dlouhou vzd\u00e1lenost a situa\u010dn\u00ed pov\u011bdom\u00ed<\/li>\n<li>Odoln\u00e1 LED s vysok\u00fdm v\u00fdkonem<\/li>\n<li>Konstrukce z hlin\u00edku s tvrdou anodizac\u00ed dle vojensk\u00fdch specifikac\u00ed pro odolnost<\/li>\n<\/ul>\n<h2>V\u0161estrannost a v\u00fdkon:<\/h2>\n<p>M640DF-BK-PRO m\u00e1 nov\u00e9 n\u00edzko-profilov\u00e9 uchycen\u00ed (LPM), kter\u00e9 umo\u017e\u0148uje flexibiln\u00ed um\u00edst\u011bn\u00ed. Je kompatibiln\u00ed s MIL-STD-1913 a M-LOK syst\u00e9my. LED vyd\u00e1v\u00e1 1 500 lumen\u016f s bateri\u00ed SF18650B nebo 1 200 lumen\u016f s bateriemi 123A, poskytuje osv\u011btlen\u00ed na d\u00e1lku i do okol\u00ed pomoc\u00ed \u010do\u010dky s \u00fapln\u00fdm vnit\u0159n\u00edm odrazem (TIR).<\/p>\n<h2>Konstruov\u00e1no pro n\u00e1ro\u010dn\u00e9 podm\u00ednky:<\/h2>\n<p>Vyrobeno z lehk\u00e9ho leteck\u00e9ho hlin\u00edku s tvrdou anodizac\u00ed dle vojensk\u00fdch specifikac\u00ed. O-krou\u017eky zaji\u0161\u0165uj\u00ed vodot\u011bsnost IPX7. Tvrzen\u00e9 sklo a robustn\u00ed konstrukce zaji\u0161\u0165uj\u00ed odolnost.<\/p>\n<h2>Taktick\u00e9 vlastnosti:<\/h2>\n<p>Intenzita paprsku 16 000 kandel a dosah a\u017e 250 metr\u016f. Tla\u010d\u00edtko Z68 pro okam\u017eit\u00e9 nebo trval\u00e9 zapnut\u00ed je chr\u00e1n\u011bno taktick\u00fdm krytem.<\/p>\n<h2>Technick\u00e9 specifikace:<\/h2>\n<ul>\n<li>D\u00e9lka: 14,1 cm<\/li>\n<li>Hmotnost s bateriemi: 156 g<\/li>\n<li>Pr\u016fm\u011br hlavy: 2,9 cm<\/li>\n<li>V\u00fdkon: Vysok\u00fd &#8211; 1 500 lumen\u016f (SF18650B) \/ 1 200 lumen\u016f (123A)<\/li>\n<li>Doba provozu: 1,5 hodiny (SF18650B) \/ 1,25 hodiny (123A)<\/li>\n<\/ul>\n<p>Surefire M640DF-BK-PRO Scout Light Pro je nov\u00e1 generace zbra\u0148ov\u00e9ho osv\u011btlen\u00ed pro pou\u017eit\u00ed v r\u016fzn\u00fdch prost\u0159ed\u00edch.<\/p>\n<\/div>\n","protected":false},"excerpt":{"rendered":"<p>V\u00fdkonn\u00e9 taktick\u00e9 sv\u011btlo s 1 500 lumeny a univerz\u00e1ln\u00edm dr\u017e\u00e1kem pro pou\u017eit\u00ed na kr\u00e1tkou i dlouhou vzd\u00e1lenost.<\/p>\n","protected":false},"featured_media":400333,"template":"","meta":{"_acf_changed":false},"product_brand":[11860],"product_cat":[12700,12660],"product_tag":[],"class_list":{"0":"post-408025","1":"product","2":"type-product","3":"status-publish","4":"has-post-thumbnail","6":"product_brand-surefire","7":"product_cat-svitilny","8":"product_cat-svitilny-na-pusky","10":"first","11":"instock","12":"taxable","13":"shipping-taxable","14":"purchasable","15":"product-type-variable","16":"wvs-archive-product-wrapper"},"acf":[],"_links":{"self":[{"href":"https:\/\/staging.nbg.eu\/cs\/wp-json\/wp\/v2\/product\/408025","targetHints":{"allow":["GET"]}}],"collection":[{"href":"https:\/\/staging.nbg.eu\/cs\/wp-json\/wp\/v2\/product"}],"about":[{"href":"https:\/\/staging.nbg.eu\/cs\/wp-json\/wp\/v2\/types\/product"}],"wp:featuredmedia":[{"embeddable":true,"href":"https:\/\/staging.nbg.eu\/cs\/wp-json\/wp\/v2\/media\/400333"}],"wp:attachment":[{"href":"https:\/\/staging.nbg.eu\/cs\/wp-json\/wp\/v2\/media?parent=408025"}],"wp:term":[{"taxonomy":"product_brand","embeddable":true,"href":"https:\/\/staging.nbg.eu\/cs\/wp-json\/wp\/v2\/product_brand?post=408025"},{"taxonomy":"product_cat","embeddable":true,"href":"https:\/\/staging.nbg.eu\/cs\/wp-json\/wp\/v2\/product_cat?post=408025"},{"taxonomy":"product_tag","embeddable":true,"href":"https:\/\/staging.nbg.eu\/cs\/wp-json\/wp\/v2\/product_tag?post=408025"}],"curies":[{"name":"wp","href":"https:\/\/api.w.org\/{rel}","templated":true}]}}