{"id":405835,"date":"2025-06-30T21:19:07","date_gmt":"2025-06-30T18:19:07","guid":{"rendered":"https:\/\/staging.nbg.eu\/product\/surefire-scout-infrared-light-m640v-pro-tan\/"},"modified":"2025-06-30T21:21:02","modified_gmt":"2025-06-30T18:21:02","slug":"surefire-scout-infracervene-svetlo-m640v-pro-tan","status":"publish","type":"product","link":"https:\/\/staging.nbg.eu\/cs\/produkt\/surefire-scout-infracervene-svetlo-m640v-pro-tan\/","title":{"rendered":"SureFire Scout Infra\u010derven\u00e9 Sv\u011btlo &#8211; M640V PRO &#8211; Tan"},"content":{"rendered":"<h2>SureFire Scout infra\u010derven\u00e9 sv\u011btlo &#8211; M640V PRO &#8211; P\u00edskov\u00e9<\/h2>\n<p>M640V PRO Scout infra\u010derven\u00e9 sv\u011btlo nab\u00edz\u00ed tyto funkce:<\/p>\n<ul>\n<li>350 lumen\u016f b\u00edl\u00e9ho sv\u011btla a 120 mW IR v\u00fdstupu<\/li>\n<li>Nov\u00fd n\u00edzkoprofilov\u00fd dr\u017e\u00e1k pro optim\u00e1ln\u00ed um\u00edst\u011bn\u00ed na MIL-STD-1913 nebo M-LOK li\u0161ty<\/li>\n<li>Vlastn\u00ed TIR \u010do\u010dka pro paprsek s dlouh\u00fdm dosahem a dostate\u010dn\u00fdm okoln\u00edm sv\u011btlem<\/li>\n<li>P\u0159ep\u00edn\u00e1n\u00ed mezi b\u00edl\u00fdm a IR re\u017eimem za chodu<\/li>\n<li>Konstrukce z leteck\u00e9ho hlin\u00edku s tvrdou anodizovanou povrchovou \u00fapravou dle vojensk\u00fdch specifikac\u00ed<\/li>\n<li>Vod\u011bodolnost IPX7<\/li>\n<li>Tla\u010d\u00edtkov\u00fd sp\u00edna\u010d na koncovce pro snadnou aktivaci<\/li>\n<\/ul>\n<p>S dobou provozu 2,5 hodiny na vysok\u00fd v\u00fdkon a dosahem paprsku 214 metr\u016f je M640V PRO vhodn\u00fd pro st\u0159edn\u00ed a\u017e dlouh\u00e9 vzd\u00e1lenosti.<\/p>\n","protected":false},"excerpt":{"rendered":"<p>Univerz\u00e1ln\u00ed IR\/b\u00edl\u00e9 zbra\u0148ov\u00e9 sv\u011btlo s v\u00fdkonem 350 lumen\u016f a 120 mW IR v\u00fdstupem.<\/p>\n","protected":false},"featured_media":353014,"template":"","meta":{"_acf_changed":false},"product_brand":[11860],"product_cat":[12668,12700,12660],"product_tag":[],"class_list":{"0":"post-405835","1":"product","2":"type-product","3":"status-publish","4":"has-post-thumbnail","6":"product_brand-surefire","7":"product_cat-edc-svitilny","8":"product_cat-svitilny","9":"product_cat-svitilny-na-pusky","11":"first","12":"instock","13":"taxable","14":"shipping-taxable","15":"purchasable","16":"product-type-simple"},"acf":[],"_links":{"self":[{"href":"https:\/\/staging.nbg.eu\/cs\/wp-json\/wp\/v2\/product\/405835","targetHints":{"allow":["GET"]}}],"collection":[{"href":"https:\/\/staging.nbg.eu\/cs\/wp-json\/wp\/v2\/product"}],"about":[{"href":"https:\/\/staging.nbg.eu\/cs\/wp-json\/wp\/v2\/types\/product"}],"wp:featuredmedia":[{"embeddable":true,"href":"https:\/\/staging.nbg.eu\/cs\/wp-json\/wp\/v2\/media\/353014"}],"wp:attachment":[{"href":"https:\/\/staging.nbg.eu\/cs\/wp-json\/wp\/v2\/media?parent=405835"}],"wp:term":[{"taxonomy":"product_brand","embeddable":true,"href":"https:\/\/staging.nbg.eu\/cs\/wp-json\/wp\/v2\/product_brand?post=405835"},{"taxonomy":"product_cat","embeddable":true,"href":"https:\/\/staging.nbg.eu\/cs\/wp-json\/wp\/v2\/product_cat?post=405835"},{"taxonomy":"product_tag","embeddable":true,"href":"https:\/\/staging.nbg.eu\/cs\/wp-json\/wp\/v2\/product_tag?post=405835"}],"curies":[{"name":"wp","href":"https:\/\/api.w.org\/{rel}","templated":true}]}}