{"id":405568,"date":"2025-05-05T23:43:01","date_gmt":"2025-05-05T20:43:01","guid":{"rendered":"https:\/\/staging.nbg.eu\/product\/surefire-plr-c-edc-flashlight-stiletto-pro-ii\/"},"modified":"2025-06-30T20:03:18","modified_gmt":"2025-06-30T17:03:18","slug":"surefire-plr-c-edc-svitilna-stiletto-pro-ii","status":"publish","type":"product","link":"https:\/\/staging.nbg.eu\/cs\/produkt\/surefire-plr-c-edc-svitilna-stiletto-pro-ii\/","title":{"rendered":"Surefire PLR-C EDC Sv\u00edtilna &#8211; Stiletto Pro II"},"content":{"rendered":"<h2>Surefire PLR-C EDC sv\u00edtilna &#8211; Stiletto Pro II<\/h2>\n<p>Stiletto Pro II je kapesn\u00ed sv\u00edtilna pro ka\u017edodenn\u00ed no\u0161en\u00ed. Tato sv\u00edtilna m\u00e1 tenk\u00fd profil a v\u00fdkon a\u017e 1 500 lumen\u016f s hybridn\u00edm paprskem dosahuj\u00edc\u00edm 375 metr\u016f.<\/p>\n<ul>\n<li>Dvojit\u00e1 optika poskytuje 35 000 kandel pro osv\u011btlen\u00ed na velkou vzd\u00e1lenost<\/li>\n<li>T\u0159i programovateln\u00e1 nastaven\u00ed: Vysok\u00e9 (1 500 lumen\u016f), St\u0159edn\u00ed (500 lumen\u016f) a N\u00edzk\u00e9 (25 lumen\u016f)<\/li>\n<li>T\u011blo z leteck\u00e9ho hlin\u00edku zaji\u0161\u0165uje odolnost a snadn\u00e9 ukryt\u00ed<\/li>\n<li>Taktick\u00fd koncov\u00fd sp\u00edna\u010d s voliteln\u00fdm vysokofrekven\u010dn\u00edm stroboskopem<\/li>\n<li>Integrovan\u00e1 lithium-polymerov\u00e1 baterie dob\u00edjen\u00e1 p\u0159es USB-C<\/li>\n<li>LED indik\u00e1tor stavu baterie<\/li>\n<li>Oboustrann\u00e1 ocelov\u00e1 kapesn\u00ed spona s povrchovou \u00fapravou Melonite<\/li>\n<li>Vodot\u011bsnost IPX7 do 1 metru po dobu 30 minut<\/li>\n<\/ul>\n<p>Stiletto Pro II je vhodn\u00e1 pro pohyb ve tm\u011b nebo venkovn\u00ed aktivity. Je ur\u010dena pro policii, arm\u00e1du a b\u011b\u017en\u00e9 u\u017eivatele.<\/p>\n","protected":false},"excerpt":{"rendered":"<p>\u0160t\u00edhl\u00e9, v\u00fdkonn\u00e9 EDC sv\u011btlo s 1 500 lumeny a dlouh\u00fdm dosahem paprsku.<\/p>\n","protected":false},"featured_media":352334,"template":"","meta":{"_acf_changed":false},"product_brand":[11860],"product_cat":[12699,12668,12700],"product_tag":[],"class_list":{"0":"post-405568","1":"product","2":"type-product","3":"status-publish","4":"has-post-thumbnail","6":"product_brand-surefire","7":"product_cat-edc","8":"product_cat-edc-svitilny","9":"product_cat-svitilny","11":"first","12":"outofstock","13":"taxable","14":"shipping-taxable","15":"purchasable","16":"product-type-simple"},"acf":[],"_links":{"self":[{"href":"https:\/\/staging.nbg.eu\/cs\/wp-json\/wp\/v2\/product\/405568","targetHints":{"allow":["GET"]}}],"collection":[{"href":"https:\/\/staging.nbg.eu\/cs\/wp-json\/wp\/v2\/product"}],"about":[{"href":"https:\/\/staging.nbg.eu\/cs\/wp-json\/wp\/v2\/types\/product"}],"wp:featuredmedia":[{"embeddable":true,"href":"https:\/\/staging.nbg.eu\/cs\/wp-json\/wp\/v2\/media\/352334"}],"wp:attachment":[{"href":"https:\/\/staging.nbg.eu\/cs\/wp-json\/wp\/v2\/media?parent=405568"}],"wp:term":[{"taxonomy":"product_brand","embeddable":true,"href":"https:\/\/staging.nbg.eu\/cs\/wp-json\/wp\/v2\/product_brand?post=405568"},{"taxonomy":"product_cat","embeddable":true,"href":"https:\/\/staging.nbg.eu\/cs\/wp-json\/wp\/v2\/product_cat?post=405568"},{"taxonomy":"product_tag","embeddable":true,"href":"https:\/\/staging.nbg.eu\/cs\/wp-json\/wp\/v2\/product_tag?post=405568"}],"curies":[{"name":"wp","href":"https:\/\/api.w.org\/{rel}","templated":true}]}}