{"id":405325,"date":"2025-06-30T19:47:05","date_gmt":"2025-06-30T16:47:05","guid":{"rendered":"https:\/\/staging.nbg.eu\/product\/compensator-ase-utra-au780-borelock-223-muzzle-brake-1-2x28-unef\/"},"modified":"2025-06-30T19:48:55","modified_gmt":"2025-06-30T16:48:55","slug":"kompenzator-ase-utra-au780-borelock-223-ustova-brzda-12x28-unef","status":"publish","type":"product","link":"https:\/\/staging.nbg.eu\/cs\/produkt\/kompenzator-ase-utra-au780-borelock-223-ustova-brzda-12x28-unef\/","title":{"rendered":"KOMPENZ\u00c1TOR ASE UTRA AU780 BoreLock .223 \u00fas\u0165ov\u00e1 brzda 1\/2&#8243;x28 UNEF"},"content":{"rendered":"<h2>KOMPENZ\u00c1TOR ASE UTRA AU780 BoreLock .223 \u00das\u0165ov\u00e1 brzda<\/h2>\n<p>KOMPENZ\u00c1TOR ASE UTRA AU780 BoreLock .223 \u00fas\u0165ov\u00e1 brzda s BoreLock syst\u00e9mem rychl\u00e9ho upevn\u011bn\u00ed. Toto za\u0159\u00edzen\u00ed je ur\u010deno pro \u00fato\u010dn\u00e9 pu\u0161ky a lehk\u00e9 kulomety r\u00e1\u017ee 5,56 mm NATO a nab\u00edz\u00ed bezpe\u010dn\u00e9 a snadn\u00e9 upevn\u011bn\u00ed.<\/p>\n<h2>Hlavn\u00ed vlastnosti:<\/h2>\n<ul>\n<li>Z\u00e1vit: 1\/2&#8243;x28 UNEF<\/li>\n<li>Kompatibiln\u00ed s .223 Remington \/ 5,56 NATO<\/li>\n<li>BoreLock syst\u00e9m rychl\u00e9ho upevn\u011bn\u00ed<\/li>\n<li>Dvouportov\u00fd design pro redukci zp\u011btn\u00e9ho r\u00e1zu<\/li>\n<li>Kompaktn\u00ed rozm\u011bry umo\u017e\u0148uj\u00ed minim\u00e1ln\u00ed rozm\u011bry tlumi\u010de<\/li>\n<li>Redukce z\u00e1blesku a vizu\u00e1ln\u00ed signatury<\/li>\n<\/ul>\n<p>AU780 BoreLock \u00fas\u0165ov\u00e1 brzda je sou\u010d\u00e1st\u00ed BoreLock mont\u00e1\u017en\u00edho syst\u00e9mu ASE UTRA, kter\u00fd zahrnuje r\u016fzn\u00e9 \u00fas\u0165ov\u00e9 tlumi\u010de a mont\u00e1\u017en\u00ed obj\u00edmku pro v\u011bt\u0161\u00ed v\u0161estrannost. Tato brzda zaji\u0161\u0165uje optim\u00e1ln\u00ed kontrolu zp\u011btn\u00e9ho r\u00e1zu p\u0159i zachov\u00e1n\u00ed n\u00edzk\u00e9ho profilu.<\/p>\n<p>KOMPENZ\u00c1TOR ASE UTRA AU780 BoreLock .223 \u00fas\u0165ov\u00e1 brzda je vhodn\u00fdm dopl\u0148kem pro va\u0161i st\u0159elnou zbra\u0148.<\/p>\n","protected":false},"excerpt":{"rendered":"<p>Kompaktn\u00ed, \u00fa\u010dinn\u00e9 sn\u00ed\u017een\u00ed zp\u011btn\u00e9ho r\u00e1zu pro pu\u0161ky r\u00e1\u017ee .223. Syst\u00e9m rychl\u00e9ho upevn\u011bn\u00ed.<\/p>\n","protected":false},"featured_media":359517,"template":"","meta":{"_acf_changed":false},"product_brand":[],"product_cat":[12709,12658,12662],"product_tag":[],"class_list":{"0":"post-405325","1":"product","2":"type-product","3":"status-publish","4":"has-post-thumbnail","6":"product_cat-puska","7":"product_cat-rifle-tuning","8":"product_cat-tlumic-pro-pusky","10":"first","11":"instock","12":"taxable","13":"shipping-taxable","14":"purchasable","15":"product-type-simple"},"acf":[],"_links":{"self":[{"href":"https:\/\/staging.nbg.eu\/cs\/wp-json\/wp\/v2\/product\/405325","targetHints":{"allow":["GET"]}}],"collection":[{"href":"https:\/\/staging.nbg.eu\/cs\/wp-json\/wp\/v2\/product"}],"about":[{"href":"https:\/\/staging.nbg.eu\/cs\/wp-json\/wp\/v2\/types\/product"}],"wp:featuredmedia":[{"embeddable":true,"href":"https:\/\/staging.nbg.eu\/cs\/wp-json\/wp\/v2\/media\/359517"}],"wp:attachment":[{"href":"https:\/\/staging.nbg.eu\/cs\/wp-json\/wp\/v2\/media?parent=405325"}],"wp:term":[{"taxonomy":"product_brand","embeddable":true,"href":"https:\/\/staging.nbg.eu\/cs\/wp-json\/wp\/v2\/product_brand?post=405325"},{"taxonomy":"product_cat","embeddable":true,"href":"https:\/\/staging.nbg.eu\/cs\/wp-json\/wp\/v2\/product_cat?post=405325"},{"taxonomy":"product_tag","embeddable":true,"href":"https:\/\/staging.nbg.eu\/cs\/wp-json\/wp\/v2\/product_tag?post=405325"}],"curies":[{"name":"wp","href":"https:\/\/api.w.org\/{rel}","templated":true}]}}