{"id":404887,"date":"2025-06-30T12:10:52","date_gmt":"2025-06-30T09:10:52","guid":{"rendered":"https:\/\/staging.nbg.eu\/product\/ammunition-cci-cal-22-lr-mini-mag-cprn-40gr-100pcs\/"},"modified":"2025-06-30T12:12:26","modified_gmt":"2025-06-30T09:12:26","slug":"strelivo-cci-raze-22-lr-mini-mag-cprn-40gr-100ks","status":"publish","type":"product","link":"https:\/\/staging.nbg.eu\/cs\/produkt\/strelivo-cci-raze-22-lr-mini-mag-cprn-40gr-100ks\/","title":{"rendered":"ST\u0158ELIVO CCI r\u00e1\u017ee 22 LR Mini Mag CPRN 40gr \/100ks"},"content":{"rendered":"<div class=\"product-description\">\n<h2>MUNICE CCI kal. 22 LR Mini Mag CPRN 40gr \/100ks<\/h2>\n<p>CCI Mini-Mag\u00ae je p\u016fvodn\u00ed nab\u00eddka CCI. Tato n\u00e1bojnice 22 LR kombinuje p\u0159esnost s \u010distotou a je vhodn\u00e1 pro st\u0159elbu na ter\u010d.<\/p>\n<h2>Hlavn\u00ed vlastnosti:<\/h2>\n<ul>\n<li>P\u016fvodn\u00ed nab\u00eddka CCI<\/li>\n<li>Spolehliv\u00e9 pod\u00e1v\u00e1n\u00ed<\/li>\n<li>\u010cist\u011b ho\u0159\u00edc\u00ed prach minimalizuje zne\u010di\u0161t\u011bn\u00ed hlavn\u011b<\/li>\n<li>CCI\u00ae z\u00e1palka a mosaz pro konzistentn\u00ed v\u00fdkon<\/li>\n<\/ul>\n<h2>Specifikace:<\/h2>\n<table>\n<tr>\n<td>R\u00e1\u017ee:<\/td>\n<td>22 LR<\/td>\n<\/tr>\n<tr>\n<td>Hmotnost st\u0159ely:<\/td>\n<td>40 grain\u016f<\/td>\n<\/tr>\n<tr>\n<td>Typ st\u0159ely:<\/td>\n<td>M\u011bd\u011bn\u00fd povrch s kulatou \u0161pi\u010dkou (CPRN)<\/td>\n<\/tr>\n<tr>\n<td>\u00das\u0165ov\u00e1 rychlost:<\/td>\n<td>1235 fps<\/td>\n<\/tr>\n<tr>\n<td>Balistick\u00fd koeficient:<\/td>\n<td>0,130<\/td>\n<\/tr>\n<tr>\n<td>Mno\u017estv\u00ed v balen\u00ed:<\/td>\n<td>100 n\u00e1boj\u016f<\/td>\n<\/tr>\n<tr>\n<td>Pou\u017eit\u00ed:<\/td>\n<td>St\u0159elba na ter\u010d<\/td>\n<\/tr>\n<\/table>\n<h2>Balistika:<\/h2>\n<table>\n<tr>\n<th>Vzd\u00e1lenost<\/th>\n<th>Rychlost (fps)<\/th>\n<\/tr>\n<tr>\n<td>\u00dast\u00ed<\/td>\n<td>1235<\/td>\n<\/tr>\n<tr>\n<td>50 yard\u016f<\/td>\n<td>1092<\/td>\n<\/tr>\n<tr>\n<td>75 yard\u016f<\/td>\n<td>1040<\/td>\n<\/tr>\n<tr>\n<td>100 yard\u016f<\/td>\n<td>998<\/td>\n<\/tr>\n<\/table>\n<\/div>\n","protected":false},"excerpt":{"rendered":"<p>Obl\u00edben\u00e9 22 LR Mini-Mag: \u010dist\u00e9, spolehliv\u00e9, p\u0159esn\u00e9. 40gr CPRN, 100 ks.<\/p>\n","protected":false},"featured_media":359540,"template":"","meta":{"_acf_changed":false},"product_brand":[],"product_cat":[12694,12684],"product_tag":[],"class_list":{"0":"post-404887","1":"product","2":"type-product","3":"status-publish","4":"has-post-thumbnail","6":"product_cat-licencovany","7":"product_cat-munice","9":"first","10":"instock","11":"taxable","12":"shipping-taxable","13":"product-type-simple"},"acf":[],"_links":{"self":[{"href":"https:\/\/staging.nbg.eu\/cs\/wp-json\/wp\/v2\/product\/404887","targetHints":{"allow":["GET"]}}],"collection":[{"href":"https:\/\/staging.nbg.eu\/cs\/wp-json\/wp\/v2\/product"}],"about":[{"href":"https:\/\/staging.nbg.eu\/cs\/wp-json\/wp\/v2\/types\/product"}],"wp:featuredmedia":[{"embeddable":true,"href":"https:\/\/staging.nbg.eu\/cs\/wp-json\/wp\/v2\/media\/359540"}],"wp:attachment":[{"href":"https:\/\/staging.nbg.eu\/cs\/wp-json\/wp\/v2\/media?parent=404887"}],"wp:term":[{"taxonomy":"product_brand","embeddable":true,"href":"https:\/\/staging.nbg.eu\/cs\/wp-json\/wp\/v2\/product_brand?post=404887"},{"taxonomy":"product_cat","embeddable":true,"href":"https:\/\/staging.nbg.eu\/cs\/wp-json\/wp\/v2\/product_cat?post=404887"},{"taxonomy":"product_tag","embeddable":true,"href":"https:\/\/staging.nbg.eu\/cs\/wp-json\/wp\/v2\/product_tag?post=404887"}],"curies":[{"name":"wp","href":"https:\/\/api.w.org\/{rel}","templated":true}]}}