{"id":404775,"date":"2025-06-30T12:05:47","date_gmt":"2025-06-30T09:05:47","guid":{"rendered":"https:\/\/staging.nbg.eu\/product\/ammunition-sb-cal-357-mag-fmj-10-25g\/"},"modified":"2025-06-30T12:07:22","modified_gmt":"2025-06-30T09:07:22","slug":"strelivo-sb-raze-357-mag-fmj-1025g","status":"publish","type":"product","link":"https:\/\/staging.nbg.eu\/cs\/produkt\/strelivo-sb-raze-357-mag-fmj-1025g\/","title":{"rendered":"ST\u0158ELIVO S&#038;B r\u00e1\u017ee 357 Mag FMJ 10.25g"},"content":{"rendered":"<div class=\"product-description\">\n<h2>S&amp;B FMJ .357 Magnum 10,25g<\/h2>\n<p>N\u00e1boj Sellier &amp; Bellot Full Metal Jacket .357 Magnum. Tato munice je vhodn\u00e1 pro st\u0159elbu z revolver\u016f.<\/p>\n<h3>Hlavn\u00ed vlastnosti:<\/h3>\n<ul>\n<li>R\u00e1\u017ee: .357 Magnum<\/li>\n<li>Hmotnost st\u0159ely: 158gr\/10,25g Full Metal Jacket (FMJ)<\/li>\n<li>\u00das\u0165ov\u00e1 rychlost: 385 m\/s<\/li>\n<li>Balistick\u00fd koeficient: 0,184<\/li>\n<li>V\u00fdkonov\u00fd faktor: 199,6<\/li>\n<li>Balen\u00ed: 50 n\u00e1boj\u016f<\/li>\n<\/ul>\n<p>Vyrobeno spole\u010dnost\u00ed Sellier &amp; Bellot, v\u00fdrobcem munice od roku 1825. Tento n\u00e1boj je vhodn\u00fd pro tr\u00e9nink, sout\u011b\u017ee a dal\u0161\u00ed st\u0159eleck\u00e9 aktivity.<\/p>\n<p>Tato munice je pou\u017e\u00edv\u00e1na civilisty i vojensk\u00fdmi slo\u017ekami po cel\u00e9m sv\u011bt\u011b. N\u00e1boj .357 Magnum od S&amp;B je ur\u010den pro p\u0159esnou a spolehlivou st\u0159elbu.<\/p>\n<\/div>\n","protected":false},"excerpt":{"rendered":"<p>S&amp;B .357 Mag FMJ 10,25g: V\u00fdkonn\u00e9, p\u0159esn\u00e9 st\u0159elivo do revolveru pro tr\u00e9nink<\/p>\n","protected":false},"featured_media":359119,"template":"","meta":{"_acf_changed":false},"product_brand":[],"product_cat":[12694,12684],"product_tag":[],"class_list":{"0":"post-404775","1":"product","2":"type-product","3":"status-publish","4":"has-post-thumbnail","6":"product_cat-licencovany","7":"product_cat-munice","9":"first","10":"instock","11":"taxable","12":"shipping-taxable","13":"purchasable","14":"product-type-simple"},"acf":[],"_links":{"self":[{"href":"https:\/\/staging.nbg.eu\/cs\/wp-json\/wp\/v2\/product\/404775","targetHints":{"allow":["GET"]}}],"collection":[{"href":"https:\/\/staging.nbg.eu\/cs\/wp-json\/wp\/v2\/product"}],"about":[{"href":"https:\/\/staging.nbg.eu\/cs\/wp-json\/wp\/v2\/types\/product"}],"wp:featuredmedia":[{"embeddable":true,"href":"https:\/\/staging.nbg.eu\/cs\/wp-json\/wp\/v2\/media\/359119"}],"wp:attachment":[{"href":"https:\/\/staging.nbg.eu\/cs\/wp-json\/wp\/v2\/media?parent=404775"}],"wp:term":[{"taxonomy":"product_brand","embeddable":true,"href":"https:\/\/staging.nbg.eu\/cs\/wp-json\/wp\/v2\/product_brand?post=404775"},{"taxonomy":"product_cat","embeddable":true,"href":"https:\/\/staging.nbg.eu\/cs\/wp-json\/wp\/v2\/product_cat?post=404775"},{"taxonomy":"product_tag","embeddable":true,"href":"https:\/\/staging.nbg.eu\/cs\/wp-json\/wp\/v2\/product_tag?post=404775"}],"curies":[{"name":"wp","href":"https:\/\/api.w.org\/{rel}","templated":true}]}}