{"id":404672,"date":"2025-06-30T12:01:27","date_gmt":"2025-06-30T09:01:27","guid":{"rendered":"https:\/\/staging.nbg.eu\/product\/pistol-glock-17-gen5-mos-fs-cal-9x19\/"},"modified":"2025-06-30T12:03:06","modified_gmt":"2025-06-30T09:03:06","slug":"pistole-glock-17-gen5-mos-fs-raze-9x19","status":"publish","type":"product","link":"https:\/\/staging.nbg.eu\/cs\/produkt\/pistole-glock-17-gen5-mos-fs-raze-9x19\/","title":{"rendered":"PISTOLE GLOCK 17 GEN5 MOS FS r\u00e1\u017ee 9&#215;19"},"content":{"rendered":"<div class=\"product-description\">\n<h2>GLOCK 17 Gen5 MOS FS 9x19mm<\/h2>\n<p>GLOCK 17 Gen5 MOS FS kombinuje design Gen5 s Modul\u00e1rn\u00edm Optick\u00fdm Syst\u00e9mem (MOS).<\/p>\n<h2>Kl\u00ed\u010dov\u00e9 vlastnosti:<\/h2>\n<ul>\n<li>R\u00e1\u017ee: 9x19mm<\/li>\n<li>Kapacita z\u00e1sobn\u00edku: Standardn\u011b 17 n\u00e1boj\u016f (k dispozici jsou 10 a 24 n\u00e1bojov\u00e9 varianty)<\/li>\n<li>D\u00e9lka hlavn\u011b: 114 mm (4,49 palce)<\/li>\n<li>Hmotnost (nenabit\u00e1): 705 g (24,87 unce)<\/li>\n<li>Odpor spou\u0161t\u011b: 26 N<\/li>\n<li>Celkov\u00e1 d\u00e9lka: 202 mm (7,95 palce)<\/li>\n<\/ul>\n<h2>Technologie MOS<\/h2>\n<p>Z\u00e1v\u011br umo\u017e\u0148uje mont\u00e1\u017e miniaturn\u00edch \u010derven\u00fdch te\u010dkov\u00fdch zam\u011b\u0159ova\u010d\u016f. R\u016fzn\u00e9 adapt\u00e9rov\u00e9 desky zaji\u0161\u0165uj\u00ed kompatibilitu s \u0159adou optick\u00fdch za\u0159\u00edzen\u00ed.<\/p>\n<h2>Vylep\u0161en\u00ed Gen5<\/h2>\n<p>Model Gen5 nab\u00edz\u00ed:<\/p>\n<ul>\n<li>P\u0159edn\u00ed dr\u00e1\u017ekov\u00e1n\u00ed z\u00e1v\u011bru<\/li>\n<li>Povrchov\u00e1 \u00faprava nDLC<\/li>\n<li>Textura r\u00e1mu Gen5<\/li>\n<li>Oboustrann\u00e9 ovl\u00e1dac\u00ed prvky<\/li>\n<li>Modul\u00e1rn\u00ed syst\u00e9m z\u00e1dov\u00fdch op\u011brek GLOCK (MBS)<\/li>\n<\/ul>\n<h2>Bezpe\u010dnost a spolehlivost<\/h2>\n<p>Pistole obsahuje syst\u00e9m GLOCK Safe Action\u00ae. Oran\u017eov\u00e9 podava\u010de z\u00e1sobn\u00edk\u016f zlep\u0161uj\u00ed efektivitu p\u0159eb\u00edjen\u00ed a kontroly n\u00e1bojov\u00e9 komory.<\/p>\n<h2>Vhodn\u00e9 pro r\u016fzn\u00e9 aplikace<\/h2>\n<p>GLOCK 17 Gen5 MOS FS je vhodn\u00fd pro policejn\u00ed a vojensk\u00e9 pou\u017eit\u00ed, sportovn\u00ed st\u0159elbu nebo osobn\u00ed obranu.<\/p>\n<\/div>\n","protected":false},"excerpt":{"rendered":"<p>Univerz\u00e1ln\u00ed 9mm pistole s modul\u00e1rn\u00edm optick\u00fdm syst\u00e9mem, oboustrann\u00fdmi ovl\u00e1dac\u00edmi prvky a kapacitou 17 n\u00e1boj\u016f.<\/p>\n","protected":false},"featured_media":359070,"template":"","meta":{"_acf_changed":false},"product_brand":[11400],"product_cat":[12694,12666],"product_tag":[],"class_list":{"0":"post-404672","1":"product","2":"type-product","3":"status-publish","4":"has-post-thumbnail","6":"product_brand-glock","7":"product_cat-licencovany","8":"product_cat-pistole","10":"first","11":"instock","12":"taxable","13":"shipping-taxable","14":"purchasable","15":"product-type-simple"},"acf":[],"_links":{"self":[{"href":"https:\/\/staging.nbg.eu\/cs\/wp-json\/wp\/v2\/product\/404672","targetHints":{"allow":["GET"]}}],"collection":[{"href":"https:\/\/staging.nbg.eu\/cs\/wp-json\/wp\/v2\/product"}],"about":[{"href":"https:\/\/staging.nbg.eu\/cs\/wp-json\/wp\/v2\/types\/product"}],"wp:featuredmedia":[{"embeddable":true,"href":"https:\/\/staging.nbg.eu\/cs\/wp-json\/wp\/v2\/media\/359070"}],"wp:attachment":[{"href":"https:\/\/staging.nbg.eu\/cs\/wp-json\/wp\/v2\/media?parent=404672"}],"wp:term":[{"taxonomy":"product_brand","embeddable":true,"href":"https:\/\/staging.nbg.eu\/cs\/wp-json\/wp\/v2\/product_brand?post=404672"},{"taxonomy":"product_cat","embeddable":true,"href":"https:\/\/staging.nbg.eu\/cs\/wp-json\/wp\/v2\/product_cat?post=404672"},{"taxonomy":"product_tag","embeddable":true,"href":"https:\/\/staging.nbg.eu\/cs\/wp-json\/wp\/v2\/product_tag?post=404672"}],"curies":[{"name":"wp","href":"https:\/\/api.w.org\/{rel}","templated":true}]}}