{"id":40147,"date":"2024-08-26T13:29:45","date_gmt":"2024-09-09T14:55:52","guid":{"rendered":"https:\/\/staging.nbg.eu\/product\/vanward-hunter-pro\/"},"modified":"2024-09-09T14:58:39","modified_gmt":"2024-09-09T14:58:39","slug":"vanward-hunter-pro","status":"publish","type":"product","link":"https:\/\/staging.nbg.eu\/cs\/produkt\/vanward-hunter-pro\/","title":{"rendered":"Vanward Hunter PRO"},"content":{"rendered":"<div class=\"product-description\">\n<h2>Vanward Hunter PRO<\/h2>\n<p>Za\u017eijte \u0161pi\u010dkov\u00fd v\u00fdkon pod 300 gram\u016f s tlumi\u010dem Vanward Hunter PRO. D\u00edky optimalizovan\u00e9mu rozestupu p\u0159ep\u00e1\u017eek pro lep\u0161\u00ed vyrovn\u00e1v\u00e1n\u00ed tlaku a robustn\u00edmu \u0161estihrann\u00e9mu vn\u011bj\u0161\u00edmu designu nab\u00edz\u00ed tento tlumi\u010d zv\u00fd\u0161enou bezpe\u010dnost, pevnost a \u00fa\u010dinnost chlazen\u00ed.<\/p>\n<h2>Kl\u00ed\u010dov\u00e9 vlastnosti:<\/h2>\n<ul>\n<li>3D tisk z jednoho kusu titanu stupn\u011b 5 pro maxim\u00e1ln\u00ed bezpe\u010dnost a v\u00fdkon<\/li>\n<li>Extr\u00e9mn\u011b odoln\u00fd a korozivzdorn\u00fd<\/li>\n<li>Vym\u011bniteln\u00e9 nerezov\u00e9 z\u00e1vitov\u00e9 vlo\u017eky<\/li>\n<li>POM krou\u017eek pro optim\u00e1ln\u00ed v\u016fli hlavn\u011b<\/li>\n<li>K dispozici s r\u016fzn\u00fdmi typy z\u00e1vit\u016f: 1\/2*28&#8243;, 5\/8&#215;24&#8243; M14x1, M14x1.5, M15x1, M16x1, M18x1<\/li>\n<\/ul>\n<h2>Specifikace:<\/h2>\n<ul>\n<li>Pr\u016fm\u011br: 48 mm<\/li>\n<li>D\u00e9lka: 220 mm<\/li>\n<li>Hmotnost: 295 gram\u016f*<\/li>\n<\/ul>\n<p>Inovativn\u00ed design a \u0161pi\u010dkov\u00e9 materi\u00e1ly \u010din\u00ed z Vanward Hunter PRO perfektn\u00ed volbu pro n\u00e1ro\u010dn\u00e9 lovce a st\u0159eleck\u00e9 nad\u0161ence, kte\u0159\u00ed po\u017eaduj\u00ed to nejlep\u0161\u00ed v technologii tlumi\u010d\u016f.<\/p>\n<\/div>\n","protected":false},"excerpt":{"rendered":"<p>Ultralehk\u00fd titanov\u00fd tlumi\u010d s optimalizovan\u00fdm v\u00fdkonem.<\/p>\n","protected":false},"featured_media":102148,"template":"","meta":{"_acf_changed":false},"product_brand":[11929],"product_cat":[12709,12644,12662],"product_tag":[],"class_list":{"0":"post-40147","1":"product","2":"type-product","3":"status-publish","4":"has-post-thumbnail","6":"product_brand-vanward","7":"product_cat-puska","8":"product_cat-tlumic","9":"product_cat-tlumic-pro-pusky","11":"first","12":"instock","13":"taxable","14":"shipping-taxable","15":"purchasable","16":"product-type-variable","17":"wvs-archive-product-wrapper"},"acf":[],"_links":{"self":[{"href":"https:\/\/staging.nbg.eu\/cs\/wp-json\/wp\/v2\/product\/40147","targetHints":{"allow":["GET"]}}],"collection":[{"href":"https:\/\/staging.nbg.eu\/cs\/wp-json\/wp\/v2\/product"}],"about":[{"href":"https:\/\/staging.nbg.eu\/cs\/wp-json\/wp\/v2\/types\/product"}],"wp:featuredmedia":[{"embeddable":true,"href":"https:\/\/staging.nbg.eu\/cs\/wp-json\/wp\/v2\/media\/102148"}],"wp:attachment":[{"href":"https:\/\/staging.nbg.eu\/cs\/wp-json\/wp\/v2\/media?parent=40147"}],"wp:term":[{"taxonomy":"product_brand","embeddable":true,"href":"https:\/\/staging.nbg.eu\/cs\/wp-json\/wp\/v2\/product_brand?post=40147"},{"taxonomy":"product_cat","embeddable":true,"href":"https:\/\/staging.nbg.eu\/cs\/wp-json\/wp\/v2\/product_cat?post=40147"},{"taxonomy":"product_tag","embeddable":true,"href":"https:\/\/staging.nbg.eu\/cs\/wp-json\/wp\/v2\/product_tag?post=40147"}],"curies":[{"name":"wp","href":"https:\/\/api.w.org\/{rel}","templated":true}]}}