{"id":39057,"date":"2024-08-26T13:35:02","date_gmt":"2024-09-09T14:48:27","guid":{"rendered":"https:\/\/staging.nbg.eu\/product\/vanward-felt\/"},"modified":"2024-09-09T14:50:11","modified_gmt":"2024-09-09T14:50:11","slug":"vanward-plst","status":"publish","type":"product","link":"https:\/\/staging.nbg.eu\/cs\/produkt\/vanward-plst\/","title":{"rendered":"Vanward pls\u0165"},"content":{"rendered":"<div class=\"product-description\">\n<h2>Tlumi\u010d Vanward Felt<\/h2>\n<p>Za\u017eijte dal\u0161\u00ed evoluci v technologii tlumi\u010d\u016f s Vanward Felt, vyvinut\u00fdm z 3D ti\u0161t\u011bn\u00fdch tlumi\u010d\u016f TE-Titan.<\/p>\n<h2>Kl\u00ed\u010dov\u00e9 vlastnosti:<\/h2>\n<ul>\n<li>Optimalizovan\u00e9 rozestupy p\u0159ep\u00e1\u017eek pro vynikaj\u00edc\u00ed vyrovn\u00e1v\u00e1n\u00ed tlaku<\/li>\n<li>\u0160estihrann\u00fd vn\u011bj\u0161\u00ed design pro zv\u00fd\u0161enou pevnost a \u00fa\u010dinn\u00e9 chlazen\u00ed<\/li>\n<li>Neuv\u011b\u0159iteln\u011b lehk\u00fd, v\u00e1\u017e\u00ed pouze 171 gram\u016f*<\/li>\n<li>3D ti\u0161t\u011bn\u00fd z jednoho kusu titanu t\u0159\u00eddy 5<\/li>\n<li>Z\u00e1vitov\u00e1 \u010d\u00e1st z nerezov\u00e9 oceli<\/li>\n<li>Odoln\u00fd v\u016f\u010di vod\u011b, soln\u00fdm roztok\u016fm a st\u0159eln\u00fdm plyn\u016fm<\/li>\n<li>Minim\u00e1ln\u00ed p\u0159ilnavost prachov\u00fdch zbytk\u016f<\/li>\n<\/ul>\n<h2>Specifikace:<\/h2>\n<ul>\n<li>Dostupn\u00e9 r\u00e1\u017ee: .223, .264, .30<\/li>\n<li>Typy z\u00e1vit\u016f: M18x1, M15x1, M14x1, 1\/2*28<\/li>\n<li>Rozm\u011bry: \u00d842mm x 130mm d\u00e9lka<\/li>\n<\/ul>\n<p>Navr\u017een ve spolupr\u00e1ci s p\u0159edn\u00edmi ter\u00e9nn\u00edmi st\u0159elci, Vanward Felt nab\u00edz\u00ed bezkonkuren\u010dn\u00ed bezpe\u010dnost, pevnost a v\u00fdkon. Jeho integrovan\u00e9 chladic\u00ed \u017eebra a lehk\u00e1 konstrukce z n\u011bj d\u011blaj\u00ed ide\u00e1ln\u00ed volbu pro ter\u00e9nn\u00ed st\u0159elbu.<\/p>\n<p><em>*V\u00e1ha pro typ z\u00e1vitu M14x1<\/em><\/p>\n<\/div>\n","protected":false},"excerpt":{"rendered":"<p>Lehk\u00fd titanov\u00fd tlumi\u010d vyroben\u00fd 3D tiskem s optimalizovan\u00fdm designem.<\/p>\n","protected":false},"featured_media":32217,"template":"","meta":{"_acf_changed":false},"product_brand":[11929],"product_cat":[12709,12644,12662],"product_tag":[],"class_list":{"0":"post-39057","1":"product","2":"type-product","3":"status-publish","4":"has-post-thumbnail","6":"product_brand-vanward","7":"product_cat-puska","8":"product_cat-tlumic","9":"product_cat-tlumic-pro-pusky","11":"first","12":"instock","13":"taxable","14":"shipping-taxable","15":"purchasable","16":"product-type-variable","17":"wvs-archive-product-wrapper"},"acf":[],"_links":{"self":[{"href":"https:\/\/staging.nbg.eu\/cs\/wp-json\/wp\/v2\/product\/39057","targetHints":{"allow":["GET"]}}],"collection":[{"href":"https:\/\/staging.nbg.eu\/cs\/wp-json\/wp\/v2\/product"}],"about":[{"href":"https:\/\/staging.nbg.eu\/cs\/wp-json\/wp\/v2\/types\/product"}],"wp:featuredmedia":[{"embeddable":true,"href":"https:\/\/staging.nbg.eu\/cs\/wp-json\/wp\/v2\/media\/32217"}],"wp:attachment":[{"href":"https:\/\/staging.nbg.eu\/cs\/wp-json\/wp\/v2\/media?parent=39057"}],"wp:term":[{"taxonomy":"product_brand","embeddable":true,"href":"https:\/\/staging.nbg.eu\/cs\/wp-json\/wp\/v2\/product_brand?post=39057"},{"taxonomy":"product_cat","embeddable":true,"href":"https:\/\/staging.nbg.eu\/cs\/wp-json\/wp\/v2\/product_cat?post=39057"},{"taxonomy":"product_tag","embeddable":true,"href":"https:\/\/staging.nbg.eu\/cs\/wp-json\/wp\/v2\/product_tag?post=39057"}],"curies":[{"name":"wp","href":"https:\/\/api.w.org\/{rel}","templated":true}]}}