{"id":37745,"date":"2024-08-26T13:54:16","date_gmt":"2024-09-09T14:37:45","guid":{"rendered":"https:\/\/staging.nbg.eu\/product\/vanward-ultra-light\/"},"modified":"2025-05-01T17:52:21","modified_gmt":"2025-05-01T17:52:21","slug":"vanward-ultra-light","status":"publish","type":"product","link":"https:\/\/staging.nbg.eu\/cs\/produkt\/vanward-ultra-light\/","title":{"rendered":"Vanward Ultra Light"},"content":{"rendered":"<h2>Vanward Ultra Light tlumi\u010d<\/h2>\n<p>Za\u017eijte bezkonkuren\u010dn\u00ed lehkost a v\u00fdkon s tlumi\u010dem Vanward Ultra Light. S v\u00e1hou pouh\u00fdch 137 gram\u016f* je nejleh\u010d\u00edm ve sv\u00e9 t\u0159\u00edd\u011b, ani\u017e by bylo nutn\u00e9 d\u011blat kompromisy v oblasti funk\u010dnosti.<\/p>\n<h2>Kl\u00ed\u010dov\u00e9 vlastnosti:<\/h2>\n<ul>\n<li>Optimalizovan\u00e9 rozm\u00edst\u011bn\u00ed p\u0159ep\u00e1\u017eek pro vynikaj\u00edc\u00ed vyrovn\u00e1v\u00e1n\u00ed tlaku<\/li>\n<li>\u0160estihrann\u00fd vn\u011bj\u0161\u00ed design pro zv\u00fd\u0161enou pevnost a chlazen\u00ed<\/li>\n<li>3D tisk z jednoho kusu titanu 5. stupn\u011b<\/li>\n<li>Extr\u00e9mn\u011b odoln\u00fd a korozivzdorn\u00fd<\/li>\n<li>Dostupn\u00fd v r\u00e1\u017e\u00edch .223, .264 a .30<\/li>\n<li>Typy z\u00e1vit\u016f: M18x1, M15x1, M14x1, 1\/2*28<\/li>\n<\/ul>\n<h2>Specifikace:<\/h2>\n<ul>\n<li>Pr\u016fm\u011br: 42 mm<\/li>\n<li>D\u00e9lka: 130 mm<\/li>\n<li>Hmotnost: 137 gram\u016f* (model M18)<\/li>\n<\/ul>\n<p>Povzneste sv\u016fj z\u00e1\u017eitek ze st\u0159elby s Vanward Ultra Light &#8211; kde se inovace setk\u00e1v\u00e1 s v\u00fdkonem.<\/p>\n","protected":false},"excerpt":{"rendered":"<p>Ultralehk\u00fd titanov\u00fd tlumi\u010d, 137 g. 3D ti\u0161t\u011bn\u00fd, odoln\u00fd, s \u00fa\u010dinn\u00fdm chlazen\u00edm.<\/p>\n","protected":false},"featured_media":32425,"template":"","meta":{"_acf_changed":false},"product_brand":[11929],"product_cat":[12709,12644,12662],"product_tag":[],"class_list":{"0":"post-37745","1":"product","2":"type-product","3":"status-publish","4":"has-post-thumbnail","6":"product_brand-vanward","7":"product_cat-puska","8":"product_cat-tlumic","9":"product_cat-tlumic-pro-pusky","11":"first","12":"instock","13":"taxable","14":"shipping-taxable","15":"purchasable","16":"product-type-variable","17":"wvs-archive-product-wrapper"},"acf":[],"_links":{"self":[{"href":"https:\/\/staging.nbg.eu\/cs\/wp-json\/wp\/v2\/product\/37745","targetHints":{"allow":["GET"]}}],"collection":[{"href":"https:\/\/staging.nbg.eu\/cs\/wp-json\/wp\/v2\/product"}],"about":[{"href":"https:\/\/staging.nbg.eu\/cs\/wp-json\/wp\/v2\/types\/product"}],"wp:featuredmedia":[{"embeddable":true,"href":"https:\/\/staging.nbg.eu\/cs\/wp-json\/wp\/v2\/media\/32425"}],"wp:attachment":[{"href":"https:\/\/staging.nbg.eu\/cs\/wp-json\/wp\/v2\/media?parent=37745"}],"wp:term":[{"taxonomy":"product_brand","embeddable":true,"href":"https:\/\/staging.nbg.eu\/cs\/wp-json\/wp\/v2\/product_brand?post=37745"},{"taxonomy":"product_cat","embeddable":true,"href":"https:\/\/staging.nbg.eu\/cs\/wp-json\/wp\/v2\/product_cat?post=37745"},{"taxonomy":"product_tag","embeddable":true,"href":"https:\/\/staging.nbg.eu\/cs\/wp-json\/wp\/v2\/product_tag?post=37745"}],"curies":[{"name":"wp","href":"https:\/\/api.w.org\/{rel}","templated":true}]}}