{"id":37603,"date":"2024-09-02T10:54:46","date_gmt":"2024-09-02T10:54:46","guid":{"rendered":"https:\/\/staging.nbg.eu\/product\/bcm-quick-detach-sling-swivel-heavy-duty-design\/"},"modified":"2024-09-09T14:28:37","modified_gmt":"2024-09-09T14:28:37","slug":"bcm-rychloupinaci-otocny-krouzek-popruhu-tezka-konstrukce","status":"publish","type":"product","link":"https:\/\/staging.nbg.eu\/cs\/produkt\/bcm-rychloupinaci-otocny-krouzek-popruhu-tezka-konstrukce\/","title":{"rendered":"BCM\u00ae rychloup\u00ednac\u00ed oto\u010dn\u00fd krou\u017eek popruhu (t\u011b\u017ek\u00e1 konstrukce)"},"content":{"rendered":"<div class=\"product-description\">\n<h2>BCM\u00ae Rychle odn\u00edmateln\u00e9 poutko na popruh (Heavy Duty Design)<\/h2>\n<p>Vylep\u0161ete funk\u010dnost va\u0161\u00ed st\u0159eln\u00e9 zbran\u011b s BCM\u00ae rychle odn\u00edmateln\u00fdm poutkem na popruh, konstruovan\u00fdm pro odolnost a spolehlivost.<\/p>\n<ul>\n<li>Zapu\u0161t\u011bn\u00fd design p\u00edstu zabra\u0148uje n\u00e1hodn\u00e9mu uvoln\u011bn\u00ed a zaji\u0161\u0165uje bezpe\u010dn\u00e9 p\u0159ipevn\u011bn\u00ed popruhu<\/li>\n<li>Precizn\u011b vyrobeno z uhl\u00edkov\u00e9 oceli s manganov\u00fdm fosf\u00e1tov\u00fdm povrchem pro vynikaj\u00edc\u00ed odolnost proti korozi<\/li>\n<li>P\u0159ed pokoven\u00edm odjehleno a otrysk\u00e1no pro hladk\u00fd povrch bez z\u00e1drhel\u016f<\/li>\n<li>Kompatibiln\u00ed s 1-1\/4&#8243; popruhy, nab\u00edz\u00ed v\u0161estrannost pro r\u016fzn\u00e9 konfigurace<\/li>\n<li>Robustn\u00ed konstrukce odol\u00e1v\u00e1 n\u00e1ro\u010dn\u00e9mu pou\u017e\u00edv\u00e1n\u00ed v n\u00e1ro\u010dn\u00fdch podm\u00ednk\u00e1ch<\/li>\n<\/ul>\n<p>Spolehn\u011bte se na z\u00e1vazek BCM ke kvalit\u011b a v\u00fdkonu. Toto rychle odn\u00edmateln\u00e9 poutko na popruh je dokonal\u00fdm dopl\u0148kem va\u0161eho taktick\u00e9ho vybaven\u00ed, umo\u017e\u0148uj\u00edc\u00ed rychl\u00e9 p\u0159ipojen\u00ed a odpojen\u00ed bez kompromis\u016f v oblasti bezpe\u010dnosti.<\/p>\n<\/div>\n","protected":false},"excerpt":{"rendered":"<p>Rychloup\u00ednac\u00ed odoln\u00fd popruhov\u00fd oto\u010dn\u00fd z\u00e1v\u011bs. Bezpe\u010dn\u00fd, trvanliv\u00fd, kompatibiln\u00ed s 1-1\/4&#8243;.<\/p>\n","protected":false},"featured_media":36974,"template":"","meta":{"_acf_changed":false},"product_brand":[11055],"product_cat":[12709,12672,12658],"product_tag":[],"class_list":{"0":"post-37603","1":"product","2":"type-product","3":"status-publish","4":"has-post-thumbnail","6":"product_brand-bcm","7":"product_cat-puska","8":"product_cat-remeny","9":"product_cat-rifle-tuning","11":"first","12":"instock","13":"taxable","14":"shipping-taxable","15":"purchasable","16":"product-type-simple"},"acf":[],"_links":{"self":[{"href":"https:\/\/staging.nbg.eu\/cs\/wp-json\/wp\/v2\/product\/37603","targetHints":{"allow":["GET"]}}],"collection":[{"href":"https:\/\/staging.nbg.eu\/cs\/wp-json\/wp\/v2\/product"}],"about":[{"href":"https:\/\/staging.nbg.eu\/cs\/wp-json\/wp\/v2\/types\/product"}],"wp:featuredmedia":[{"embeddable":true,"href":"https:\/\/staging.nbg.eu\/cs\/wp-json\/wp\/v2\/media\/36974"}],"wp:attachment":[{"href":"https:\/\/staging.nbg.eu\/cs\/wp-json\/wp\/v2\/media?parent=37603"}],"wp:term":[{"taxonomy":"product_brand","embeddable":true,"href":"https:\/\/staging.nbg.eu\/cs\/wp-json\/wp\/v2\/product_brand?post=37603"},{"taxonomy":"product_cat","embeddable":true,"href":"https:\/\/staging.nbg.eu\/cs\/wp-json\/wp\/v2\/product_cat?post=37603"},{"taxonomy":"product_tag","embeddable":true,"href":"https:\/\/staging.nbg.eu\/cs\/wp-json\/wp\/v2\/product_tag?post=37603"}],"curies":[{"name":"wp","href":"https:\/\/api.w.org\/{rel}","templated":true}]}}