{"id":37580,"date":"2024-09-02T16:31:14","date_gmt":"2024-09-02T16:31:14","guid":{"rendered":"https:\/\/staging.nbg.eu\/product\/bcm-mcmr-sm-quick-detachable-sling-mount-m-lok-compatible\/"},"modified":"2024-09-09T14:21:41","modified_gmt":"2024-09-09T14:21:41","slug":"bcm-mcmr-sm-rychloupinaci-montaz-popruhu-m-lok-kompatibilni","status":"publish","type":"product","link":"https:\/\/staging.nbg.eu\/cs\/produkt\/bcm-mcmr-sm-rychloupinaci-montaz-popruhu-m-lok-kompatibilni\/","title":{"rendered":"BCM\u00ae MCMR-SM rychloup\u00ednac\u00ed mont\u00e1\u017e popruhu (M-LOK\u00ae kompatibiln\u00ed*)"},"content":{"rendered":"<div class=\"product-description\">\n<h2>BCM\u00ae MCMR-SM Rychle odn\u00edmateln\u00e9 upevn\u011bn\u00ed popruhu (Kompatibiln\u00ed s M-LOK\u00ae*)<\/h2>\n<p>Zvy\u0161te v\u0161estrannost va\u0161\u00ed st\u0159eln\u00e9 zbran\u011b s BCM\u00ae MCMR-SM rychle odn\u00edmateln\u00fdm upevn\u011bn\u00edm popruhu. Toto n\u00edzkoprofilov\u00e9 p\u0159\u00edslu\u0161enstv\u00ed je navr\u017eeno pro zv\u00fd\u0161enou mobilitu a sn\u00ed\u017een\u00ed rizika zachycen\u00ed, co\u017e z n\u011bj \u010din\u00ed nezbytn\u00fd dopln\u011bk k va\u0161\u00ed sestav\u011b kompatibiln\u00ed s M-LOK\u00ae.<\/p>\n<ul>\n<li>Kompatibiln\u00ed s M-LOK\u00ae pro snadnou instalaci<\/li>\n<li>Vhodn\u00e9 pro standardn\u00ed rychle odn\u00edmateln\u00e9 oto\u010dn\u00e9 z\u00e1v\u011bsy s tla\u010d\u00edtkem (nejsou sou\u010d\u00e1st\u00ed balen\u00ed)<\/li>\n<li>8polohov\u00e9 (360\u00b0) nerota\u010dn\u00ed zaji\u0161\u0165ovac\u00ed rozhran\u00ed pro optim\u00e1ln\u00ed um\u00edst\u011bn\u00ed popruhu<\/li>\n<li>Odoln\u00e1 celokovov\u00e1 konstrukce zaji\u0161\u0165uje dlouhodobou \u017eivotnost<\/li>\n<\/ul>\n<p>Za\u017eijte lep\u0161\u00ed man\u00e9vrovatelnost a rychl\u00e9 p\u0159ipojen\u00ed popruhu s t\u00edmto robustn\u00edm, n\u00edzkoprofilov\u00fdm upevn\u011bn\u00edm. Pozn\u00e1mka: Rychle odn\u00edmateln\u00fd oto\u010dn\u00fd z\u00e1v\u011bs se prod\u00e1v\u00e1 samostatn\u011b.<\/p>\n<\/div>\n","protected":false},"excerpt":{"rendered":"<p>BCM\u00ae MCMR-SM QD \u00fachyt na popruh: N\u00edzkoprofilov\u00fd, kompatibiln\u00ed s M-LOK.<\/p>\n","protected":false},"featured_media":37044,"template":"","meta":{"_acf_changed":false},"product_brand":[11055],"product_cat":[12709,12672,12658],"product_tag":[],"class_list":{"0":"post-37580","1":"product","2":"type-product","3":"status-publish","4":"has-post-thumbnail","6":"product_brand-bcm","7":"product_cat-puska","8":"product_cat-remeny","9":"product_cat-rifle-tuning","11":"first","12":"instock","13":"taxable","14":"shipping-taxable","15":"purchasable","16":"product-type-simple"},"acf":[],"_links":{"self":[{"href":"https:\/\/staging.nbg.eu\/cs\/wp-json\/wp\/v2\/product\/37580","targetHints":{"allow":["GET"]}}],"collection":[{"href":"https:\/\/staging.nbg.eu\/cs\/wp-json\/wp\/v2\/product"}],"about":[{"href":"https:\/\/staging.nbg.eu\/cs\/wp-json\/wp\/v2\/types\/product"}],"wp:featuredmedia":[{"embeddable":true,"href":"https:\/\/staging.nbg.eu\/cs\/wp-json\/wp\/v2\/media\/37044"}],"wp:attachment":[{"href":"https:\/\/staging.nbg.eu\/cs\/wp-json\/wp\/v2\/media?parent=37580"}],"wp:term":[{"taxonomy":"product_brand","embeddable":true,"href":"https:\/\/staging.nbg.eu\/cs\/wp-json\/wp\/v2\/product_brand?post=37580"},{"taxonomy":"product_cat","embeddable":true,"href":"https:\/\/staging.nbg.eu\/cs\/wp-json\/wp\/v2\/product_cat?post=37580"},{"taxonomy":"product_tag","embeddable":true,"href":"https:\/\/staging.nbg.eu\/cs\/wp-json\/wp\/v2\/product_tag?post=37580"}],"curies":[{"name":"wp","href":"https:\/\/api.w.org\/{rel}","templated":true}]}}