{"id":37555,"date":"2024-09-02T16:34:30","date_gmt":"2024-09-02T16:34:30","guid":{"rendered":"https:\/\/staging.nbg.eu\/product\/bcm-3-inch-picatinny-rail-section-aluminum-m-lok-compatible\/"},"modified":"2024-09-09T14:09:45","modified_gmt":"2024-09-09T14:09:45","slug":"bcm-3-palcova-picatinny-lista-hlinikova-m-lok-kompatibilni","status":"publish","type":"product","link":"https:\/\/staging.nbg.eu\/cs\/produkt\/bcm-3-palcova-picatinny-lista-hlinikova-m-lok-kompatibilni\/","title":{"rendered":"BCM\u00ae 3 palcov\u00e1 Picatinny li\u0161ta, hlin\u00edkov\u00e1 (M-LOK\u00ae kompatibiln\u00ed*)"},"content":{"rendered":"<div class=\"product-description\">\n<h2>BCM\u00ae 3 palcov\u00e1 Picatinny kolejnice, hlin\u00edkov\u00e1 (kompatibiln\u00ed s M-LOK\u00ae*)<\/h2>\n<p>Zvy\u0161te v\u0161estrannost va\u0161\u00ed zbran\u011b s BCM\u00ae 3 palcovou Picatinny kolejnic\u00ed. Toto pr\u00e9miov\u00e9 p\u0159\u00edslu\u0161enstv\u00ed je vyrobeno z tvrd\u011b eloxovan\u00e9 leteck\u00e9 hlin\u00edkov\u00e9 slitiny, co\u017e zaji\u0161\u0165uje odolnost a dlouhou \u017eivotnost v n\u00e1ro\u010dn\u00fdch podm\u00ednk\u00e1ch.<\/p>\n<ul>\n<li>Vyrobeno podle vojensk\u00e9 normy 1913 Picatinny Arsenal<\/li>\n<li>Design odoln\u00fd proti zachycen\u00ed pro hladkou manipulaci<\/li>\n<li>Kompatibiln\u00ed s M-LOK\u00ae pro snadnou instalaci a demont\u00e1\u017e<\/li>\n<li>Lehk\u00e1, ale robustn\u00ed konstrukce<\/li>\n<li>Ide\u00e1ln\u00ed pro mont\u00e1\u017e r\u016fzn\u00e9ho p\u0159\u00edslu\u0161enstv\u00ed, v\u010detn\u011b sv\u011btel, laser\u016f a \u00fachop\u016f<\/li>\n<\/ul>\n<p>Tato kolejnice kombinuje funkcionalitu s taktick\u00fdm vzhledem a umo\u017e\u0148uje v\u00e1m p\u0159izp\u016fsobit va\u0161i zbra\u0148 va\u0161im specifick\u00fdm pot\u0159eb\u00e1m. A\u0165 u\u017e jste profesion\u00e1ln\u00ed oper\u00e1tor nebo nad\u0161enec, BCM\u00ae 3 palcov\u00e1 Picatinny kolejnice je nezbytn\u00fdm dopl\u0148kem va\u0161\u00ed v\u00fdbavy.<\/p>\n<\/div>\n","protected":false},"excerpt":{"rendered":"<p>BCM\u00ae 3&#8243; Picatinny li\u0161ta: Vojensk\u00e1 specifikace, kompatibiln\u00ed s M-LOK, odoln\u00e1 proti zachycen\u00ed<\/p>\n","protected":false},"featured_media":37183,"template":"","meta":{"_acf_changed":false},"product_brand":[11055],"product_cat":[12657,12709,12658],"product_tag":[],"class_list":{"0":"post-37555","1":"product","2":"type-product","3":"status-publish","4":"has-post-thumbnail","6":"product_brand-bcm","7":"product_cat-listy","8":"product_cat-puska","9":"product_cat-rifle-tuning","11":"first","12":"instock","13":"taxable","14":"shipping-taxable","15":"purchasable","16":"product-type-simple"},"acf":[],"_links":{"self":[{"href":"https:\/\/staging.nbg.eu\/cs\/wp-json\/wp\/v2\/product\/37555","targetHints":{"allow":["GET"]}}],"collection":[{"href":"https:\/\/staging.nbg.eu\/cs\/wp-json\/wp\/v2\/product"}],"about":[{"href":"https:\/\/staging.nbg.eu\/cs\/wp-json\/wp\/v2\/types\/product"}],"wp:featuredmedia":[{"embeddable":true,"href":"https:\/\/staging.nbg.eu\/cs\/wp-json\/wp\/v2\/media\/37183"}],"wp:attachment":[{"href":"https:\/\/staging.nbg.eu\/cs\/wp-json\/wp\/v2\/media?parent=37555"}],"wp:term":[{"taxonomy":"product_brand","embeddable":true,"href":"https:\/\/staging.nbg.eu\/cs\/wp-json\/wp\/v2\/product_brand?post=37555"},{"taxonomy":"product_cat","embeddable":true,"href":"https:\/\/staging.nbg.eu\/cs\/wp-json\/wp\/v2\/product_cat?post=37555"},{"taxonomy":"product_tag","embeddable":true,"href":"https:\/\/staging.nbg.eu\/cs\/wp-json\/wp\/v2\/product_tag?post=37555"}],"curies":[{"name":"wp","href":"https:\/\/api.w.org\/{rel}","templated":true}]}}