{"id":37493,"date":"2024-09-02T16:37:54","date_gmt":"2024-09-02T16:37:54","guid":{"rendered":"https:\/\/staging.nbg.eu\/product\/bcm-kag-m-lok-compatible\/"},"modified":"2024-09-09T14:01:08","modified_gmt":"2024-09-09T14:01:08","slug":"bcm-kag-m-lok-kompatibilni","status":"publish","type":"product","link":"https:\/\/staging.nbg.eu\/cs\/produkt\/bcm-kag-m-lok-kompatibilni\/","title":{"rendered":"BCM\u00ae KAG &#8211; (M-LOK\u00ae kompatibiln\u00ed*)"},"content":{"rendered":"<div class=\"product-description\">\n<h2>BCM\u00ae KAG &#8211; Kinesthetick\u00e1 \u00fahlov\u00e1 rukoje\u0165 (kompatibiln\u00ed s M-LOK\u00ae*)<\/h2>\n<p>Vylep\u0161ete sv\u016fj st\u0159eleck\u00fd z\u00e1\u017eitek s BCM\u00ae KAG, kter\u00fd vznikl ve spolupr\u00e1ci BCM\u00ae a Travise Haleyho ze spole\u010dnosti Haley Strategic Partners. Tato inovativn\u00ed rukoje\u0165 nab\u00edz\u00ed:<\/p>\n<ul>\n<li>Biomechanicky efektivn\u00ed p\u0159edn\u00ed sklon pro pozitivn\u00ed \u00fachop<\/li>\n<li>\u00dalevu pro klouby z\u00e1p\u011bst\u00ed, lokte a ramene<\/li>\n<li>Texturovanou p\u0159edn\u00ed a zadn\u00ed \u010d\u00e1st pro konzistentn\u00ed uchopen\u00ed<\/li>\n<li>Ide\u00e1ln\u00ed pro \u00fachop typu &#8222;C-clamp&#8220; a podporovan\u00e9 st\u0159eleck\u00e9 pozice<\/li>\n<li>Kompaktn\u00ed design pro lep\u0161\u00ed manipulaci se zbran\u00ed<\/li>\n<li>Vyrobeno v USA z vysoce kvalitn\u00edch, n\u00e1razuvzdorn\u00fdch polymer\u016f<\/li>\n<\/ul>\n<p>Ergonomick\u00fd design KAG dopl\u0148uje modern\u00ed st\u0159eleck\u00e9 \u00fachopy, umo\u017e\u0148uje plynul\u00e9 p\u0159echody a zv\u00fd\u0161enou efektivitu bez p\u0159id\u00e1n\u00ed objemu va\u0161emu zbra\u0148ov\u00e9mu syst\u00e9mu.<\/p>\n<\/div>\n","protected":false},"excerpt":{"rendered":"<p>BCM\u00ae KAG: Ergonomick\u00e1 rukoje\u0165 M-LOK\u00ae pro lep\u0161\u00ed ovl\u00e1d\u00e1n\u00ed zbran\u011b.<\/p>\n","protected":false},"featured_media":37347,"template":"","meta":{"_acf_changed":false},"product_brand":[11055],"product_cat":[12725],"product_tag":[],"class_list":{"0":"post-37493","1":"product","2":"type-product","3":"status-publish","4":"has-post-thumbnail","6":"product_brand-bcm","7":"product_cat-nezarazeno","9":"first","10":"instock","11":"taxable","12":"shipping-taxable","13":"purchasable","14":"product-type-variable","15":"wvs-archive-product-wrapper"},"acf":[],"_links":{"self":[{"href":"https:\/\/staging.nbg.eu\/cs\/wp-json\/wp\/v2\/product\/37493","targetHints":{"allow":["GET"]}}],"collection":[{"href":"https:\/\/staging.nbg.eu\/cs\/wp-json\/wp\/v2\/product"}],"about":[{"href":"https:\/\/staging.nbg.eu\/cs\/wp-json\/wp\/v2\/types\/product"}],"wp:featuredmedia":[{"embeddable":true,"href":"https:\/\/staging.nbg.eu\/cs\/wp-json\/wp\/v2\/media\/37347"}],"wp:attachment":[{"href":"https:\/\/staging.nbg.eu\/cs\/wp-json\/wp\/v2\/media?parent=37493"}],"wp:term":[{"taxonomy":"product_brand","embeddable":true,"href":"https:\/\/staging.nbg.eu\/cs\/wp-json\/wp\/v2\/product_brand?post=37493"},{"taxonomy":"product_cat","embeddable":true,"href":"https:\/\/staging.nbg.eu\/cs\/wp-json\/wp\/v2\/product_cat?post=37493"},{"taxonomy":"product_tag","embeddable":true,"href":"https:\/\/staging.nbg.eu\/cs\/wp-json\/wp\/v2\/product_tag?post=37493"}],"curies":[{"name":"wp","href":"https:\/\/api.w.org\/{rel}","templated":true}]}}