{"id":37443,"date":"2024-09-02T10:45:09","date_gmt":"2024-09-09T13:24:56","guid":{"rendered":"https:\/\/staging.nbg.eu\/product\/condition-one-j-arm-45-1-70\/"},"modified":"2024-09-09T13:25:27","modified_gmt":"2024-09-09T13:25:27","slug":"condition-one-j-arm-45-170","status":"publish","type":"product","link":"https:\/\/staging.nbg.eu\/cs\/produkt\/condition-one-j-arm-45-170\/","title":{"rendered":"Condition One J-Arm 45\u00b0 1.70"},"content":{"rendered":"<div class=\"product-description\">\n<h2>Condition One J-Arm 45\u00b0 1,70<\/h2>\n<p>Vylep\u0161ete sv\u016fj modul\u00e1rn\u00ed dr\u017e\u00e1k Condition One (C.O.M.M.) s v\u0161estrann\u00fdm ramenem Condition One J-Arm. Toto nezbytn\u00e9 p\u0159\u00edslu\u0161enstv\u00ed nab\u00edz\u00ed bezkonkuren\u010dn\u00ed flexibilitu pro mont\u00e1\u017e r\u016fzn\u00fdch dopl\u0148k\u016f k va\u0161\u00ed sestav\u011b.<\/p>\n<ul>\n<li>45\u00b0 \u00fahel pro optim\u00e1ln\u00ed um\u00edst\u011bn\u00ed<\/li>\n<li>D\u00e9lka 1,70&#8243; pro p\u0159esn\u00e9 um\u00edst\u011bn\u00ed p\u0159\u00edslu\u0161enstv\u00ed<\/li>\n<li>Oboustrann\u00fd design &#8211; mo\u017enost mont\u00e1\u017ee vlevo nebo vpravo<\/li>\n<li>Nastaviteln\u00e1 poloha vp\u0159ed a vzad<\/li>\n<li>Vyrobeno z odoln\u00e9ho hlin\u00edku 7075-T6<\/li>\n<li>Povrchov\u00e1 \u00faprava Type III Hard Coat Anodized<\/li>\n<li>Dostupn\u00e9 v barv\u00e1ch Tan a \u010cern\u00e1<\/li>\n<\/ul>\n<p>P\u0159izp\u016fsobte si sv\u00e9 vybaven\u00ed snadno a efektivn\u011b. Adaptabiln\u00ed povaha J-Arm umo\u017e\u0148uje oper\u00e1tor\u016fm optimalizovat jejich sestavu pro jakoukoliv misi nebo preference. Za\u017eijte vynikaj\u00edc\u00ed kvalitu a funk\u010dnost s Condition One J-Arm 45\u00b0 1,70.<\/p>\n<\/div>\n","protected":false},"excerpt":{"rendered":"<p>Univerz\u00e1ln\u00ed 45\u00b0 J-rameno pro C.O.M.M. Odoln\u00fd hlin\u00edk, nastaviteln\u00e9.<\/p>\n","protected":false},"featured_media":35355,"template":"","meta":{"_acf_changed":false},"product_brand":[11083],"product_cat":[12686,12685,12709,12658],"product_tag":[],"class_list":{"0":"post-37443","1":"product","2":"type-product","3":"status-publish","4":"has-post-thumbnail","6":"product_brand-badger-ordnance","7":"product_cat-kolimatory","8":"product_cat-mireni","9":"product_cat-puska","10":"product_cat-rifle-tuning","12":"first","13":"instock","14":"taxable","15":"shipping-taxable","16":"purchasable","17":"product-type-simple"},"acf":[],"_links":{"self":[{"href":"https:\/\/staging.nbg.eu\/cs\/wp-json\/wp\/v2\/product\/37443","targetHints":{"allow":["GET"]}}],"collection":[{"href":"https:\/\/staging.nbg.eu\/cs\/wp-json\/wp\/v2\/product"}],"about":[{"href":"https:\/\/staging.nbg.eu\/cs\/wp-json\/wp\/v2\/types\/product"}],"wp:featuredmedia":[{"embeddable":true,"href":"https:\/\/staging.nbg.eu\/cs\/wp-json\/wp\/v2\/media\/35355"}],"wp:attachment":[{"href":"https:\/\/staging.nbg.eu\/cs\/wp-json\/wp\/v2\/media?parent=37443"}],"wp:term":[{"taxonomy":"product_brand","embeddable":true,"href":"https:\/\/staging.nbg.eu\/cs\/wp-json\/wp\/v2\/product_brand?post=37443"},{"taxonomy":"product_cat","embeddable":true,"href":"https:\/\/staging.nbg.eu\/cs\/wp-json\/wp\/v2\/product_cat?post=37443"},{"taxonomy":"product_tag","embeddable":true,"href":"https:\/\/staging.nbg.eu\/cs\/wp-json\/wp\/v2\/product_tag?post=37443"}],"curies":[{"name":"wp","href":"https:\/\/api.w.org\/{rel}","templated":true}]}}