{"id":36335,"date":"2024-07-30T18:54:40","date_gmt":"2024-09-02T13:54:26","guid":{"rendered":"https:\/\/staging.nbg.eu\/product\/mag-now-single-m4-pouch\/"},"modified":"2024-09-02T13:55:08","modified_gmt":"2024-09-02T13:55:08","slug":"mag-now-single-m4-kapsa","status":"publish","type":"product","link":"https:\/\/staging.nbg.eu\/cs\/produkt\/mag-now-single-m4-kapsa\/","title":{"rendered":"MAG NOW! SINGLE M4 kapsa"},"content":{"rendered":"<div class=\"product-description\">\n<h2>MAG NOW! SINGLE M4 POUCH od BlueForceGear<\/h2>\n<p>MAG NOW! SINGLE M4 POUCH je v\u0161estrann\u00e9 a odoln\u00e9 pouzdro na z\u00e1sobn\u00edk navr\u017een\u00e9 pro rychl\u00fd p\u0159\u00edstup a bezpe\u010dn\u00e9 uchov\u00e1n\u00ed. Mezi jeho vlastnosti pat\u0159\u00ed:<\/p>\n<ul>\n<li>Ultralehk\u00e1 konstrukce vyu\u017e\u00edvaj\u00edc\u00ed propriet\u00e1rn\u00ed materi\u00e1l ULTRAcomp<\/li>\n<li>Nastaviteln\u00e1 retence pro r\u016fzn\u00e9 typy z\u00e1sobn\u00edk\u016f<\/li>\n<li>Syst\u00e9m uchycen\u00ed kompatibiln\u00ed s MOLLE<\/li>\n<li>Oboustrann\u00fd design pro lev\u00e1ky i prav\u00e1ky<\/li>\n<li>N\u00edzkoprofilov\u00fd tvar pro sn\u00ed\u017een\u00ed objemu<\/li>\n<\/ul>\n<p>Ide\u00e1ln\u00ed pro arm\u00e1du, policii a sportovn\u00ed st\u0159elce, kte\u0159\u00ed vy\u017eaduj\u00ed rychlou v\u00fdm\u011bnu z\u00e1sobn\u00edk\u016f a spolehliv\u00e9 vybaven\u00ed.<\/p>\n<\/div>\n","protected":false},"excerpt":{"rendered":"<p>Bezpe\u010dn\u00e9 pouzdro na z\u00e1sobn\u00edk M4 s rychl\u00fdm p\u0159\u00edstupem. Odoln\u00fd, lehk\u00fd design.<\/p>\n","protected":false},"featured_media":34607,"template":"","meta":{"_acf_changed":false},"product_brand":[11125],"product_cat":[12652,12667,12676],"product_tag":[],"class_list":{"0":"post-36335","1":"product","2":"type-product","3":"status-publish","4":"has-post-thumbnail","6":"product_brand-blue-force-gear","7":"product_cat-drzaky-zasobniku","8":"product_cat-kapsy","9":"product_cat-vybaveni","11":"first","12":"instock","13":"taxable","14":"shipping-taxable","15":"purchasable","16":"product-type-variable","17":"wvs-archive-product-wrapper"},"acf":[],"_links":{"self":[{"href":"https:\/\/staging.nbg.eu\/cs\/wp-json\/wp\/v2\/product\/36335","targetHints":{"allow":["GET"]}}],"collection":[{"href":"https:\/\/staging.nbg.eu\/cs\/wp-json\/wp\/v2\/product"}],"about":[{"href":"https:\/\/staging.nbg.eu\/cs\/wp-json\/wp\/v2\/types\/product"}],"wp:featuredmedia":[{"embeddable":true,"href":"https:\/\/staging.nbg.eu\/cs\/wp-json\/wp\/v2\/media\/34607"}],"wp:attachment":[{"href":"https:\/\/staging.nbg.eu\/cs\/wp-json\/wp\/v2\/media?parent=36335"}],"wp:term":[{"taxonomy":"product_brand","embeddable":true,"href":"https:\/\/staging.nbg.eu\/cs\/wp-json\/wp\/v2\/product_brand?post=36335"},{"taxonomy":"product_cat","embeddable":true,"href":"https:\/\/staging.nbg.eu\/cs\/wp-json\/wp\/v2\/product_cat?post=36335"},{"taxonomy":"product_tag","embeddable":true,"href":"https:\/\/staging.nbg.eu\/cs\/wp-json\/wp\/v2\/product_tag?post=36335"}],"curies":[{"name":"wp","href":"https:\/\/api.w.org\/{rel}","templated":true}]}}