{"id":35732,"date":"2024-04-18T05:40:44","date_gmt":"2024-09-02T13:39:28","guid":{"rendered":"https:\/\/staging.nbg.eu\/product\/blue-force-gear-vickers-sling-1-25\/"},"modified":"2024-09-13T09:17:10","modified_gmt":"2024-09-13T09:17:10","slug":"blue-force-gear-vickers-popruh-125","status":"publish","type":"product","link":"https:\/\/staging.nbg.eu\/cs\/produkt\/blue-force-gear-vickers-popruh-125\/","title":{"rendered":"Blue Force Gear Vickers popruh, 1.25&#8243;"},"content":{"rendered":"<div class=\"product-description\">\n<h2>Blue Force Gear Vickers popruh, 1,25&#8243;<\/h2>\n<p>Vickers Combat Applications Sling\u2122 je taktick\u00fd popruh vyvinut\u00fd ve spolupr\u00e1ci s Larrym Vickersem, b\u00fdval\u00fdm \u010dlenem 1st SFOD-Delta a autorem Vickers Guide.<\/p>\n<ul>\n<li>Rychle nastaviteln\u00fd design pro rychl\u00e9 p\u0159echody<\/li>\n<li>\u0160\u00ed\u0159ka 1,25&#8243; pro optim\u00e1ln\u00ed rozlo\u017een\u00ed v\u00e1hy<\/li>\n<li>Pou\u017e\u00edvan\u00fd arm\u00e1dou USA<\/li>\n<li>Odoln\u00e1 konstrukce pro dlouhodob\u00e9 pou\u017e\u00edv\u00e1n\u00ed<\/li>\n<\/ul>\n<p>Tento popruh zlep\u0161uje manipulaci s pu\u0161kou a mobilitu. Je vhodn\u00fd pro profesion\u00e1ln\u00ed u\u017eivatele i nad\u0161ence.<\/p>\n<\/div>\n","protected":false},"excerpt":{"rendered":"<p>Taktick\u00fd popruh od Larryho Vickerse. Rychle nastaviteln\u00fd, vojensk\u00e9 kvality.<\/p>\n","protected":false},"featured_media":35733,"template":"","meta":{"_acf_changed":false},"product_brand":[11125],"product_cat":[12672,12676],"product_tag":[],"class_list":{"0":"post-35732","1":"product","2":"type-product","3":"status-publish","4":"has-post-thumbnail","6":"product_brand-blue-force-gear","7":"product_cat-remeny","8":"product_cat-vybaveni","10":"first","11":"instock","12":"taxable","13":"shipping-taxable","14":"purchasable","15":"product-type-variable","16":"wvs-archive-product-wrapper"},"acf":[],"_links":{"self":[{"href":"https:\/\/staging.nbg.eu\/cs\/wp-json\/wp\/v2\/product\/35732","targetHints":{"allow":["GET"]}}],"collection":[{"href":"https:\/\/staging.nbg.eu\/cs\/wp-json\/wp\/v2\/product"}],"about":[{"href":"https:\/\/staging.nbg.eu\/cs\/wp-json\/wp\/v2\/types\/product"}],"wp:featuredmedia":[{"embeddable":true,"href":"https:\/\/staging.nbg.eu\/cs\/wp-json\/wp\/v2\/media\/35733"}],"wp:attachment":[{"href":"https:\/\/staging.nbg.eu\/cs\/wp-json\/wp\/v2\/media?parent=35732"}],"wp:term":[{"taxonomy":"product_brand","embeddable":true,"href":"https:\/\/staging.nbg.eu\/cs\/wp-json\/wp\/v2\/product_brand?post=35732"},{"taxonomy":"product_cat","embeddable":true,"href":"https:\/\/staging.nbg.eu\/cs\/wp-json\/wp\/v2\/product_cat?post=35732"},{"taxonomy":"product_tag","embeddable":true,"href":"https:\/\/staging.nbg.eu\/cs\/wp-json\/wp\/v2\/product_tag?post=35732"}],"curies":[{"name":"wp","href":"https:\/\/api.w.org\/{rel}","templated":true}]}}