{"id":35511,"date":"2024-07-30T14:27:38","date_gmt":"2024-09-02T13:33:07","guid":{"rendered":"https:\/\/staging.nbg.eu\/product\/blueforcegear-grid-belt\/"},"modified":"2024-09-02T13:33:57","modified_gmt":"2024-09-02T13:33:57","slug":"blueforcegear-grid-opasek","status":"publish","type":"product","link":"https:\/\/staging.nbg.eu\/cs\/produkt\/blueforcegear-grid-opasek\/","title":{"rendered":"BlueForceGear GRID\u2122 opasek"},"content":{"rendered":"<p>Opasek BlueForceGear GRID\u2122 je v\u0161estrann\u00fd a odoln\u00fd taktick\u00fd opasek navr\u017een\u00fd pro maxim\u00e1ln\u00ed pohodl\u00ed a funk\u010dnost. D\u00edky inovativn\u00edmu syst\u00e9mu GRID\u2122 kompatibiln\u00edmu s MOLLE umo\u017e\u0148uje tento opasek p\u0159izp\u016fsobiteln\u00e9 p\u0159ipevn\u011bn\u00ed pouzder a p\u0159\u00edslu\u0161enstv\u00ed. Je vyroben z odoln\u00fdch materi\u00e1l\u016f a nab\u00edz\u00ed vynikaj\u00edc\u00ed pevnost a dlouhou \u017eivotnost.<\/p>\n<ul>\n<li>Lehk\u00fd, ale pevn\u00fd design<\/li>\n<li>Rychloup\u00ednac\u00ed p\u0159ezka cobra pro snadn\u00e9 nasazen\u00ed a sund\u00e1n\u00ed<\/li>\n<li>Nastaviteln\u00fd pro perfektn\u00ed p\u0159izp\u016fsoben\u00ed<\/li>\n<li>Kompatibiln\u00ed s pouzdry pro slu\u017eebn\u00ed a skryt\u00e9 no\u0161en\u00ed<\/li>\n<li>K dispozici v n\u011bkolika barv\u00e1ch a velikostech<\/li>\n<\/ul>\n<p>Za\u017eijte bezkonkuren\u010dn\u00ed podporu a flexibilitu s opaskem BlueForceGear GRID\u2122, ide\u00e1ln\u00edm pro p\u0159\u00edslu\u0161n\u00edky bezpe\u010dnostn\u00edch slo\u017eek, vojensk\u00fd person\u00e1l a taktick\u00e9 nad\u0161ence.<\/p>\n","protected":false},"excerpt":{"rendered":"<p>Odoln\u00fd, n\u00edzko profilov\u00fd taktick\u00fd opasek pro v\u0161estrann\u00e9 upevn\u011bn\u00ed vybaven\u00ed.<\/p>\n","protected":false},"featured_media":35512,"template":"","meta":{"_acf_changed":false},"product_brand":[11125],"product_cat":[12695,12676],"product_tag":[],"class_list":{"0":"post-35511","1":"product","2":"type-product","3":"status-publish","4":"has-post-thumbnail","6":"product_brand-blue-force-gear","7":"product_cat-takticke-opasky","8":"product_cat-vybaveni","10":"first","11":"instock","12":"taxable","13":"shipping-taxable","14":"purchasable","15":"product-type-variable","16":"wvs-archive-product-wrapper"},"acf":[],"_links":{"self":[{"href":"https:\/\/staging.nbg.eu\/cs\/wp-json\/wp\/v2\/product\/35511","targetHints":{"allow":["GET"]}}],"collection":[{"href":"https:\/\/staging.nbg.eu\/cs\/wp-json\/wp\/v2\/product"}],"about":[{"href":"https:\/\/staging.nbg.eu\/cs\/wp-json\/wp\/v2\/types\/product"}],"wp:featuredmedia":[{"embeddable":true,"href":"https:\/\/staging.nbg.eu\/cs\/wp-json\/wp\/v2\/media\/35512"}],"wp:attachment":[{"href":"https:\/\/staging.nbg.eu\/cs\/wp-json\/wp\/v2\/media?parent=35511"}],"wp:term":[{"taxonomy":"product_brand","embeddable":true,"href":"https:\/\/staging.nbg.eu\/cs\/wp-json\/wp\/v2\/product_brand?post=35511"},{"taxonomy":"product_cat","embeddable":true,"href":"https:\/\/staging.nbg.eu\/cs\/wp-json\/wp\/v2\/product_cat?post=35511"},{"taxonomy":"product_tag","embeddable":true,"href":"https:\/\/staging.nbg.eu\/cs\/wp-json\/wp\/v2\/product_tag?post=35511"}],"curies":[{"name":"wp","href":"https:\/\/api.w.org\/{rel}","templated":true}]}}